{"id":9805,"date":"2025-10-13T08:21:59","date_gmt":"2025-10-13T05:21:59","guid":{"rendered":"https:\/\/luxhoron.com\/product\/breitling-chronomat-blackeye\/"},"modified":"2025-12-16T20:17:55","modified_gmt":"2025-12-16T17:17:55","slug":"breitling-chronomat-blackeye","status":"publish","type":"product","link":"https:\/\/luxhoron.com\/fr\/product\/breitling-chronomat-blackeye\/","title":{"rendered":"Breitling Chronomat Blackeye"},"content":{"rendered":"<p>Paul &#8211; Herrenuhr <\/p>\n<p> &#8211; Stil &#8211; klassische Musik\/Casual <\/p>\n<p><strong><strong><\/strong><\/strong><strong><strong><\/strong><\/strong><strong><strong>MECHANISMUS<\/strong><\/strong> <strong><strong><\/strong><\/strong> <strong><strong><\/strong><\/strong><strong><strong><\/strong><\/strong> <\/p>\n<p> Mechanismus &#8211; Schweiz <\/p>\n<p> Typ des Mechanismus &#8211; Mechanik mit automatischem Aufzug <\/p>\n<p> Kaliber ETA &#8211; cal. 7750 <\/p>\n<p> Funktionen &#8211; Stunden-und Minutenzeiger, Sekundenzeiger, Datum, Chronograph <\/p>\n<p> Gangreserve von Etwa 42 Stunden <\/p>\n<p><strong><strong><br \/>ZIFFERBLATT<\/br><\/strong><\/strong> <\/p>\n<p> Farbe &#8211; Grau <\/p>\n<p> Glas &#8211; Saphirglas <\/p>\n<p> <strong><strong><br \/>&#8211; GEH\u00c4USE<\/br><\/strong><\/strong> <\/p>\n<p> &#8211; Material Geh\u00e4use &#8211; Edelstahl 316L <\/p>\n<p> Geh\u00e4use-Farbe &#8211; Stahl &#8211; <\/p>\n<p> Geh\u00e4useform &#8211; Rund <\/p>\n<p> Geh\u00e4usedurchmesser &#8211; 41 mm <\/p>\n<p> Material L\u00fcnette &#8211; Stahl Geschliffen <\/p>\n<p> Wasserdicht Bis 5 ATM. <\/p>\n<p> <strong><strong>ARMBAND<\/strong><\/strong> <\/p>\n<p> &#8211; Armband &#8211; Stahl &#8211; <\/p>\n<p> Verschluss &#8211; Branded ausziehbares Clip <\/p>\n<p> <\/br><\/br><\/br><\/br><\/br><\/br><\/br><\/br><\/br><\/br><\/br><\/br><\/br><\/br><\/br><\/br><\/br><\/br><\/br><\/br><\/br><\/br><\/br><\/br><\/br><\/br><\/br><\/br><\/br><\/br><\/br><\/br><\/br><\/br><\/br><\/br><\/br><\/br><\/br><\/br><\/br><\/br><\/br><\/br><\/br><br \/>Geschlecht &#8211; Herren-Uhr <\/p>\n<p> &#8211; Stil &#8211; klassische Musik\/Casual <\/p>\n<p><strong><strong><\/strong><\/strong><strong><strong><\/strong><\/strong><strong><strong>MECHANISMUS<\/strong><\/strong> <strong><strong><\/strong><\/strong> <strong><strong><\/strong><\/strong><strong><strong><\/strong><\/strong> <\/p>\n<p> Mechanismus &#8211; Schweiz <\/p>\n<p> Typ des Mechanismus &#8211; Mechanik mit automatischem Aufzug <\/p>\n<p> Kaliber ETA &#8211; cal. 7750 <\/p>\n<p> Funktionen &#8211; Stunden-und Minutenzeiger, Sekundenzeiger, Datum, Chronograph <\/p>\n<p> Gangreserve von Etwa 42 Stunden <\/p>\n<p><strong><strong><br \/>ZIFFERBLATT<\/br><\/strong><\/strong> <\/p>\n<p> Farbe &#8211; Grau <\/p>\n<p> Glas &#8211; Saphirglas <\/p>\n<p> <strong><strong><br \/>&#8211; GEH\u00c4USE<\/br><\/strong><\/strong> <\/p>\n<p> &#8211; Material Geh\u00e4use &#8211; Edelstahl 316L <\/p>\n<p> Geh\u00e4use-Farbe &#8211; Stahl &#8211; <\/p>\n<p> Geh\u00e4useform &#8211; Rund <\/p>\n<p> Geh\u00e4usedurchmesser &#8211; 41 mm <\/p>\n<p> Material L\u00fcnette &#8211; Stahl Geschliffen <\/p>\n<p> Wasserdicht Bis 5 ATM. <\/p>\n<p> <strong><strong>ARMBAND<\/strong><\/strong> <\/p>\n<p> &#8211; Armband &#8211; Stahl &#8211; <\/p>\n<p> Verschluss &#8211; Branded ausziehbares Clip <\/p>\n<p> <\/br><\/br><\/br><\/br><\/br><\/br><\/br><\/br><\/br><\/br><\/br><\/br><\/br><\/br><\/br><\/br><\/br><\/br><\/br><\/br><\/br><\/br><\/br><\/br><\/br><\/br><\/br><\/br><\/br><\/br><\/br><\/br><\/br><\/br><\/br><\/br><\/br><\/br><\/br><\/br><\/br><\/br><\/br><\/br><\/br><\/p>","protected":false},"excerpt":{"rendered":"<p>Paul &#8211; Herrenuhr &#8211; Stil &#8211; klassische Musik\/Casual MECHANISMUS Mechanismus &#8211; Schweiz Typ des Mechanismus &#8211; Mechanik mit automatischem Aufzug Kaliber ETA &#8211; cal. 7750 Funktionen &#8211; Stunden-und Minutenzeiger, Sekundenzeiger, Datum, Chronograph Gangreserve von Etwa 42 Stunden ZIFFERBLATT Farbe &#8211; Grau Glas &#8211; Saphirglas &#8211; GEH\u00c4USE &#8211; Material Geh\u00e4use &#8211; Edelstahl 316L Geh\u00e4use-Farbe &#8211; Stahl [&hellip;]<\/p>","protected":false},"featured_media":9806,"template":"","meta":{"_acf_changed":false,"inline_featured_image":false},"product_brand":[],"product_cat":[1244,1384,1068],"product_tag":[],"class_list":{"0":"post-9805","1":"product","2":"type-product","3":"status-publish","4":"has-post-thumbnail","6":"product_cat-breitling","7":"product_cat-chronomat","8":"product_cat-uhr","9":"pa_armband-stahl","10":"pa_farbe-grau","11":"pa_form-des-gehaeuses-runde","12":"pa_funktionen-die-stunden-und-minutenzeiger-sekundenzeiger-datum-chronograph","13":"pa_gangreserve-ungefaehr-42-stunden","14":"pa_gehaeusedurchmesser-41-mm","15":"pa_gehaeusefarbe-stahl","16":"pa_gehaeusematerial-stahl-316l","17":"pa_geschlecht-mens-watch-style","18":"pa_kaliber-eta-cal-7750","19":"pa_material-luenette-aus-gebuerstetem-stahl","20":"pa_stil-klassische-musik-casual","21":"pa_typ-stahl","22":"pa_typ-des-mechanismus-mechanik-mit-automatischem-aufzug","23":"pa_verschluss-branded-ausziehbares-clip","25":"first","26":"instock","27":"purchasable","28":"product-type-simple"},"acf":[],"_links":{"self":[{"href":"https:\/\/luxhoron.com\/fr\/wp-json\/wp\/v2\/product\/9805","targetHints":{"allow":["GET"]}}],"collection":[{"href":"https:\/\/luxhoron.com\/fr\/wp-json\/wp\/v2\/product"}],"about":[{"href":"https:\/\/luxhoron.com\/fr\/wp-json\/wp\/v2\/types\/product"}],"wp:featuredmedia":[{"embeddable":true,"href":"https:\/\/luxhoron.com\/fr\/wp-json\/wp\/v2\/media\/9806"}],"wp:attachment":[{"href":"https:\/\/luxhoron.com\/fr\/wp-json\/wp\/v2\/media?parent=9805"}],"wp:term":[{"taxonomy":"product_brand","embeddable":true,"href":"https:\/\/luxhoron.com\/fr\/wp-json\/wp\/v2\/product_brand?post=9805"},{"taxonomy":"product_cat","embeddable":true,"href":"https:\/\/luxhoron.com\/fr\/wp-json\/wp\/v2\/product_cat?post=9805"},{"taxonomy":"product_tag","embeddable":true,"href":"https:\/\/luxhoron.com\/fr\/wp-json\/wp\/v2\/product_tag?post=9805"}],"curies":[{"name":"wp","href":"https:\/\/api.w.org\/{rel}","templated":true}]}}