{"id":9714,"date":"2025-10-13T08:19:04","date_gmt":"2025-10-13T05:19:04","guid":{"rendered":"https:\/\/luxhoron.com\/product\/omega-planet-ocean-seamaster-7\/"},"modified":"2025-12-16T20:26:22","modified_gmt":"2025-12-16T17:26:22","slug":"omega-planet-ocean-seamaster-7","status":"publish","type":"product","link":"https:\/\/luxhoron.com\/fr\/product\/omega-planet-ocean-seamaster-7\/","title":{"rendered":"Omega Planet Ocean Seamaster"},"content":{"rendered":"<p>Kollektion mit der Seamaster Diver 300M <br \/> Paul -Herrenuhr <br \/> Stil &#8211; Klassiker <\/p>\n<p> <strong><strong>MECHANISMUS<\/strong><\/strong> <br \/> Mechanismus &#8211; Schweiz <br \/> Typ des Mechanismus &#8211; Mechanik mit automatischem Aufzug <br \/> Kaliber Mechanismus &#8211; Omega cal.8800 <br \/> Funktionen -Stunden-und Minutenzeiger, Sekundenzeiger, Datum, <br \/> Gangreserve von Etwa 42 Stunden <\/p>\n<p> <strong><strong>ZIFFERBLATT<\/strong><\/strong> <br \/> Glas &#8211; Saphirglas <br \/> Zifferblatt &#8211; Guilloche &#8211; <br \/> Zifferblatt Farbe -Schwarz <br \/> Indexe &#8211; Zeiger <\/p>\n<p> <strong><strong>GEH\u00c4USE<\/strong><\/strong> <br \/>&#8211; Material Geh\u00e4use &#8211; Edelstahl 316L <br \/> Geh\u00e4use-Farbe -Stahl &#8211; <br \/> Geh\u00e4useform &#8211; Rund <br \/> Geh\u00e4usedurchmesser -42 mm <br \/>Material L\u00fcnette &#8211; geb\u00fcrsteter Edelstahl, Gl\u00e4nzende Keramik <br \/>Wasserdicht Bis 10 ATM. <br \/> <strong><strong><br \/>ARMBAND<\/br><\/strong><\/strong> <br \/> &#8211; Armband -Gummiband <br \/> &#8211; Verschluss &#8211; Branded ausziehbares Mini <br \/><\/br><\/br><\/br><\/br><\/br><\/br><\/br><\/br><\/br><\/br><\/br><\/br><\/br><\/br><\/br><\/br><\/br><\/br><\/br><\/br><\/br><\/br><\/br><\/br><\/br><\/br><\/br><br \/>&#8211; Kollektion mit der Seamaster Diver 300M <br \/> Paul -Herrenuhr <br \/> Stil &#8211; Klassiker <\/p>\n<p> <strong><strong>MECHANISMUS<\/strong><\/strong> <br \/> Mechanismus &#8211; Schweiz <br \/> Typ des Mechanismus &#8211; Mechanik mit automatischem Aufzug <br \/> Kaliber Mechanismus &#8211; Omega cal.8800 <br \/> Funktionen -Stunden-und Minutenzeiger, Sekundenzeiger, Datum, <br \/> Gangreserve von Etwa 42 Stunden <\/p>\n<p> <strong><strong>ZIFFERBLATT<\/strong><\/strong> <br \/> Glas &#8211; Saphirglas <br \/> Zifferblatt &#8211; Guilloche &#8211; <br \/> Zifferblatt Farbe -Schwarz <br \/> Indexe &#8211; Zeiger <\/p>\n<p> <strong><strong>GEH\u00c4USE<\/strong><\/strong> <br \/>&#8211; Material Geh\u00e4use &#8211; Edelstahl 316L <br \/> Geh\u00e4use-Farbe -Stahl &#8211; <br \/> Geh\u00e4useform &#8211; Rund <br \/> Geh\u00e4usedurchmesser -42 mm <br \/>Material L\u00fcnette &#8211; geb\u00fcrsteter Edelstahl, Gl\u00e4nzende Keramik <br \/>Wasserdicht Bis 10 ATM. <br \/> <strong><strong><br \/>ARMBAND<\/br><\/strong><\/strong> <br \/> &#8211; Armband -Gummiband <br \/> &#8211; Verschluss &#8211; Branded ausziehbares Clip <br \/><\/br><\/br><\/br><\/br><\/br><\/br><\/br><\/br><\/br><\/br><\/br><\/br><\/br><\/br><\/br><\/br><\/br><\/br><\/br><\/br><\/br><\/br><\/br><\/br><\/br><\/br><\/br><\/p>","protected":false},"excerpt":{"rendered":"<p>Kollektion mit der Seamaster Diver 300M Paul -Herrenuhr Stil &#8211; Klassiker MECHANISMUS Mechanismus &#8211; Schweiz Typ des Mechanismus &#8211; Mechanik mit automatischem Aufzug Kaliber Mechanismus &#8211; Omega cal.8800 Funktionen -Stunden-und Minutenzeiger, Sekundenzeiger, Datum, Gangreserve von Etwa 42 Stunden ZIFFERBLATT Glas &#8211; Saphirglas Zifferblatt &#8211; Guilloche &#8211; Zifferblatt Farbe -Schwarz Indexe &#8211; Zeiger GEH\u00c4USE &#8211; Material [&hellip;]<\/p>","protected":false},"featured_media":9715,"template":"","meta":{"_acf_changed":false,"inline_featured_image":false},"product_brand":[],"product_cat":[1069,1284,1068],"product_tag":[],"class_list":{"0":"post-9714","1":"product","2":"type-product","3":"status-publish","4":"has-post-thumbnail","6":"product_cat-omega","7":"product_cat-seamaster","8":"product_cat-uhr","9":"pa_armband-rubber","10":"pa_farbe-silber","11":"pa_farbe-des-zifferblatts-schwarz","12":"pa_form-des-gehaeuses-round","13":"pa_funktionen-die-stunden-und-minutenzeiger-sekundenzeiger-datum","14":"pa_gangreserve-ungefaehr-42-stunden","15":"pa_gehaeusedurchmesser-42-mm","16":"pa_gehaeusefarbe-stahl","17":"pa_gehaeusematerial-polierter-stahl-316l","18":"pa_geschlecht-herrenuhr","19":"pa_kaliber-mechanismus-omega-cal-8800","20":"pa_material-luenette-gebuersteter-edelstahl-glaenzende-keramik","21":"pa_sammlung-seamaster-diver-300m","22":"pa_stil-klassiker","23":"pa_stundenmarker-zeiger","24":"pa_typ-kautschuk","25":"pa_typ-des-mechanismus-mechanik-mit-automatischem-aufzug","26":"pa_verschluss-branded-ausziehbares-clip","27":"pa_zifferblatt-guillochiert","29":"first","30":"instock","31":"purchasable","32":"product-type-simple"},"acf":[],"_links":{"self":[{"href":"https:\/\/luxhoron.com\/fr\/wp-json\/wp\/v2\/product\/9714","targetHints":{"allow":["GET"]}}],"collection":[{"href":"https:\/\/luxhoron.com\/fr\/wp-json\/wp\/v2\/product"}],"about":[{"href":"https:\/\/luxhoron.com\/fr\/wp-json\/wp\/v2\/types\/product"}],"wp:featuredmedia":[{"embeddable":true,"href":"https:\/\/luxhoron.com\/fr\/wp-json\/wp\/v2\/media\/9715"}],"wp:attachment":[{"href":"https:\/\/luxhoron.com\/fr\/wp-json\/wp\/v2\/media?parent=9714"}],"wp:term":[{"taxonomy":"product_brand","embeddable":true,"href":"https:\/\/luxhoron.com\/fr\/wp-json\/wp\/v2\/product_brand?post=9714"},{"taxonomy":"product_cat","embeddable":true,"href":"https:\/\/luxhoron.com\/fr\/wp-json\/wp\/v2\/product_cat?post=9714"},{"taxonomy":"product_tag","embeddable":true,"href":"https:\/\/luxhoron.com\/fr\/wp-json\/wp\/v2\/product_tag?post=9714"}],"curies":[{"name":"wp","href":"https:\/\/api.w.org\/{rel}","templated":true}]}}