{"id":9404,"date":"2025-10-13T08:10:57","date_gmt":"2025-10-13T05:10:57","guid":{"rendered":"https:\/\/luxhoron.com\/product\/breitling-superocean-10\/"},"modified":"2025-12-16T20:17:56","modified_gmt":"2025-12-16T17:17:56","slug":"breitling-superocean-10","status":"publish","type":"product","link":"https:\/\/luxhoron.com\/fr\/product\/breitling-superocean-10\/","title":{"rendered":"Breitling Superocean"},"content":{"rendered":"<p>Original Preis 4800 $<br \/>Geschlecht &#8211; Herren-Uhr<br \/>&#8211; Stil &#8211; klassische Musik\/Casual<\/p>\n<p><strong>MECHANISMUS<\/strong><\/p>\n<p>Mechanismus &#8211; Schweiz<br \/>Typ des Mechanismus &#8211; Mechanik mit automatischem Aufzug<br \/>Kaliber ETA &#8211; cal. 7750<br \/>Funktionen &#8211; Stunden-und Minutenzeiger, Sekundenzeiger, Datum<br \/>Gangreserve von Etwa 42 Stunden<\/p>\n<p><strong>ZIFFERBLATT<\/strong><\/p>\n<p>Farbe: Schwarz<br \/>Glas Saphirglas<\/p>\n<p><strong>GEH\u00c4USE<\/strong><\/p>\n<p>&#8211; Material Geh\u00e4use &#8211; Edelstahl 316L<br \/>Geh\u00e4use-Farbe &#8211; Stahl &#8211;<br \/>Geh\u00e4useform &#8211; Rund<br \/>&#8211; Durchmesser des Geh\u00e4uses betr\u00e4gt 42mm<br \/>Material L\u00fcnette Keramik<br \/>Wasserdicht Bis 5 ATM.<\/p>\n<p><strong>ARMBAND<\/strong><\/p>\n<p>&#8211; Armband &#8211; Kautschuk<br \/>Verschluss &#8211; Branded ausziehbares Clip<\/br><\/br><\/br><\/br><\/br><\/br><\/br><\/br><\/br><\/br><\/br><\/br><\/br><\/br><\/br><\/br><\/br><\/br><\/br><\/br><\/br><\/br><\/br><\/br><\/br><\/br><\/br><\/br><\/br><\/br><\/br><\/br><br \/>Original Preis 4800 $<br \/>Geschlecht &#8211; Herren-Uhr<br \/>&#8211; Stil &#8211; klassische Musik\/Casual<\/p>\n<p><strong>MECHANISMUS<\/strong><\/p>\n<p>Mechanismus &#8211; Schweiz<br \/>Typ des Mechanismus &#8211; Mechanik mit automatischem Aufzug<br \/>Kaliber ETA &#8211; cal. 7750<br \/>Funktionen &#8211; Stunden-und Minutenzeiger, Sekundenzeiger, Datum<br \/>Gangreserve von Etwa 42 Stunden<\/p>\n<p><strong>ZIFFERBLATT<\/strong><\/p>\n<p>Farbe: Schwarz<br \/>Glas Saphirglas<\/p>\n<p><strong>GEH\u00c4USE<\/strong><\/p>\n<p>&#8211; Material Geh\u00e4use &#8211; Edelstahl 316L<br \/>Geh\u00e4use-Farbe &#8211; Stahl &#8211;<br \/>Geh\u00e4useform &#8211; Rund<br \/>&#8211; Durchmesser des Geh\u00e4uses betr\u00e4gt 42mm<br \/>Material L\u00fcnette Keramik<br \/>Wasserdicht Bis 5 ATM.<\/p>\n<p><strong>ARMBAND<\/strong><\/p>\n<p>&#8211; Armband &#8211; Kautschuk<br \/>Verschluss &#8211; Branded ausziehbares Clip<\/br><\/br><\/br><\/br><\/br><\/br><\/br><\/br><\/br><\/br><\/br><\/br><\/br><\/br><\/br><\/br><\/br><\/br><\/br><\/br><\/br><\/br><\/br><\/br><\/br><\/br><\/br><\/br><\/br><\/br><\/br><\/br><\/p>","protected":false},"excerpt":{"rendered":"<p>Original Preis 4800 $Geschlecht &#8211; Herren-Uhr&#8211; Stil &#8211; klassische Musik\/Casual MECHANISMUS Mechanismus &#8211; SchweizTyp des Mechanismus &#8211; Mechanik mit automatischem AufzugKaliber ETA &#8211; cal. 7750Funktionen &#8211; Stunden-und Minutenzeiger, Sekundenzeiger, DatumGangreserve von Etwa 42 Stunden ZIFFERBLATT Farbe: SchwarzGlas Saphirglas GEH\u00c4USE &#8211; Material Geh\u00e4use &#8211; Edelstahl 316LGeh\u00e4use-Farbe &#8211; Stahl &#8211;Geh\u00e4useform &#8211; Rund&#8211; Durchmesser des Geh\u00e4uses betr\u00e4gt 42mmMaterial [&hellip;]<\/p>","protected":false},"featured_media":9405,"template":"","meta":{"_acf_changed":false,"inline_featured_image":false},"product_brand":[],"product_cat":[1244,1343,1068],"product_tag":[],"class_list":{"0":"post-9404","1":"product","2":"type-product","3":"status-publish","4":"has-post-thumbnail","6":"product_cat-breitling","7":"product_cat-superocean","8":"product_cat-uhr","9":"pa_armband-kautschuk","10":"pa_farbe-schwarz","11":"pa_form-des-gehaeuses-runde","12":"pa_funktionen-die-stunden-und-minutenzeiger-sekundenzeiger-datum","13":"pa_gangreserve-ungefaehr-42-stunden","14":"pa_gehaeusedurchmesser-42-mm","15":"pa_gehaeusefarbe-stahl","16":"pa_gehaeusematerial-stahl-316l","17":"pa_geschlecht-mens-watch-style","18":"pa_kaliber-eta-cal-7750","19":"pa_material-luenette-keramik","20":"pa_stil-klassische-musik-casual","21":"pa_typ-des-mechanismus-mechanik-mit-automatischem-aufzug","22":"pa_verschluss-branded-ausziehbares-clip","24":"first","25":"instock","26":"purchasable","27":"product-type-simple"},"acf":[],"_links":{"self":[{"href":"https:\/\/luxhoron.com\/fr\/wp-json\/wp\/v2\/product\/9404","targetHints":{"allow":["GET"]}}],"collection":[{"href":"https:\/\/luxhoron.com\/fr\/wp-json\/wp\/v2\/product"}],"about":[{"href":"https:\/\/luxhoron.com\/fr\/wp-json\/wp\/v2\/types\/product"}],"wp:featuredmedia":[{"embeddable":true,"href":"https:\/\/luxhoron.com\/fr\/wp-json\/wp\/v2\/media\/9405"}],"wp:attachment":[{"href":"https:\/\/luxhoron.com\/fr\/wp-json\/wp\/v2\/media?parent=9404"}],"wp:term":[{"taxonomy":"product_brand","embeddable":true,"href":"https:\/\/luxhoron.com\/fr\/wp-json\/wp\/v2\/product_brand?post=9404"},{"taxonomy":"product_cat","embeddable":true,"href":"https:\/\/luxhoron.com\/fr\/wp-json\/wp\/v2\/product_cat?post=9404"},{"taxonomy":"product_tag","embeddable":true,"href":"https:\/\/luxhoron.com\/fr\/wp-json\/wp\/v2\/product_tag?post=9404"}],"curies":[{"name":"wp","href":"https:\/\/api.w.org\/{rel}","templated":true}]}}