{"id":9385,"date":"2025-10-13T08:10:57","date_gmt":"2025-10-13T05:10:57","guid":{"rendered":"https:\/\/luxhoron.com\/product\/breitling-superocean-44-mm-volcano-black-5\/"},"modified":"2025-10-13T08:13:29","modified_gmt":"2025-10-13T05:13:29","slug":"breitling-superocean-44-mm-volcano-black-5","status":"publish","type":"product","link":"https:\/\/luxhoron.com\/fr\/product\/breitling-superocean-44-mm-volcano-black-5\/","title":{"rendered":"Breitling Superocean 44 mm Volcano Black"},"content":{"rendered":"<p>Original Preis 4800 $ <\/p>\n<p> Geschlecht &#8211; Herren-Uhr <\/p>\n<p> &#8211; Stil &#8211; klassische Musik\/Casual <\/p>\n<p> <strong><strong><\/strong><\/strong> <\/p>\n<p> <strong><strong>MECHANISMUS<\/strong><\/strong> <\/p>\n<p> Mechanismus &#8211; Schweiz <\/p>\n<p> Typ des Mechanismus &#8211; Mechanik mit automatischem Aufzug <\/p>\n<p> Kaliber ETA &#8211; cal. 7750 <\/p>\n<p> Funktionen &#8211; Stunden-und Minutenzeiger, Sekundenzeiger, Datum <\/p>\n<p> Gangreserve von Etwa 42 Stunden <br \/><strong><strong><\/p>\n<p>ZIFFERNBLATT<\/br><\/br><\/strong><\/strong> <\/p>\n<p> Farbe Wei\u00df <\/p>\n<p> Glas gew\u00f6lbtes Saphirglas <\/p>\n<p> <strong><strong><br \/>GEH\u00c4USE<\/br><\/strong><\/strong> <\/p>\n<p> &#8211; Material Geh\u00e4use &#8211; Stahl 316L satiniert <\/p>\n<p> Geh\u00e4use-Farbe &#8211; Stahl &#8211; <\/p>\n<p> Geh\u00e4useform &#8211; Rund <\/p>\n<p> Geh\u00e4usedurchmesser von 44 mm <\/p>\n<p> Material L\u00fcnette &#8211; Stahl Geschliffen <\/p>\n<p> Wasserdicht Bis 5 ATM. <\/p>\n<p> <strong><strong><br \/>ARMBAND<\/br><\/strong><\/strong> <\/p>\n<p> &#8211; Armband &#8211; Stahl <\/p>\n<p> &#8211; Verschluss &#8211; Branded ausziehbares Clip <\/p>\n<p><\/br><\/br><\/br><\/br><\/br><\/br><\/br><\/br><\/br><\/br><\/br><\/br><\/br><\/br><\/br><\/br><\/br><\/br><\/br><\/br><\/br><\/br><\/br><\/br><\/br><\/br><\/br><\/br><\/br><\/br><\/br><\/br><\/br><\/br><\/br><\/br><\/br><\/br><\/br><\/br><\/br><\/br><\/br><\/br><\/br><\/br><br \/>Original Preis 4800 $ <\/p>\n<p> Geschlecht &#8211; Herren-Uhr <\/p>\n<p> &#8211; Stil &#8211; klassische Musik\/Casual <\/p>\n<p> <strong><strong><\/strong><\/strong> <\/p>\n<p> <strong><strong>MECHANISMUS<\/strong><\/strong> <\/p>\n<p> Mechanismus &#8211; Schweiz <\/p>\n<p> Typ des Mechanismus &#8211; Mechanik mit automatischem Aufzug <\/p>\n<p> Kaliber ETA &#8211; cal. 7750 <\/p>\n<p> Funktionen &#8211; Stunden-und Minutenzeiger, Sekundenzeiger, Datum <\/p>\n<p> Gangreserve von Etwa 42 Stunden <br \/><strong><strong><\/p>\n<p>ZIFFERNBLATT<\/br><\/br><\/strong><\/strong> <\/p>\n<p> Farbe Wei\u00df <\/p>\n<p> Glas gew\u00f6lbtes Saphirglas <\/p>\n<p> <strong><strong><br \/>GEH\u00c4USE<\/br><\/strong><\/strong> <\/p>\n<p> &#8211; Material Geh\u00e4use &#8211; Stahl 316L satiniert <\/p>\n<p> Geh\u00e4use-Farbe &#8211; Stahl &#8211; <\/p>\n<p> Geh\u00e4useform &#8211; Rund <\/p>\n<p> Geh\u00e4usedurchmesser von 44 mm <\/p>\n<p> Material L\u00fcnette &#8211; Stahl Geschliffen <\/p>\n<p> Wasserdicht Bis 5 ATM. <\/p>\n<p> <strong><strong><br \/>ARMBAND<\/br><\/strong><\/strong> <\/p>\n<p> &#8211; Armband &#8211; Stahl <\/p>\n<p> &#8211; Verschluss &#8211; Branded ausziehbares Clip <\/p>\n<p><\/br><\/br><\/br><\/br><\/br><\/br><\/br><\/br><\/br><\/br><\/br><\/br><\/br><\/br><\/br><\/br><\/br><\/br><\/br><\/br><\/br><\/br><\/br><\/br><\/br><\/br><\/br><\/br><\/br><\/br><\/br><\/br><\/br><\/br><\/br><\/br><\/br><\/br><\/br><\/br><\/br><\/br><\/br><\/br><\/br><\/br><\/p>","protected":false},"excerpt":{"rendered":"<p>Original Preis 4800 $ Geschlecht &#8211; Herren-Uhr &#8211; Stil &#8211; klassische Musik\/Casual MECHANISMUS Mechanismus &#8211; Schweiz Typ des Mechanismus &#8211; Mechanik mit automatischem Aufzug Kaliber ETA &#8211; cal. 7750 Funktionen &#8211; Stunden-und Minutenzeiger, Sekundenzeiger, Datum Gangreserve von Etwa 42 Stunden ZIFFERNBLATT Farbe Wei\u00df Glas gew\u00f6lbtes Saphirglas GEH\u00c4USE &#8211; Material Geh\u00e4use &#8211; Stahl 316L satiniert Geh\u00e4use-Farbe [&hellip;]<\/p>","protected":false},"featured_media":9386,"template":"","meta":{"_acf_changed":false,"inline_featured_image":false},"product_brand":[],"product_cat":[1244,1343,1068],"product_tag":[],"class_list":{"0":"post-9385","1":"product","2":"type-product","3":"status-publish","4":"has-post-thumbnail","6":"product_cat-breitling","7":"product_cat-superocean","8":"product_cat-uhr","9":"pa_armband-stahl","10":"pa_farbe-weiss","11":"pa_form-des-gehaeuses-runde","12":"pa_funktionen-die-stunden-und-minutenzeiger-sekundenzeiger-datum","13":"pa_gangreserve-ungefaehr-42-stunden","14":"pa_gehaeusedurchmesser-44-mm","15":"pa_gehaeusefarbe-stahl","16":"pa_gehaeusematerial-stahl-316l-satiniert","17":"pa_geschlecht-mens-watch-style","18":"pa_kaliber-eta-cal-7750","19":"pa_material-luenette-aus-gebuerstetem-stahl","20":"pa_stil-klassische-musik-casual","21":"pa_typ-stahl","22":"pa_typ-des-mechanismus-mechanik-mit-automatischem-aufzug","23":"pa_verschluss-branded-ausziehbares-clip","25":"first","26":"instock","27":"purchasable","28":"product-type-simple"},"acf":[],"_links":{"self":[{"href":"https:\/\/luxhoron.com\/fr\/wp-json\/wp\/v2\/product\/9385","targetHints":{"allow":["GET"]}}],"collection":[{"href":"https:\/\/luxhoron.com\/fr\/wp-json\/wp\/v2\/product"}],"about":[{"href":"https:\/\/luxhoron.com\/fr\/wp-json\/wp\/v2\/types\/product"}],"wp:featuredmedia":[{"embeddable":true,"href":"https:\/\/luxhoron.com\/fr\/wp-json\/wp\/v2\/media\/9386"}],"wp:attachment":[{"href":"https:\/\/luxhoron.com\/fr\/wp-json\/wp\/v2\/media?parent=9385"}],"wp:term":[{"taxonomy":"product_brand","embeddable":true,"href":"https:\/\/luxhoron.com\/fr\/wp-json\/wp\/v2\/product_brand?post=9385"},{"taxonomy":"product_cat","embeddable":true,"href":"https:\/\/luxhoron.com\/fr\/wp-json\/wp\/v2\/product_cat?post=9385"},{"taxonomy":"product_tag","embeddable":true,"href":"https:\/\/luxhoron.com\/fr\/wp-json\/wp\/v2\/product_tag?post=9385"}],"curies":[{"name":"wp","href":"https:\/\/api.w.org\/{rel}","templated":true}]}}