{"id":9298,"date":"2025-10-13T08:08:11","date_gmt":"2025-10-13T05:08:11","guid":{"rendered":"https:\/\/luxhoron.com\/product\/rolex-cosmograph-daytona-gold\/"},"modified":"2025-10-13T08:09:25","modified_gmt":"2025-10-13T05:09:25","slug":"rolex-cosmograph-daytona-gold","status":"publish","type":"product","link":"https:\/\/luxhoron.com\/fr\/product\/rolex-cosmograph-daytona-gold\/","title":{"rendered":"Rolex Cosmograph Daytona En Or"},"content":{"rendered":"<p>Sammlung &#8211; Daytona<br \/>Paul &#8211; Damenuhr\/Herrenuhr<br \/>&#8211; Stil &#8211; klassische Musik\/Casual<\/p>\n<p><strong>MECHANISMUS<\/strong><br \/>Mechanismus &#8211; Schweiz<br \/>Typ des Mechanismus &#8211; Mechanik mit automatischem Aufzug<br \/>Kaliber &#8211; Mechanismus Klon Rolex cal. 4130<br \/>Funktionen &#8211; Stunden-und Minutenzeiger, Sekundenzeiger, Chronograph<br \/>Gangreserve von Etwa 42 Stunden<\/p>\n<p><strong>ZIFFERBLATT<\/strong><br \/>Glas &#8211; Saphirglas<br \/>Zifferblatt &#8211; Glatte<br \/>Farbe Zifferblatt Schwarz &#8211; <br \/>Indexe -Zeiger<\/p>\n<p><strong>GEH\u00c4USE<\/strong><br \/>&#8211; Material Geh\u00e4use &#8211; Edelstahl 904L (IPG)<br \/>Geh\u00e4usefarbe &#8211; gelb-Gold &#8211;<br \/>Geh\u00e4useform &#8211; Rund<br \/>&#8211; Durchmesser Geh\u00e4use &#8211; 40 mm<br \/>St\u00e4rke &#8211; 14.5 mm<br \/>Material L\u00fcnette &#8211; Edelstahl<br \/>Wasserdicht Bis 10 ATM.<\/p>\n<p><strong>ARMBAND<\/strong><br \/>&#8211; Armband &#8211; Stahl (IPG)<br \/>der Verschluss &#8211; Branded ausziehbares Clip<\/p>\n<p><\/br><\/br><\/br><\/br><\/br><\/br><\/br><\/br><\/br><\/br><\/br><\/br><\/br><\/br><\/br><\/br><\/br><\/br><\/br><\/br><\/br><\/br><\/br><\/br><\/br><\/br><\/br><\/br><\/br><\/br><br \/>Collection &#8211; Daytona<br \/>Paul &#8211; Damenuhr\/Herrenuhr<br \/>&#8211; Stil &#8211; klassische Musik\/Casual<\/p>\n<p><strong>MECHANISMUS<\/strong><br \/>Mechanismus &#8211; Schweiz<br \/>Typ des Mechanismus &#8211; Mechanik mit automatischem Aufzug<br \/>Kaliber &#8211; Mechanismus Klon Rolex cal. 4130<br \/>Funktionen &#8211; Stunden-und Minutenzeiger, Sekundenzeiger, Chronograph<br \/>Gangreserve von Etwa 42 Stunden<\/p>\n<p><strong>ZIFFERBLATT<\/strong><br \/>Glas &#8211; Saphirglas<br \/>Zifferblatt &#8211; Glatte<br \/>Farbe Zifferblatt Schwarz &#8211; <br \/>Indexe -Zeiger<\/p>\n<p><strong>GEH\u00c4USE<\/strong><br \/>&#8211; Material Geh\u00e4use &#8211; Edelstahl 904L (IPG)<br \/>Geh\u00e4usefarbe &#8211; gelb-Gold &#8211;<br \/>Geh\u00e4useform &#8211; Rund<br \/>&#8211; Durchmesser Geh\u00e4use &#8211; 40 mm<br \/>St\u00e4rke &#8211; 14.5 mm<br \/>Material L\u00fcnette &#8211; Edelstahl<br \/>Wasserdicht Bis 10 ATM.<\/p>\n<p><strong>ARMBAND<\/strong><br \/>&#8211; Armband &#8211; Stahl (IPG)<br \/>der Verschluss &#8211; Branded ausziehbares Clip<\/p>\n<p><\/br><\/br><\/br><\/br><\/br><\/br><\/br><\/br><\/br><\/br><\/br><\/br><\/br><\/br><\/br><\/br><\/br><\/br><\/br><\/br><\/br><\/br><\/br><\/br><\/br><\/br><\/br><\/br><\/br><\/br><\/p>","protected":false},"excerpt":{"rendered":"<p>Sammlung &#8211; DaytonaPaul &#8211; Damenuhr\/Herrenuhr&#8211; Stil &#8211; klassische Musik\/Casual MECHANISMUSMechanismus &#8211; SchweizTyp des Mechanismus &#8211; Mechanik mit automatischem AufzugKaliber &#8211; Mechanismus Klon Rolex cal. 4130Funktionen &#8211; Stunden-und Minutenzeiger, Sekundenzeiger, ChronographGangreserve von Etwa 42 Stunden ZIFFERBLATTGlas &#8211; SaphirglasZifferblatt &#8211; GlatteFarbe Zifferblatt Schwarz &#8211; Indexe -Zeiger GEH\u00c4USE&#8211; Material Geh\u00e4use &#8211; Edelstahl 904L (IPG)Geh\u00e4usefarbe &#8211; gelb-Gold &#8211;Geh\u00e4useform &#8211; [&hellip;]<\/p>","protected":false},"featured_media":9299,"template":"","meta":{"_acf_changed":false,"inline_featured_image":false},"product_brand":[],"product_cat":[1320,1080,1068],"product_tag":[],"class_list":{"0":"post-9298","1":"product","2":"type-product","3":"status-publish","4":"has-post-thumbnail","6":"product_cat-daytona","7":"product_cat-rolex","8":"product_cat-uhr","9":"pa_armband-stahl-ipg","10":"pa_farbe-silber","11":"pa_farbe-des-zifferblatts-schwarz","12":"pa_form-des-gehaeuses-round","13":"pa_funktionen-die-stunden-und-minutenzeiger-sekundenzeiger-chronograph","14":"pa_gangreserve-ungefaehr-42-stunden","15":"pa_gehaeusedurchmesser-40-mm","16":"pa_gehaeusefarbe-gelbgold","17":"pa_gehaeusematerial-polierter-stahl-904l-ipg","18":"pa_geschlecht-damenuhr-herrenuhr","19":"pa_kaliber-mechanismus-klon-rolex-cal-4130","20":"pa_material-luenette-polierter-stahl","21":"pa_sammlung-daytona","22":"pa_staerke-14-5-mm","23":"pa_stil-klassische-musik-casual","24":"pa_stundenmarker-zeiger","25":"pa_typ-stahl","26":"pa_typ-des-mechanismus-mechanik-mit-automatischem-aufzug","27":"pa_verschluss-branded-ausziehbares-clip","28":"pa_zifferblatt-glatt","30":"first","31":"instock","32":"purchasable","33":"product-type-simple"},"acf":[],"_links":{"self":[{"href":"https:\/\/luxhoron.com\/fr\/wp-json\/wp\/v2\/product\/9298","targetHints":{"allow":["GET"]}}],"collection":[{"href":"https:\/\/luxhoron.com\/fr\/wp-json\/wp\/v2\/product"}],"about":[{"href":"https:\/\/luxhoron.com\/fr\/wp-json\/wp\/v2\/types\/product"}],"wp:featuredmedia":[{"embeddable":true,"href":"https:\/\/luxhoron.com\/fr\/wp-json\/wp\/v2\/media\/9299"}],"wp:attachment":[{"href":"https:\/\/luxhoron.com\/fr\/wp-json\/wp\/v2\/media?parent=9298"}],"wp:term":[{"taxonomy":"product_brand","embeddable":true,"href":"https:\/\/luxhoron.com\/fr\/wp-json\/wp\/v2\/product_brand?post=9298"},{"taxonomy":"product_cat","embeddable":true,"href":"https:\/\/luxhoron.com\/fr\/wp-json\/wp\/v2\/product_cat?post=9298"},{"taxonomy":"product_tag","embeddable":true,"href":"https:\/\/luxhoron.com\/fr\/wp-json\/wp\/v2\/product_tag?post=9298"}],"curies":[{"name":"wp","href":"https:\/\/api.w.org\/{rel}","templated":true}]}}