{"id":9230,"date":"2025-10-13T08:06:50","date_gmt":"2025-10-13T05:06:50","guid":{"rendered":"https:\/\/luxhoron.com\/product\/rolex-cosmograph-daytona-9\/"},"modified":"2025-10-13T08:07:43","modified_gmt":"2025-10-13T05:07:43","slug":"rolex-cosmograph-daytona-9","status":"publish","type":"product","link":"https:\/\/luxhoron.com\/fr\/product\/rolex-cosmograph-daytona-9\/","title":{"rendered":"Rolex Cosmograph Daytona"},"content":{"rendered":"<p>Rolex Cosmograph Daytona<br \/> &#8211; Sammlung- Daytona<br \/>Paul &#8211; Damenuhr\/Herrenuhr<br \/>&#8211; Stil &#8211; klassische Musik\/Casual<\/p>\n<p><strong>MECHANISMUS<\/strong><\/p>\n<p>Mechanismus &#8211; Schweiz<br \/>Typ des Mechanismus &#8211; Mechanik mit automatischem Aufzug<br \/>Kaliber &#8211; Mechanismus Klon Rolex cal. 4130<br \/>Funktionen &#8211; Stunden-und Minutenzeiger, Sekundenzeiger, Chronograph<br \/>Gangreserve von Etwa 42 Stunden<\/p>\n<p><strong>ZIFFERBLATT<\/strong><\/p>\n<p>Glas &#8211; Saphirglas<br \/>Zifferblatt &#8211; ein Schlankes<br \/>Zifferblatt Farbe -Grau<br \/>Indexen -Arabische <\/p>\n<p><strong>GEH\u00c4USE<\/strong><\/p>\n<p>Geh\u00e4usematerial Stahl<br \/>Geh\u00e4usefarbe Stahl<br \/>Geh\u00e4useform &#8211; Rund<br \/>&#8211; Durchmesser Geh\u00e4use &#8211; 40 mm<br \/>St\u00e4rke &#8211; 12.3 mm<br \/>Material L\u00fcnette Stahl<br \/>Wasserdicht Bis 10 ATM.<\/p>\n<p><strong>ARMBAND<\/strong><\/p>\n<p>&#8211; Armband &#8211; Stahl<br \/>&#8211; Verschluss &#8211; Branded ausziehbares Clip<\/br><\/br><\/br><\/br><\/br><\/br><\/br><\/br><\/br><\/br><\/br><\/br><\/br><\/br><\/br><\/br><\/br><\/br><\/br><\/br><\/br><\/br><\/br><\/br><\/br><\/br><\/br><\/br><\/br><\/br><\/br><\/br><\/br><\/br><\/br><\/br><\/br><br \/>Rolex Cosmograph Daytona<br \/>Collection &#8211; Daytona<br \/>Paul &#8211; Damenuhr\/Herrenuhr<br \/>&#8211; Stil &#8211; klassische Musik\/Casual<\/p>\n<p><strong>MECHANISMUS<\/strong><\/p>\n<p>Mechanismus &#8211; Schweiz<br \/>Typ des Mechanismus &#8211; Mechanik mit automatischem Aufzug<br \/>Kaliber &#8211; Mechanismus Klon Rolex cal. 4130<br \/>Funktionen &#8211; Stunden-und Minutenzeiger, Sekundenzeiger, Chronograph<br \/>Gangreserve von Etwa 42 Stunden<\/p>\n<p><strong>ZIFFERBLATT<\/strong><\/p>\n<p>Glas &#8211; Saphirglas<br \/>Zifferblatt &#8211; ein Schlankes<br \/>Zifferblatt Farbe -Grau<br \/>Indexen -Arabische <\/p>\n<p><strong>GEH\u00c4USE<\/strong><\/p>\n<p>Geh\u00e4usematerial Stahl<br \/>Geh\u00e4usefarbe Stahl<br \/>Geh\u00e4useform &#8211; Rund<br \/>&#8211; Durchmesser Geh\u00e4use &#8211; 40 mm<br \/>St\u00e4rke &#8211; 12.3 mm<br \/>Material L\u00fcnette Stahl<br \/>Wasserdicht Bis 10 ATM.<\/p>\n<p><strong>ARMBAND<\/strong><\/p>\n<p>&#8211; Armband &#8211; Stahl<br \/>&#8211; Verschluss &#8211; Branded ausziehbares Clip<\/br><\/br><\/br><\/br><\/br><\/br><\/br><\/br><\/br><\/br><\/br><\/br><\/br><\/br><\/br><\/br><\/br><\/br><\/br><\/br><\/br><\/br><\/br><\/br><\/br><\/br><\/br><\/br><\/br><\/br><\/br><\/br><\/br><\/br><\/br><\/br><\/br><\/p>","protected":false},"excerpt":{"rendered":"<p>Rolex Cosmograph Daytona &#8211; Sammlung- DaytonaPaul &#8211; Damenuhr\/Herrenuhr&#8211; Stil &#8211; klassische Musik\/Casual MECHANISMUS Mechanismus &#8211; SchweizTyp des Mechanismus &#8211; Mechanik mit automatischem AufzugKaliber &#8211; Mechanismus Klon Rolex cal. 4130Funktionen &#8211; Stunden-und Minutenzeiger, Sekundenzeiger, ChronographGangreserve von Etwa 42 Stunden ZIFFERBLATT Glas &#8211; SaphirglasZifferblatt &#8211; ein SchlankesZifferblatt Farbe -GrauIndexen -Arabische GEH\u00c4USE Geh\u00e4usematerial StahlGeh\u00e4usefarbe StahlGeh\u00e4useform &#8211; Rund&#8211; Durchmesser [&hellip;]<\/p>","protected":false},"featured_media":9231,"template":"","meta":{"_acf_changed":false,"inline_featured_image":false},"product_brand":[],"product_cat":[1320,1080,1068],"product_tag":[],"class_list":{"0":"post-9230","1":"product","2":"type-product","3":"status-publish","4":"has-post-thumbnail","6":"product_cat-daytona","7":"product_cat-rolex","8":"product_cat-uhr","9":"pa_armband-stahl","10":"pa_farbe-des-zifferblatts-grau","11":"pa_form-des-gehaeuses-round","12":"pa_funktionen-die-stunden-und-minutenzeiger-sekundenzeiger-chronograph","13":"pa_gangreserve-ungefaehr-42-stunden","14":"pa_gehaeusedurchmesser-40-mm","15":"pa_gehaeusefarbe-stahl","16":"pa_gehaeusematerial-stahl","17":"pa_geschlecht-damenuhr-herrenuhr","18":"pa_kaliber-mechanismus-klon-rolex-cal-4130","19":"pa_material-luenette-stahl","20":"pa_sammlung-daytona","21":"pa_staerke-12-3-mm","22":"pa_stil-klassische-musik-casual","23":"pa_stundenmarker-arabische","24":"pa_typ-des-mechanismus-mechanik-mit-automatischem-aufzug","25":"pa_verschluss-branded-ausziehbares-clip","26":"pa_zifferblatt-glatt","28":"first","29":"instock","30":"purchasable","31":"product-type-simple"},"acf":[],"_links":{"self":[{"href":"https:\/\/luxhoron.com\/fr\/wp-json\/wp\/v2\/product\/9230","targetHints":{"allow":["GET"]}}],"collection":[{"href":"https:\/\/luxhoron.com\/fr\/wp-json\/wp\/v2\/product"}],"about":[{"href":"https:\/\/luxhoron.com\/fr\/wp-json\/wp\/v2\/types\/product"}],"wp:featuredmedia":[{"embeddable":true,"href":"https:\/\/luxhoron.com\/fr\/wp-json\/wp\/v2\/media\/9231"}],"wp:attachment":[{"href":"https:\/\/luxhoron.com\/fr\/wp-json\/wp\/v2\/media?parent=9230"}],"wp:term":[{"taxonomy":"product_brand","embeddable":true,"href":"https:\/\/luxhoron.com\/fr\/wp-json\/wp\/v2\/product_brand?post=9230"},{"taxonomy":"product_cat","embeddable":true,"href":"https:\/\/luxhoron.com\/fr\/wp-json\/wp\/v2\/product_cat?post=9230"},{"taxonomy":"product_tag","embeddable":true,"href":"https:\/\/luxhoron.com\/fr\/wp-json\/wp\/v2\/product_tag?post=9230"}],"curies":[{"name":"wp","href":"https:\/\/api.w.org\/{rel}","templated":true}]}}