{"id":9193,"date":"2025-10-13T08:06:50","date_gmt":"2025-10-13T05:06:50","guid":{"rendered":"https:\/\/luxhoron.com\/product\/rolex-daytona-tiger-3\/"},"modified":"2025-10-13T08:07:30","modified_gmt":"2025-10-13T05:07:30","slug":"rolex-daytona-tiger-3","status":"publish","type":"product","link":"https:\/\/luxhoron.com\/fr\/product\/rolex-daytona-tiger-3\/","title":{"rendered":"Rolex Daytona TIGER"},"content":{"rendered":"<p>Rolex Cosmograph Daytona<\/p>\n<p> &#8211; Sammlung- Daytona<\/p>\n<p>Paul &#8211; Damenuhr\/Herrenuhr<\/p>\n<p>&#8211; Stil &#8211; klassische Musik\/Casual<\/p>\n<p><strong>MECHANISMUS<\/strong><\/p>\n<p>Mechanismus &#8211; Schweiz<\/p>\n<p>Typ des Mechanismus &#8211; Mechanik mit automatischem Aufzug<\/p>\n<p>Kaliber &#8211; Mechanismus Klon Rolex cal. 4130<\/p>\n<p>Funktionen &#8211; Stunden-und Minutenzeiger, Sekundenzeiger, Chronograph<\/p>\n<p>Gangreserve von Etwa 42 Stunden<\/p>\n<p><strong>ZIFFERBLATT<\/strong><\/p>\n<p>Glas &#8211; Saphirglas<\/p>\n<p>Zifferblatt &#8211; Diamanten \u00fcbers\u00e4t Mit<\/p>\n<p>Indexen Zeiger<\/p>\n<p><strong>GEH\u00c4USE<\/strong><\/p>\n<p>&#8211; Material Geh\u00e4use -Edelstahl abgedecktes Beschichtung aus 18-kar\u00e4tigem Gold und sind mit k\u00fcnstlich \u0432\u044b\u0440\u0430\u0449\u0435\u043d\u044b\u043c\u0438 Diamanten<\/p>\n<p>Geh\u00e4usefarbe &#8211; gelb-Gold &#8211;<\/p>\n<p>Geh\u00e4useform &#8211; Rund<\/p>\n<p>&#8211; Durchmesser Geh\u00e4use &#8211; 40 mm<\/p>\n<p>St\u00e4rke &#8211; 12.3 mm<\/p>\n<p>Material L\u00fcnette &#8211; Diamanten (k\u00fcnstlich \u0432\u044b\u0440\u0430\u0449\u0435\u043d\u044b\u0435)<\/p>\n<p>Wasserdicht Bis 10 ATM.<\/p>\n<p><strong>ARMBAND<\/strong><\/p>\n<p>&#8211; Armband &#8211; Kautschuk<\/p>\n<p>Verschluss &#8211; Branded ausziehbares Clip<\/p>\n<p><\/br><\/br><\/br><\/br><\/br><\/br><\/br><\/br><\/br><\/br><\/br><\/br><\/br><\/br><\/br><\/br><\/br><\/br><\/br><\/br><\/br><\/br><\/br><\/br><\/br><\/br><\/br><\/br><\/br><\/br><\/br><\/br><\/br><\/br><\/br><\/br><\/br><\/br><\/br><\/br><\/br><\/br><\/br><\/br><\/br><\/br><\/br><\/br><\/br><\/br><\/br><\/br><\/br><\/br><\/br><\/br><\/br><\/br><br \/>Rolex Cosmograph Daytona<\/p>\n<p>Collection &#8211; Daytona<\/p>\n<p>Paul &#8211; Damenuhr\/Herrenuhr<\/p>\n<p>&#8211; Stil &#8211; klassische Musik\/Casual<\/p>\n<p><strong>MECHANISMUS<\/strong><\/p>\n<p>Mechanismus &#8211; Schweiz<\/p>\n<p>Typ des Mechanismus &#8211; Mechanik mit automatischem Aufzug<\/p>\n<p>Kaliber &#8211; Mechanismus Klon Rolex cal. 4130<\/p>\n<p>Funktionen &#8211; Stunden-und Minutenzeiger, Sekundenzeiger, Chronograph<\/p>\n<p>Gangreserve von Etwa 42 Stunden<\/p>\n<p><strong>ZIFFERBLATT<\/strong><\/p>\n<p>Glas &#8211; Saphirglas<\/p>\n<p>Zifferblatt &#8211; Diamanten \u00fcbers\u00e4t Mit<\/p>\n<p>Indexen Zeiger<\/p>\n<p><strong>GEH\u00c4USE<\/strong><\/p>\n<p>&#8211; Material Geh\u00e4use -Edelstahl abgedecktes Beschichtung aus 18-kar\u00e4tigem Gold und sind mit k\u00fcnstlich \u0432\u044b\u0440\u0430\u0449\u0435\u043d\u044b\u043c\u0438 Diamanten<\/p>\n<p>Geh\u00e4usefarbe &#8211; gelb-Gold &#8211;<\/p>\n<p>Geh\u00e4useform &#8211; Rund<\/p>\n<p>&#8211; Durchmesser Geh\u00e4use &#8211; 40 mm<\/p>\n<p>St\u00e4rke &#8211; 12.3 mm<\/p>\n<p>Material L\u00fcnette &#8211; Diamanten (k\u00fcnstlich \u0432\u044b\u0440\u0430\u0449\u0435\u043d\u044b\u0435)<\/p>\n<p>Wasserdicht Bis 10 ATM.<\/p>\n<p><strong>ARMBAND<\/strong><\/p>\n<p>&#8211; Armband &#8211; Kautschuk<\/p>\n<p>Verschluss &#8211; Branded ausziehbares Clip<\/p>\n<p><\/br><\/br><\/br><\/br><\/br><\/br><\/br><\/br><\/br><\/br><\/br><\/br><\/br><\/br><\/br><\/br><\/br><\/br><\/br><\/br><\/br><\/br><\/br><\/br><\/br><\/br><\/br><\/br><\/br><\/br><\/br><\/br><\/br><\/br><\/br><\/br><\/br><\/br><\/br><\/br><\/br><\/br><\/br><\/br><\/br><\/br><\/br><\/br><\/br><\/br><\/br><\/br><\/br><\/br><\/br><\/br><\/br><\/br><\/p>","protected":false},"excerpt":{"rendered":"<p>Rolex Cosmograph Daytona &#8211; Sammlung- Daytona Paul &#8211; Damenuhr\/Herrenuhr &#8211; Stil &#8211; klassische Musik\/Casual MECHANISMUS Mechanismus &#8211; Schweiz Typ des Mechanismus &#8211; Mechanik mit automatischem Aufzug Kaliber &#8211; Mechanismus Klon Rolex cal. 4130 Funktionen &#8211; Stunden-und Minutenzeiger, Sekundenzeiger, Chronograph Gangreserve von Etwa 42 Stunden ZIFFERBLATT Glas &#8211; Saphirglas Zifferblatt &#8211; Diamanten \u00fcbers\u00e4t Mit Indexen Zeiger [&hellip;]<\/p>","protected":false},"featured_media":9194,"template":"","meta":{"_acf_changed":false,"inline_featured_image":false},"product_brand":[],"product_cat":[1320,1080,1068],"product_tag":[],"class_list":{"0":"post-9193","1":"product","2":"type-product","3":"status-publish","4":"has-post-thumbnail","6":"product_cat-daytona","7":"product_cat-rolex","8":"product_cat-uhr","9":"pa_armband-kautschuk","10":"pa_form-des-gehaeuses-round","11":"pa_funktionen-die-stunden-und-minutenzeiger-sekundenzeiger-chronograph","12":"pa_gangreserve-ungefaehr-42-stunden","13":"pa_gehaeusedurchmesser-40-mm","14":"pa_gehaeusefarbe-gelbgold","15":"pa_gehaeusematerial-edelstahl-abgedecktes-beschichtung-aus-18-karaetigem-gold-und-sind-mit-kuenstlich-vyrashhenymi-diamanten","16":"pa_geschlecht-damenuhr-herrenuhr","17":"pa_kaliber-mechanismus-klon-rolex-cal-4130","18":"pa_material-luenette-diamanten-kuenstlich-vyrashhenye","19":"pa_sammlung-daytona","20":"pa_staerke-12-3-mm","21":"pa_stil-klassische-musik-casual","22":"pa_stundenmarker-zeiger","23":"pa_typ-stahl","24":"pa_typ-des-mechanismus-mechanik-mit-automatischem-aufzug","25":"pa_verschluss-branded-ausziehbares-clip","26":"pa_zifferblatt-mit-diamanten","28":"first","29":"instock","30":"purchasable","31":"product-type-simple"},"acf":[],"_links":{"self":[{"href":"https:\/\/luxhoron.com\/fr\/wp-json\/wp\/v2\/product\/9193","targetHints":{"allow":["GET"]}}],"collection":[{"href":"https:\/\/luxhoron.com\/fr\/wp-json\/wp\/v2\/product"}],"about":[{"href":"https:\/\/luxhoron.com\/fr\/wp-json\/wp\/v2\/types\/product"}],"wp:featuredmedia":[{"embeddable":true,"href":"https:\/\/luxhoron.com\/fr\/wp-json\/wp\/v2\/media\/9194"}],"wp:attachment":[{"href":"https:\/\/luxhoron.com\/fr\/wp-json\/wp\/v2\/media?parent=9193"}],"wp:term":[{"taxonomy":"product_brand","embeddable":true,"href":"https:\/\/luxhoron.com\/fr\/wp-json\/wp\/v2\/product_brand?post=9193"},{"taxonomy":"product_cat","embeddable":true,"href":"https:\/\/luxhoron.com\/fr\/wp-json\/wp\/v2\/product_cat?post=9193"},{"taxonomy":"product_tag","embeddable":true,"href":"https:\/\/luxhoron.com\/fr\/wp-json\/wp\/v2\/product_tag?post=9193"}],"curies":[{"name":"wp","href":"https:\/\/api.w.org\/{rel}","templated":true}]}}