{"id":9150,"date":"2025-10-13T08:06:07","date_gmt":"2025-10-13T05:06:07","guid":{"rendered":"https:\/\/luxhoron.com\/product\/omega-de-ville-9\/"},"modified":"2025-12-16T20:26:23","modified_gmt":"2025-12-16T17:26:23","slug":"omega-de-ville-9","status":"publish","type":"product","link":"https:\/\/luxhoron.com\/fr\/product\/omega-de-ville-9\/","title":{"rendered":"Omega De Ville"},"content":{"rendered":"<p>Sammlung &#8211; Ville De<br \/>Paul Damenuhr<br \/>Stil &#8211; Klassiker<\/p>\n<p><strong>MECHANISMUS<\/strong><\/p>\n<p>Mechanismus &#8211; Schweiz<br \/>Art von Mechanismus &#8211; Quarzwerk \u043c\u0435\u0445\u0430\u043d\u0438\u0445\u043c<br \/>Mechanismus Kaliber- <em>Kaliber 4061<\/em><br \/>Funktionen &#8211; Stunden-und Minutenzeiger<br \/>eine Gangreserve von Etwa 42 Stunden<\/p>\n<p><strong>ZIFFERBLATT<\/strong><\/p>\n<p>Glas &#8211; Saphirglas<br \/>Zifferblatt &#8211; ein Schlankes<br \/>Zifferblatt Farbe &#8211; Blau<br \/>Indexen &#8211; Swarovski Kristalle <\/p>\n<p><strong>GEH\u00c4USE<\/strong><\/p>\n<p>&#8211; Material Geh\u00e4use &#8211; Edelstahl 316L, IPG<br \/>Farbe Geh\u00e4use &#8211; Edelstahl<br \/>&#8211; Form des Geh\u00e4uses &#8211; Rundes<br \/>Geh\u00e4use-Durchmesser &#8211; 29 mm<br \/>Material L\u00fcnette Stahl \u0438\u043d\u043a\u0443\u0440\u0441\u0442\u0438\u0440\u043e\u0432\u0430\u043d\u043d\u0430\u044f Swarovski-Kristallen <\/p>\n<p><strong>ARMBAND<\/strong><\/p>\n<p>&#8211; Armband &#8211; Stahl &#8211;<br \/>Verschluss &#8211; Branded ausziehbares Clip<\/br><\/br><\/br><\/br><\/br><\/br><\/br><\/br><\/br><\/br><\/br><\/br><\/br><\/br><\/br><\/br><\/br><\/br><\/br><\/br><\/br><\/br><\/br><\/br><\/br><\/br><\/br><\/br><\/br><\/br><\/br><\/br><\/br><br \/>Collection &#8211; Ville De<br \/>Paul Damenuhr<br \/>Stil &#8211; Klassiker<\/p>\n<p><strong>MECHANISMUS<\/strong><\/p>\n<p>Mechanismus &#8211; Schweiz<br \/>Art von Mechanismus &#8211; Quarzwerk \u043c\u0435\u0445\u0430\u043d\u0438\u0445\u043c<br \/>Mechanismus Kaliber- <em>Kaliber 4061<\/em><br \/>Funktionen &#8211; Stunden-und Minutenzeiger<br \/>eine Gangreserve von Etwa 42 Stunden<\/p>\n<p><strong>ZIFFERBLATT<\/strong><\/p>\n<p>Glas &#8211; Saphirglas<br \/>Zifferblatt &#8211; Glatte<br \/>Farbe des Zifferblattes &#8211; Blauen<br \/>Indexen &#8211; Swarovski Kristalle <\/p>\n<p><strong>GEH\u00c4USE<\/strong><\/p>\n<p>&#8211; Material Geh\u00e4use &#8211; Edelstahl 316L, IPG<br \/>Farbe Geh\u00e4use &#8211; Edelstahl<br \/>&#8211; Form des Geh\u00e4uses &#8211; Rundes<br \/>Geh\u00e4use-Durchmesser &#8211; 29 mm<br \/>Material L\u00fcnette Stahl \u0438\u043d\u043a\u0443\u0440\u0441\u0442\u0438\u0440\u043e\u0432\u0430\u043d\u043d\u0430\u044f Swarovski-Kristallen <\/p>\n<p><strong>ARMBAND<\/strong><\/p>\n<p>&#8211; Armband &#8211; Stahl &#8211;<br \/>Verschluss &#8211; Branded ausziehbares Clip<\/br><\/br><\/br><\/br><\/br><\/br><\/br><\/br><\/br><\/br><\/br><\/br><\/br><\/br><\/br><\/br><\/br><\/br><\/br><\/br><\/br><\/br><\/br><\/br><\/br><\/br><\/br><\/br><\/br><\/br><\/br><\/br><\/br><\/p>","protected":false},"excerpt":{"rendered":"<p>Sammlung &#8211; Ville DePaul DamenuhrStil &#8211; Klassiker MECHANISMUS Mechanismus &#8211; SchweizArt von Mechanismus &#8211; Quarzwerk \u043c\u0435\u0445\u0430\u043d\u0438\u0445\u043cMechanismus Kaliber- Kaliber 4061Funktionen &#8211; Stunden-und Minutenzeigereine Gangreserve von Etwa 42 Stunden ZIFFERBLATT Glas &#8211; SaphirglasZifferblatt &#8211; ein SchlankesZifferblatt Farbe &#8211; BlauIndexen &#8211; Swarovski Kristalle GEH\u00c4USE &#8211; Material Geh\u00e4use &#8211; Edelstahl 316L, IPGFarbe Geh\u00e4use &#8211; Edelstahl&#8211; Form des Geh\u00e4uses &#8211; [&hellip;]<\/p>","protected":false},"featured_media":9151,"template":"","meta":{"_acf_changed":false,"inline_featured_image":false},"product_brand":[],"product_cat":[1069,1284,1068],"product_tag":[],"class_list":{"0":"post-9150","1":"product","2":"type-product","3":"status-publish","4":"has-post-thumbnail","6":"product_cat-omega","7":"product_cat-seamaster","8":"product_cat-uhr","9":"pa_armband-stahl","10":"pa_farbe-des-zifferblatts-blau","11":"pa_form-des-gehaeuses-round","12":"pa_funktionen-die-stunden-und-minutenzeiger","13":"pa_gangreserve-ungefaehr-42-stunden","14":"pa_gehaeusedurchmesser-29-mm","15":"pa_gehaeusefarbe-stahl","16":"pa_gehaeusematerial-polierter-stahl-316l-ipg","17":"pa_geschlecht-damenuhr","18":"pa_kaliber-mechanismus-kaliber-4061","19":"pa_sammlung-de-ville-boden","20":"pa_stil-klassiker","21":"pa_stundenmarker-swarowski-kristalle","22":"pa_typ-des-mechanismus-quarz-mehanihm","23":"pa_verschluss-branded-ausziehbares-clip","24":"pa_zifferblatt-glatt","26":"first","27":"instock","28":"purchasable","29":"product-type-simple"},"acf":[],"_links":{"self":[{"href":"https:\/\/luxhoron.com\/fr\/wp-json\/wp\/v2\/product\/9150","targetHints":{"allow":["GET"]}}],"collection":[{"href":"https:\/\/luxhoron.com\/fr\/wp-json\/wp\/v2\/product"}],"about":[{"href":"https:\/\/luxhoron.com\/fr\/wp-json\/wp\/v2\/types\/product"}],"wp:featuredmedia":[{"embeddable":true,"href":"https:\/\/luxhoron.com\/fr\/wp-json\/wp\/v2\/media\/9151"}],"wp:attachment":[{"href":"https:\/\/luxhoron.com\/fr\/wp-json\/wp\/v2\/media?parent=9150"}],"wp:term":[{"taxonomy":"product_brand","embeddable":true,"href":"https:\/\/luxhoron.com\/fr\/wp-json\/wp\/v2\/product_brand?post=9150"},{"taxonomy":"product_cat","embeddable":true,"href":"https:\/\/luxhoron.com\/fr\/wp-json\/wp\/v2\/product_cat?post=9150"},{"taxonomy":"product_tag","embeddable":true,"href":"https:\/\/luxhoron.com\/fr\/wp-json\/wp\/v2\/product_tag?post=9150"}],"curies":[{"name":"wp","href":"https:\/\/api.w.org\/{rel}","templated":true}]}}