{"id":9138,"date":"2025-10-13T08:06:07","date_gmt":"2025-10-13T05:06:07","guid":{"rendered":"https:\/\/luxhoron.com\/product\/omega-de-ville-4\/"},"modified":"2025-12-16T20:26:22","modified_gmt":"2025-12-16T17:26:22","slug":"omega-de-ville-4","status":"publish","type":"product","link":"https:\/\/luxhoron.com\/fr\/product\/omega-de-ville-4\/","title":{"rendered":"Omega De Ville"},"content":{"rendered":"<p>Sammlung &#8211; Ville De<br \/>Paul Damenuhr<br \/>Stil &#8211; Klassiker<\/p>\n<p><strong>MECHANISMUS<\/strong><\/p>\n<p>Mechanismus &#8211; Schweiz<br \/>Art von Mechanismus &#8211; Quarzwerk \u043c\u0435\u0445\u0430\u043d\u0438\u0445\u043c<br \/>Mechanismus Kaliber- <em>Kaliber 4061<\/em><br \/>Funktionen &#8211; Stunden-und Minutenzeiger<br \/>eine Gangreserve von Etwa 42 Stunden<\/p>\n<p><strong>ZIFFERBLATT<\/strong><\/p>\n<p>Glas &#8211; Saphirglas<br \/>Zifferblatt &#8211; ein Schlankes<br \/>Zifferblatt Farbe &#8211; Braun<br \/>Indexen -R\u00f6mischen <\/p>\n<p><strong>GEH\u00c4USE<\/strong><\/p>\n<p>&#8211; Material Geh\u00e4use &#8211; Edelstahl 316L, IPG<br \/>Geh\u00e4use-Farbe &#8211; Rose Gold &#8211;<br \/>Geh\u00e4useform &#8211; Rund<br \/>&#8211; Durchmesser-Geh\u00e4use &#8211; 36 mm<br \/>Material L\u00fcnette Stahl<\/p>\n<p><strong>&#8211; ARMBAND<\/strong><\/p>\n<p>&#8211; Armband &#8211; Leder<br \/>Verschluss &#8211; Branded ausziehbares Clip<\/br><\/br><\/br><\/br><\/br><\/br><\/br><\/br><\/br><\/br><\/br><\/br><\/br><\/br><\/br><\/br><\/br><\/br><\/br><\/br><\/br><\/br><\/br><\/br><\/br><\/br><\/br><\/br><\/br><\/br><\/br><\/br><\/br><\/br><br \/>Collection &#8211; Ville De<br \/>Paul Damenuhr<br \/>Stil &#8211; Klassiker<\/p>\n<p><strong>MECHANISMUS<\/strong><\/p>\n<p>Mechanismus &#8211; Schweiz<br \/>Art von Mechanismus &#8211; Quarzwerk \u043c\u0435\u0445\u0430\u043d\u0438\u0445\u043c<br \/>Mechanismus Kaliber- <em>Kaliber 4061<\/em><br \/>Funktionen &#8211; Stunden-und Minutenzeiger<br \/>eine Gangreserve von Etwa 42 Stunden<\/p>\n<p><strong>ZIFFERBLATT<\/strong><\/p>\n<p>Glas &#8211; Saphirglas<br \/>Zifferblatt &#8211; Glatte<br \/>Farbe des Zifferblattes &#8211; Braun<br \/>Indexen -R\u00f6mischen <\/p>\n<p><strong>GEH\u00c4USE<\/strong><\/p>\n<p>&#8211; Material Geh\u00e4use &#8211; Edelstahl 316L, IPG<br \/>Geh\u00e4use-Farbe &#8211; Rose Gold &#8211;<br \/>Geh\u00e4useform &#8211; Rund<br \/>&#8211; Durchmesser-Geh\u00e4use &#8211; 36 mm<br \/>Material L\u00fcnette Stahl<\/p>\n<p><strong>&#8211; ARMBAND<\/strong><\/p>\n<p>&#8211; Armband &#8211; Leder<br \/>Verschluss &#8211; Branded ausziehbares Clip<\/br><\/br><\/br><\/br><\/br><\/br><\/br><\/br><\/br><\/br><\/br><\/br><\/br><\/br><\/br><\/br><\/br><\/br><\/br><\/br><\/br><\/br><\/br><\/br><\/br><\/br><\/br><\/br><\/br><\/br><\/br><\/br><\/br><\/br><\/p>","protected":false},"excerpt":{"rendered":"<p>Sammlung &#8211; Ville DePaul DamenuhrStil &#8211; Klassiker MECHANISMUS Mechanismus &#8211; SchweizArt von Mechanismus &#8211; Quarzwerk \u043c\u0435\u0445\u0430\u043d\u0438\u0445\u043cMechanismus Kaliber- Kaliber 4061Funktionen &#8211; Stunden-und Minutenzeigereine Gangreserve von Etwa 42 Stunden ZIFFERBLATT Glas &#8211; SaphirglasZifferblatt &#8211; ein SchlankesZifferblatt Farbe &#8211; BraunIndexen -R\u00f6mischen GEH\u00c4USE &#8211; Material Geh\u00e4use &#8211; Edelstahl 316L, IPGGeh\u00e4use-Farbe &#8211; Rose Gold &#8211;Geh\u00e4useform &#8211; Rund&#8211; Durchmesser-Geh\u00e4use &#8211; 36 [&hellip;]<\/p>","protected":false},"featured_media":9139,"template":"","meta":{"_acf_changed":false,"inline_featured_image":false},"product_brand":[],"product_cat":[1069,1284,1068],"product_tag":[],"class_list":{"0":"post-9138","1":"product","2":"type-product","3":"status-publish","4":"has-post-thumbnail","6":"product_cat-omega","7":"product_cat-seamaster","8":"product_cat-uhr","9":"pa_armband-leder","10":"pa_farbe-des-zifferblatts-braun","11":"pa_form-des-gehaeuses-round","12":"pa_funktionen-die-stunden-und-minutenzeiger","13":"pa_gangreserve-ungefaehr-42-stunden","14":"pa_gehaeusedurchmesser-36-mm","15":"pa_gehaeusefarbe-rose-gold","16":"pa_gehaeusematerial-polierter-stahl-316l-ipg","17":"pa_geschlecht-damenuhr","18":"pa_kaliber-mechanismus-kaliber-4061","19":"pa_material-luenette-stahl","20":"pa_sammlung-de-ville-boden","21":"pa_stil-klassiker","22":"pa_stundenmarker-roman","23":"pa_typ-des-mechanismus-quarz-mehanihm","24":"pa_verschluss-branded-ausziehbares-clip","25":"pa_zifferblatt-glatt","27":"first","28":"instock","29":"purchasable","30":"product-type-simple"},"acf":[],"_links":{"self":[{"href":"https:\/\/luxhoron.com\/fr\/wp-json\/wp\/v2\/product\/9138","targetHints":{"allow":["GET"]}}],"collection":[{"href":"https:\/\/luxhoron.com\/fr\/wp-json\/wp\/v2\/product"}],"about":[{"href":"https:\/\/luxhoron.com\/fr\/wp-json\/wp\/v2\/types\/product"}],"wp:featuredmedia":[{"embeddable":true,"href":"https:\/\/luxhoron.com\/fr\/wp-json\/wp\/v2\/media\/9139"}],"wp:attachment":[{"href":"https:\/\/luxhoron.com\/fr\/wp-json\/wp\/v2\/media?parent=9138"}],"wp:term":[{"taxonomy":"product_brand","embeddable":true,"href":"https:\/\/luxhoron.com\/fr\/wp-json\/wp\/v2\/product_brand?post=9138"},{"taxonomy":"product_cat","embeddable":true,"href":"https:\/\/luxhoron.com\/fr\/wp-json\/wp\/v2\/product_cat?post=9138"},{"taxonomy":"product_tag","embeddable":true,"href":"https:\/\/luxhoron.com\/fr\/wp-json\/wp\/v2\/product_tag?post=9138"}],"curies":[{"name":"wp","href":"https:\/\/api.w.org\/{rel}","templated":true}]}}