{"id":9029,"date":"2025-10-13T08:00:12","date_gmt":"2025-10-13T05:00:12","guid":{"rendered":"https:\/\/luxhoron.com\/product\/omega-seamaster-diver\/"},"modified":"2025-12-16T20:26:24","modified_gmt":"2025-12-16T17:26:24","slug":"omega-seamaster-diver","status":"publish","type":"product","link":"https:\/\/luxhoron.com\/fr\/product\/omega-seamaster-diver\/","title":{"rendered":"Omega Seamaster Diver"},"content":{"rendered":"<p>Sammlung-Planet Ocean<\/p>\n<p>Halben Herrenuhr<\/p>\n<p>Stil &#8211; Klassiker<\/p>\n<p><strong>MECHANISMUS<\/strong><\/p>\n<p>Mechanismus &#8211; Schweiz<\/p>\n<p>Typ des Mechanismus &#8211; Mechanik mit automatischem Aufzug<\/p>\n<p>Kaliber Mechanismus &#8211; Omega cal. 8900<\/p>\n<p>Funktionen &#8211; Stunden-und Minutenzeiger, Sekundenzeiger, Datum<\/p>\n<p>Gangreserve von Etwa 42 Stunden<\/p>\n<p><strong>ZIFFERBLATT<\/strong><\/p>\n<p>Glas &#8211; Saphirglas<\/p>\n<p>Zifferblatt &#8211; Glatte<\/p>\n<p>Farbe Zifferblatt Schwarz &#8211;<\/p>\n<p>Indexe -Zeiger<\/p>\n<p><strong>GEH\u00c4USE<\/strong><\/p>\n<p>Geh\u00e4usematerial Keramik<\/p>\n<p>Geh\u00e4usefarbe Schwarz<\/p>\n<p>Geh\u00e4useform &#8211; Rund Geh\u00e4usedurchmesser -43.5 mm<\/p>\n<p>Material L\u00fcnette &#8211; Polierter Stahl, Geb\u00fcrstet Keramik<\/p>\n<p>Wasserdicht Bis 10 ATM.<\/p>\n<p><strong>ARMBAND<\/strong><\/p>\n<p>&#8211; Armband &#8211; Textil &#8211;<\/p>\n<p>Zip &#8211; Branded ausziehbares Clip<\/p>\n<p><\/br><\/br><\/br><\/br><\/br><\/br><\/br><\/br><\/br><\/br><\/br><\/br><\/br><\/br><\/br><\/br><\/br><\/br><\/br><\/br><\/br><\/br><\/br><\/br><\/br><\/br><\/br><\/br><\/br><\/br><\/br><\/br><\/br><\/br><\/br><\/br><\/br><\/br><\/br><\/br><\/br><\/br><\/br><\/br><\/br><\/br><\/br><\/br><\/br><\/br><\/br><\/br><\/br><\/br><br \/> -Sammlung-Planet Ocean<\/p>\n<p>Halben Herrenuhr<\/p>\n<p>Stil &#8211; Klassiker<\/p>\n<p><strong>MECHANISMUS<\/strong><\/p>\n<p>Mechanismus &#8211; Schweiz<\/p>\n<p>Typ des Mechanismus &#8211; Mechanik mit automatischem Aufzug<\/p>\n<p>Kaliber Mechanismus &#8211; Omega cal. 8900<\/p>\n<p>Funktionen &#8211; Stunden-und Minutenzeiger, Sekundenzeiger, Datum<\/p>\n<p>Gangreserve von Etwa 42 Stunden<\/p>\n<p><strong>ZIFFERBLATT<\/strong><\/p>\n<p>Glas &#8211; Saphirglas<\/p>\n<p>Zifferblatt &#8211; Glatte<\/p>\n<p>Farbe Zifferblatt Schwarz &#8211;<\/p>\n<p>Indexe -Zeiger<\/p>\n<p><strong>GEH\u00c4USE<\/strong><\/p>\n<p>Geh\u00e4usematerial Keramik<\/p>\n<p>Geh\u00e4usefarbe Schwarz<\/p>\n<p>Geh\u00e4useform &#8211; Rund Geh\u00e4usedurchmesser -43.5 mm<\/p>\n<p>Material L\u00fcnette &#8211; Polierter Stahl, Geb\u00fcrstet Keramik<\/p>\n<p>Wasserdicht Bis 10 ATM.<\/p>\n<p><strong>ARMBAND<\/strong><\/p>\n<p>&#8211; Armband &#8211; Textil &#8211;<\/p>\n<p>Zip &#8211; Branded ausziehbares Clip<\/p>\n<p><\/br><\/br><\/br><\/br><\/br><\/br><\/br><\/br><\/br><\/br><\/br><\/br><\/br><\/br><\/br><\/br><\/br><\/br><\/br><\/br><\/br><\/br><\/br><\/br><\/br><\/br><\/br><\/br><\/br><\/br><\/br><\/br><\/br><\/br><\/br><\/br><\/br><\/br><\/br><\/br><\/br><\/br><\/br><\/br><\/br><\/br><\/br><\/br><\/br><\/br><\/br><\/br><\/br><\/br><\/p>","protected":false},"excerpt":{"rendered":"<p>Sammlung-Planet Ocean Halben Herrenuhr Stil &#8211; Klassiker MECHANISMUS Mechanismus &#8211; Schweiz Typ des Mechanismus &#8211; Mechanik mit automatischem Aufzug Kaliber Mechanismus &#8211; Omega cal. 8900 Funktionen &#8211; Stunden-und Minutenzeiger, Sekundenzeiger, Datum Gangreserve von Etwa 42 Stunden ZIFFERBLATT Glas &#8211; Saphirglas Zifferblatt &#8211; Glatte Farbe Zifferblatt Schwarz &#8211; Indexe -Zeiger GEH\u00c4USE Geh\u00e4usematerial Keramik Geh\u00e4usefarbe Schwarz Geh\u00e4useform [&hellip;]<\/p>","protected":false},"featured_media":9030,"template":"","meta":{"_acf_changed":false,"inline_featured_image":false},"product_brand":[],"product_cat":[1069,1284,1068],"product_tag":[],"class_list":{"0":"post-9029","1":"product","2":"type-product","3":"status-publish","4":"has-post-thumbnail","6":"product_cat-omega","7":"product_cat-seamaster","8":"product_cat-uhr","9":"pa_armband-textil","10":"pa_farbe-schwarz","11":"pa_farbe-des-zifferblatts-schwarz","12":"pa_form-des-gehaeuses-rund-gehaeusedurchmesser-43-5-mm","13":"pa_funktionen-die-stunden-und-minutenzeiger-sekundenzeiger-datum","14":"pa_gangreserve-ungefaehr-42-stunden","15":"pa_gehaeusefarbe-schwarz","16":"pa_gehaeusematerial-keramik","17":"pa_geschlecht-herrenuhr","18":"pa_kaliber-mechanismus-omega-cal-8900","19":"pa_material-luenette-polierter-stahl-gebuerstet-keramik","20":"pa_sammlung-planet-ocean","21":"pa_stil-klassiker","22":"pa_stundenmarker-zeiger","23":"pa_typ-textilien","24":"pa_typ-des-mechanismus-mechanik-mit-automatischem-aufzug","25":"pa_verschluss-branded-ausziehbares-clip","26":"pa_zifferblatt-glatt","28":"first","29":"instock","30":"purchasable","31":"product-type-simple"},"acf":[],"_links":{"self":[{"href":"https:\/\/luxhoron.com\/fr\/wp-json\/wp\/v2\/product\/9029","targetHints":{"allow":["GET"]}}],"collection":[{"href":"https:\/\/luxhoron.com\/fr\/wp-json\/wp\/v2\/product"}],"about":[{"href":"https:\/\/luxhoron.com\/fr\/wp-json\/wp\/v2\/types\/product"}],"wp:featuredmedia":[{"embeddable":true,"href":"https:\/\/luxhoron.com\/fr\/wp-json\/wp\/v2\/media\/9030"}],"wp:attachment":[{"href":"https:\/\/luxhoron.com\/fr\/wp-json\/wp\/v2\/media?parent=9029"}],"wp:term":[{"taxonomy":"product_brand","embeddable":true,"href":"https:\/\/luxhoron.com\/fr\/wp-json\/wp\/v2\/product_brand?post=9029"},{"taxonomy":"product_cat","embeddable":true,"href":"https:\/\/luxhoron.com\/fr\/wp-json\/wp\/v2\/product_cat?post=9029"},{"taxonomy":"product_tag","embeddable":true,"href":"https:\/\/luxhoron.com\/fr\/wp-json\/wp\/v2\/product_tag?post=9029"}],"curies":[{"name":"wp","href":"https:\/\/api.w.org\/{rel}","templated":true}]}}