{"id":8559,"date":"2025-10-13T07:46:47","date_gmt":"2025-10-13T04:46:47","guid":{"rendered":"https:\/\/luxhoron.com\/product\/breitling-navitimer-1-automatic-41-mm-3\/"},"modified":"2025-10-13T07:49:03","modified_gmt":"2025-10-13T04:49:03","slug":"breitling-navitimer-1-automatic-41-mm-3","status":"publish","type":"product","link":"https:\/\/luxhoron.com\/fr\/product\/breitling-navitimer-1-automatic-41-mm-3\/","title":{"rendered":"Breitling Navitimer 1 Automatic 41 mm"},"content":{"rendered":"<p>Original Preis 4900 $ <\/p>\n<p> Geschlecht &#8211; Herren-Uhr <\/p>\n<p> &#8211; Stil &#8211; klassische Musik\/Casual <\/p>\n<p> <strong><strong>MECHANISMUS<\/strong><\/strong> <\/p>\n<p> Mechanismus &#8211; Schweiz <\/p>\n<p> Typ des Mechanismus &#8211; Mechanik mit automatischem Aufzug <\/p>\n<p> Kaliber ETA &#8211; cal. 2824 <\/p>\n<p> Funktionen &#8211; Stunden-und Minutenzeiger, Sekundenzeiger, Datum <\/p>\n<p> Gangreserve von Etwa 42 Stunden <\/p>\n<p> <strong><strong>ZIFFERNBLATT<\/strong><\/strong> <\/p>\n<p> Farbe Wei\u00df <\/p>\n<p> Glas gew\u00f6lbtes Saphirglas <\/p>\n<p> <strong><strong>GEH\u00c4USE<\/strong><\/strong> <\/p>\n<p> &#8211; Material Geh\u00e4use &#8211; Edelstahl 316L <\/p>\n<p> Geh\u00e4use-Farbe &#8211; Stahl &#8211; <\/p>\n<p> Geh\u00e4useform &#8211; Rund <\/p>\n<p> Geh\u00e4usedurchmesser &#8211; 41 mm <\/p>\n<p> Material L\u00fcnette &#8211; Stahl Geschliffen <\/p>\n<p> Wasserdicht Bis 5 ATM. <\/p>\n<p> <strong><strong>ARMBAND<\/strong><\/strong> <\/p>\n<p> &#8211; Armband &#8211; Stahl <\/p>\n<p> &#8211; Verschluss &#8211; Branded ausziehbares Clip <br \/> <\/br><\/br><\/br><\/br><\/br><\/br><\/br><\/br><\/br><\/br><\/br><\/br><\/br><\/br><\/br><\/br><\/br><\/br><\/br><\/br><\/br><\/br><\/br><\/br><\/br><\/br><\/br><\/br><\/br><\/br><\/br><\/br><\/br><\/br><\/br><\/br><\/br><\/br><\/br><\/br><\/br><\/br><\/br><\/br><\/br><\/br><\/br><br \/>Original Preis 4900 $ <\/p>\n<p> Geschlecht &#8211; Herren-Uhr <\/p>\n<p> &#8211; Stil &#8211; klassische Musik\/Casual <\/p>\n<p> <strong><strong>MECHANISMUS<\/strong><\/strong> <\/p>\n<p> Mechanismus &#8211; Schweiz <\/p>\n<p> Typ des Mechanismus &#8211; Mechanik mit automatischem Aufzug <\/p>\n<p> Kaliber ETA &#8211; cal. 2824 <\/p>\n<p> Funktionen &#8211; Stunden-und Minutenzeiger, Sekundenzeiger, Datum <\/p>\n<p> Gangreserve von Etwa 42 Stunden <\/p>\n<p> <strong><strong>ZIFFERNBLATT<\/strong><\/strong> <\/p>\n<p> Farbe Wei\u00df <\/p>\n<p> Glas gew\u00f6lbtes Saphirglas <\/p>\n<p> <strong><strong>GEH\u00c4USE<\/strong><\/strong> <\/p>\n<p> &#8211; Material Geh\u00e4use &#8211; Edelstahl 316L <\/p>\n<p> Geh\u00e4use-Farbe &#8211; Stahl &#8211; <\/p>\n<p> Geh\u00e4useform &#8211; Rund <\/p>\n<p> Geh\u00e4usedurchmesser &#8211; 41 mm <\/p>\n<p> Material L\u00fcnette &#8211; Stahl Geschliffen <\/p>\n<p> Wasserdicht Bis 5 ATM. <\/p>\n<p> <strong><strong>ARMBAND<\/strong><\/strong> <\/p>\n<p> &#8211; Armband &#8211; Stahl <\/p>\n<p> &#8211; Verschluss &#8211; Branded ausziehbares Clip <br \/> <\/br><\/br><\/br><\/br><\/br><\/br><\/br><\/br><\/br><\/br><\/br><\/br><\/br><\/br><\/br><\/br><\/br><\/br><\/br><\/br><\/br><\/br><\/br><\/br><\/br><\/br><\/br><\/br><\/br><\/br><\/br><\/br><\/br><\/br><\/br><\/br><\/br><\/br><\/br><\/br><\/br><\/br><\/br><\/br><\/br><\/br><\/br><\/p>","protected":false},"excerpt":{"rendered":"<p>Original Preis 4900 $ Geschlecht &#8211; Herren-Uhr &#8211; Stil &#8211; klassische Musik\/Casual MECHANISMUS Mechanismus &#8211; Schweiz Typ des Mechanismus &#8211; Mechanik mit automatischem Aufzug Kaliber ETA &#8211; cal. 2824 Funktionen &#8211; Stunden-und Minutenzeiger, Sekundenzeiger, Datum Gangreserve von Etwa 42 Stunden ZIFFERNBLATT Farbe Wei\u00df Glas gew\u00f6lbtes Saphirglas GEH\u00c4USE &#8211; Material Geh\u00e4use &#8211; Edelstahl 316L Geh\u00e4use-Farbe &#8211; [&hellip;]<\/p>","protected":false},"featured_media":8560,"template":"","meta":{"_acf_changed":false,"inline_featured_image":false},"product_brand":[],"product_cat":[1244,1245,1068],"product_tag":[],"class_list":{"0":"post-8559","1":"product","2":"type-product","3":"status-publish","4":"has-post-thumbnail","6":"product_cat-breitling","7":"product_cat-navitimer","8":"product_cat-uhr","9":"pa_armband-stahl","10":"pa_farbe-weiss","11":"pa_form-des-gehaeuses-runde","12":"pa_funktionen-die-stunden-und-minutenzeiger-sekundenzeiger-datum","13":"pa_gangreserve-ungefaehr-42-stunden","14":"pa_gehaeusedurchmesser-41-mm","15":"pa_gehaeusefarbe-stahl","16":"pa_gehaeusematerial-stahl-316l","17":"pa_geschlecht-mens-watch-style","18":"pa_kaliber-eta-cal-2824","19":"pa_material-luenette-aus-gebuerstetem-stahl","20":"pa_stil-klassische-musik-casual","21":"pa_typ-stahl","22":"pa_typ-des-mechanismus-mechanik-mit-automatischem-aufzug","23":"pa_verschluss-branded-ausziehbares-clip","25":"first","26":"instock","27":"purchasable","28":"product-type-simple"},"acf":[],"_links":{"self":[{"href":"https:\/\/luxhoron.com\/fr\/wp-json\/wp\/v2\/product\/8559","targetHints":{"allow":["GET"]}}],"collection":[{"href":"https:\/\/luxhoron.com\/fr\/wp-json\/wp\/v2\/product"}],"about":[{"href":"https:\/\/luxhoron.com\/fr\/wp-json\/wp\/v2\/types\/product"}],"wp:featuredmedia":[{"embeddable":true,"href":"https:\/\/luxhoron.com\/fr\/wp-json\/wp\/v2\/media\/8560"}],"wp:attachment":[{"href":"https:\/\/luxhoron.com\/fr\/wp-json\/wp\/v2\/media?parent=8559"}],"wp:term":[{"taxonomy":"product_brand","embeddable":true,"href":"https:\/\/luxhoron.com\/fr\/wp-json\/wp\/v2\/product_brand?post=8559"},{"taxonomy":"product_cat","embeddable":true,"href":"https:\/\/luxhoron.com\/fr\/wp-json\/wp\/v2\/product_cat?post=8559"},{"taxonomy":"product_tag","embeddable":true,"href":"https:\/\/luxhoron.com\/fr\/wp-json\/wp\/v2\/product_tag?post=8559"}],"curies":[{"name":"wp","href":"https:\/\/api.w.org\/{rel}","templated":true}]}}