{"id":8291,"date":"2025-10-13T07:39:11","date_gmt":"2025-10-13T04:39:11","guid":{"rendered":"https:\/\/luxhoron.com\/product\/hublot-unico-29\/"},"modified":"2025-12-16T20:21:11","modified_gmt":"2025-12-16T17:21:11","slug":"hublot-unico-29","status":"publish","type":"product","link":"https:\/\/luxhoron.com\/fr\/product\/hublot-unico-29\/","title":{"rendered":"Hublot Unico"},"content":{"rendered":"<p>Sammlung &#8211; Big-Bang Unico<br \/>Paul &#8211; Herren\/Damen-Uhren &#8211;<br \/>Style &#8211; Casual Design<\/p>\n<p><strong>&#8211; MECHANISMUS<\/strong><\/p>\n<p>&#8211; Mechanismus &#8211; Schweiz<br \/>Typ des Mechanismus &#8211; Mechanik mit automatischem Aufzug<br \/>Kaliber &#8211; Mechanismus Klon cal. 7750<br \/>Funktionen &#8211; Stunden-und Minutenzeiger, Sekundenzeiger, Chronograph<br \/>Gangreserve von Etwa 42 Stunden<\/p>\n<p><strong>ZIFFERBLATT<\/strong><\/p>\n<p>Glas &#8211; Saphirglas<br \/>Zifferblatt Farbe -Grau, skelettiertes mechanisches<br \/>Indexe &#8211; Zeiger<\/p>\n<p><strong>GEH\u00c4USE<\/strong><\/p>\n<p>&#8211; Material Geh\u00e4use &#8211; Keramik+Titan<br \/>Geh\u00e4usefarbe Stahl<br \/>Geh\u00e4useform &#8211; Rund<br \/>&#8211; Durchmesser des Geh\u00e4uses betr\u00e4gt 42mm<br \/>Material L\u00fcnette Keramik<br \/>Wasserdicht Bis 5 ATM.<\/p>\n<p><strong>ARMBAND<\/strong><\/p>\n<p>&#8211; Armband &#8211; Kautschuk &#8211;<\/br><\/br><\/br><\/br><\/br><\/br><\/br><\/br><\/br><\/br><\/br><\/br><\/br><\/br><\/br><\/br><\/br><\/br><\/br><\/br><\/br><\/br><\/br><\/br><\/br><\/br><\/br><\/br><\/br><\/br><\/br><\/br><\/br><\/br><br \/>Collection &#8211; Big-Bang Unico<br \/>Paul &#8211; Herren\/Damen-Uhren &#8211;<br \/>Style &#8211; Casual Design<\/p>\n<p><strong>&#8211; MECHANISMUS<\/strong><\/p>\n<p>&#8211; Mechanismus &#8211; Schweiz<br \/>Typ des Mechanismus &#8211; Mechanik mit automatischem Aufzug<br \/>Kaliber &#8211; Mechanismus Klon cal. 7750<br \/>Funktionen &#8211; Stunden-und Minutenzeiger, Sekundenzeiger, Chronograph<br \/>Gangreserve von Etwa 42 Stunden<\/p>\n<p><strong>ZIFFERBLATT<\/strong><\/p>\n<p>Glas &#8211; Saphirglas<br \/>Zifferblatt Farbe -Grau, skelettiertes mechanisches<br \/>Indexe &#8211; Zeiger<\/p>\n<p><strong>GEH\u00c4USE<\/strong><\/p>\n<p>&#8211; Material Geh\u00e4use &#8211; Keramik+Titan<br \/>Geh\u00e4usefarbe Stahl<br \/>Geh\u00e4useform &#8211; Rund<br \/>&#8211; Durchmesser des Geh\u00e4uses betr\u00e4gt 42mm<br \/>Material L\u00fcnette Keramik<br \/>Wasserdicht Bis 5 ATM.<\/p>\n<p><strong>ARMBAND<\/strong><\/p>\n<p>&#8211; Armband &#8211; Kautschuk<\/br><\/br><\/br><\/br><\/br><\/br><\/br><\/br><\/br><\/br><\/br><\/br><\/br><\/br><\/br><\/br><\/br><\/br><\/br><\/br><\/br><\/br><\/br><\/br><\/br><\/br><\/br><\/br><\/br><\/br><\/br><\/br><\/br><\/br><\/p>","protected":false},"excerpt":{"rendered":"<p>Sammlung &#8211; Big-Bang UnicoPaul &#8211; Herren\/Damen-Uhren &#8211;Style &#8211; Casual Design &#8211; MECHANISMUS &#8211; Mechanismus &#8211; SchweizTyp des Mechanismus &#8211; Mechanik mit automatischem AufzugKaliber &#8211; Mechanismus Klon cal. 7750Funktionen &#8211; Stunden-und Minutenzeiger, Sekundenzeiger, ChronographGangreserve von Etwa 42 Stunden ZIFFERBLATT Glas &#8211; SaphirglasZifferblatt Farbe -Grau, skelettiertes mechanischesIndexe &#8211; Zeiger GEH\u00c4USE &#8211; Material Geh\u00e4use &#8211; Keramik+TitanGeh\u00e4usefarbe StahlGeh\u00e4useform &#8211; [&hellip;]<\/p>","protected":false},"featured_media":8292,"template":"","meta":{"_acf_changed":false,"inline_featured_image":false},"product_brand":[],"product_cat":[1123,1122,1068],"product_tag":[],"class_list":{"0":"post-8291","1":"product","2":"type-product","3":"status-publish","4":"has-post-thumbnail","6":"product_cat-big-bang","7":"product_cat-hublot","8":"product_cat-uhr","9":"pa_armband-rubber","10":"pa_farbe-des-zifferblatts-grau-skelettiertes-mechanisches","11":"pa_form-des-gehaeuses-round","12":"pa_funktionen-die-stunden-und-minutenzeiger-sekundenzeiger-chronograph","13":"pa_gangreserve-ungefaehr-42-stunden","14":"pa_gehaeusedurchmesser-42-mm","15":"pa_gehaeusefarbe-stahl","16":"pa_gehaeusematerial-keramik-titan","17":"pa_geschlecht-herrenuhr-damenuhr","18":"pa_kaliber-mechanismus-klon-cal-7750","19":"pa_material-luenette-keramik","20":"pa_sammlung-big","21":"pa_stil-casual","22":"pa_stundenmarker-zeiger","23":"pa_typ-des-mechanismus-mechanik-mit-automatischem-aufzug","25":"first","26":"instock","27":"purchasable","28":"product-type-simple"},"acf":[],"_links":{"self":[{"href":"https:\/\/luxhoron.com\/fr\/wp-json\/wp\/v2\/product\/8291","targetHints":{"allow":["GET"]}}],"collection":[{"href":"https:\/\/luxhoron.com\/fr\/wp-json\/wp\/v2\/product"}],"about":[{"href":"https:\/\/luxhoron.com\/fr\/wp-json\/wp\/v2\/types\/product"}],"wp:featuredmedia":[{"embeddable":true,"href":"https:\/\/luxhoron.com\/fr\/wp-json\/wp\/v2\/media\/8292"}],"wp:attachment":[{"href":"https:\/\/luxhoron.com\/fr\/wp-json\/wp\/v2\/media?parent=8291"}],"wp:term":[{"taxonomy":"product_brand","embeddable":true,"href":"https:\/\/luxhoron.com\/fr\/wp-json\/wp\/v2\/product_brand?post=8291"},{"taxonomy":"product_cat","embeddable":true,"href":"https:\/\/luxhoron.com\/fr\/wp-json\/wp\/v2\/product_cat?post=8291"},{"taxonomy":"product_tag","embeddable":true,"href":"https:\/\/luxhoron.com\/fr\/wp-json\/wp\/v2\/product_tag?post=8291"}],"curies":[{"name":"wp","href":"https:\/\/api.w.org\/{rel}","templated":true}]}}