{"id":7941,"date":"2025-10-13T07:29:45","date_gmt":"2025-10-13T04:29:45","guid":{"rendered":"https:\/\/luxhoron.com\/product\/patek-philippe-aquanaut-42mm-chronograph-4\/"},"modified":"2025-12-16T20:14:15","modified_gmt":"2025-12-16T17:14:15","slug":"patek-philippe-aquanaut-42mm-chronograph-4","status":"publish","type":"product","link":"https:\/\/luxhoron.com\/fr\/product\/patek-philippe-aquanaut-42mm-chronograph-4\/","title":{"rendered":"Patek Philippe Aquanaut 42mm Chronographe"},"content":{"rendered":"<p>Sammlung &#8211; Patek Philippe Aquanaut<br \/>Paul -Herrenuhr<br \/>Stil &#8211; Klassiker<\/p>\n<p><strong>MECHANISMUS<\/strong><\/p>\n<p>Mechanismus &#8211; Schweiz<br \/>Typ des Mechanismus -Mechanik mit automatischem Aufzug<br \/>Funktionen Stunden-und Minutenzeiger, Sekundenzeiger, Datum<br \/>Gangreserve von Etwa 42 Stunden<\/p>\n<p><strong>ZIFFERBLATT<\/strong><\/p>\n<p>Glas &#8211; Saphirglas<br \/>Zifferblatt -Guilloche &#8211;<br \/>Zifferblatt Farbe -Schwarz<br \/>Indexen -arabischen Ziffern<\/p>\n<p><strong>GEH\u00c4USE<\/strong><\/p>\n<p>&#8211; Material Geh\u00e4use -Edelstahl 316L<br \/>Geh\u00e4use-Farbe -Stahl &#8211;<br \/>Geh\u00e4useform &#8211; Rund<br \/>&#8211; Durchmesser Geh\u00e4use &#8211; 40 mm<br \/>&#8211; L\u00fcnette -Feste<br \/>Material L\u00fcnette -Stahl Geschliffen<br \/>Wasserdicht Bis 10 ATM.<\/p>\n<p><strong>ARMBAND<\/strong><\/p>\n<p>&#8211; Armband &#8211; Gummiband<br \/>&#8211; Verschluss &#8211; Branded ausziehbares Clip<\/br><\/br><\/br><\/br><\/br><\/br><\/br><\/br><\/br><\/br><\/br><\/br><\/br><\/br><\/br><\/br><\/br><\/br><\/br><\/br><\/br><\/br><\/br><\/br><\/br><\/br><\/br><\/br><\/br><\/br><\/br><br \/>Collection &#8211; Patek Philippe Aquanaut<br \/>Paul -Herrenuhr<br \/>Stil &#8211; Klassiker<\/p>\n<p><strong>MECHANISMUS<\/strong><\/p>\n<p>Mechanismus &#8211; Schweiz<br \/>Typ des Mechanismus -Mechanik mit automatischem Aufzug<br \/>Funktionen Stunden-und Minutenzeiger, Sekundenzeiger, Datum<br \/>Gangreserve von Etwa 42 Stunden<\/p>\n<p><strong>ZIFFERBLATT<\/strong><\/p>\n<p>Glas &#8211; Saphirglas<br \/>Zifferblatt -Guilloche &#8211;<br \/>Zifferblatt Farbe -Schwarz<br \/>Indexen -arabischen Ziffern<\/p>\n<p><strong>GEH\u00c4USE<\/strong><\/p>\n<p>&#8211; Material Geh\u00e4use -Edelstahl 316L<br \/>Geh\u00e4use-Farbe -Stahl &#8211;<br \/>Geh\u00e4useform &#8211; Rund<br \/>&#8211; Durchmesser Geh\u00e4use &#8211; 40 mm<br \/>&#8211; L\u00fcnette -Feste<br \/>Material L\u00fcnette -Stahl Geschliffen<br \/>Wasserdicht Bis 10 ATM.<\/p>\n<p><strong>ARMBAND<\/strong><\/p>\n<p>&#8211; Armband &#8211; Gummiband<br \/>&#8211; Verschluss &#8211; Branded ausziehbares Clip<\/br><\/br><\/br><\/br><\/br><\/br><\/br><\/br><\/br><\/br><\/br><\/br><\/br><\/br><\/br><\/br><\/br><\/br><\/br><\/br><\/br><\/br><\/br><\/br><\/br><\/br><\/br><\/br><\/br><\/br><\/br><\/p>","protected":false},"excerpt":{"rendered":"<p>Sammlung &#8211; Patek Philippe AquanautPaul -HerrenuhrStil &#8211; Klassiker MECHANISMUS Mechanismus &#8211; SchweizTyp des Mechanismus -Mechanik mit automatischem AufzugFunktionen Stunden-und Minutenzeiger, Sekundenzeiger, DatumGangreserve von Etwa 42 Stunden ZIFFERBLATT Glas &#8211; SaphirglasZifferblatt -Guilloche &#8211;Zifferblatt Farbe -SchwarzIndexen -arabischen Ziffern GEH\u00c4USE &#8211; Material Geh\u00e4use -Edelstahl 316LGeh\u00e4use-Farbe -Stahl &#8211;Geh\u00e4useform &#8211; Rund&#8211; Durchmesser Geh\u00e4use &#8211; 40 mm&#8211; L\u00fcnette -FesteMaterial L\u00fcnette -Stahl [&hellip;]<\/p>","protected":false},"featured_media":7942,"template":"","meta":{"_acf_changed":false,"inline_featured_image":false},"product_brand":[],"product_cat":[1159,1158,1068],"product_tag":[],"class_list":{"0":"post-7941","1":"product","2":"type-product","3":"status-publish","4":"has-post-thumbnail","6":"product_cat-aquanaut","7":"product_cat-patek-philippe","8":"product_cat-uhr","9":"pa_armband-rubber","10":"pa_farbe-des-zifferblatts-schwarz","11":"pa_form-des-gehaeuses-round","12":"pa_funktionen-die-stunden-und-minutenzeiger-sekundenzeiger-datum","13":"pa_gangreserve-ungefaehr-42-stunden","14":"pa_gehaeusedurchmesser-40-mm","15":"pa_gehaeusefarbe-stahl","16":"pa_gehaeusematerial-polierter-stahl-316l","17":"pa_geschlecht-herrenuhr","18":"pa_material-luenette-aus-gebuerstetem-stahl","19":"pa_sammlung-patek-philippe-aquanaut","20":"pa_stil-klassiker","21":"pa_stundenmarker-arabische-ziffern","22":"pa_typ-des-mechanismus-mechanik-mit-automatischem-aufzug","23":"pa_verschluss-branded-ausziehbares-clip","24":"pa_zifferblatt-guillochiert","26":"first","27":"instock","28":"purchasable","29":"product-type-simple"},"acf":[],"_links":{"self":[{"href":"https:\/\/luxhoron.com\/fr\/wp-json\/wp\/v2\/product\/7941","targetHints":{"allow":["GET"]}}],"collection":[{"href":"https:\/\/luxhoron.com\/fr\/wp-json\/wp\/v2\/product"}],"about":[{"href":"https:\/\/luxhoron.com\/fr\/wp-json\/wp\/v2\/types\/product"}],"wp:featuredmedia":[{"embeddable":true,"href":"https:\/\/luxhoron.com\/fr\/wp-json\/wp\/v2\/media\/7942"}],"wp:attachment":[{"href":"https:\/\/luxhoron.com\/fr\/wp-json\/wp\/v2\/media?parent=7941"}],"wp:term":[{"taxonomy":"product_brand","embeddable":true,"href":"https:\/\/luxhoron.com\/fr\/wp-json\/wp\/v2\/product_brand?post=7941"},{"taxonomy":"product_cat","embeddable":true,"href":"https:\/\/luxhoron.com\/fr\/wp-json\/wp\/v2\/product_cat?post=7941"},{"taxonomy":"product_tag","embeddable":true,"href":"https:\/\/luxhoron.com\/fr\/wp-json\/wp\/v2\/product_tag?post=7941"}],"curies":[{"name":"wp","href":"https:\/\/api.w.org\/{rel}","templated":true}]}}