{"id":7902,"date":"2025-10-13T07:23:09","date_gmt":"2025-10-13T04:23:09","guid":{"rendered":"https:\/\/luxhoron.com\/product\/patek-philippe-aquanaut-42mm\/"},"modified":"2025-10-13T07:29:18","modified_gmt":"2025-10-13T04:29:18","slug":"patek-philippe-aquanaut-42mm","status":"publish","type":"product","link":"https:\/\/luxhoron.com\/fr\/product\/patek-philippe-aquanaut-42mm\/","title":{"rendered":"Patek Philippe Aquanaut 42\u043c\u043c"},"content":{"rendered":"<p>Sammlung &#8211; Patek Philippe Aquanaut<\/p>\n<p>Paul -Herrenuhr<\/p>\n<p>Stil &#8211; Klassiker<\/p>\n<p><strong>MECHANISMUS<\/strong><\/p>\n<p>Mechanismus &#8211; Schweiz<\/p>\n<p>Typ des Mechanismus -Mechanik mit automatischem Aufzug<\/p>\n<p>Funktionen Stunden-und Minutenzeiger, Sekundenzeiger, Datum<\/p>\n<p>Gangreserve von Etwa 42 Stunden<\/p>\n<p><strong>ZIFFERBLATT<\/strong><\/p>\n<p>Glas &#8211; Saphirglas<\/p>\n<p>Zifferblatt -Guilloche &#8211;<\/p>\n<p>Zifferblatt Farbe -Gr\u00fcn<\/p>\n<p>Indexen -arabischen Ziffern<\/p>\n<p><strong>GEH\u00c4USE<\/strong><\/p>\n<p>&#8211; Material Geh\u00e4use -Edelstahl 316L<\/p>\n<p>Geh\u00e4use-Farbe -Stahl &#8211;<\/p>\n<p>Geh\u00e4useform &#8211; Rund<\/p>\n<p>Geh\u00e4usedurchmesser -42.2 mm<\/p>\n<p>L\u00fcnette -Feste<\/p>\n<p>Material L\u00fcnette -Stahl Geschliffen<\/p>\n<p>Wasserdicht Bis 10 ATM.<\/p>\n<p><strong>ARMBAND<\/strong><\/p>\n<p>&#8211; Armband &#8211; Gummiband<\/p>\n<p>&#8211; Verschluss &#8211; Branded ausziehbares Clip<\/p>\n<p><\/br><\/br><\/br><\/br><\/br><\/br><\/br><\/br><\/br><\/br><\/br><\/br><\/br><\/br><\/br><\/br><\/br><\/br><\/br><\/br><\/br><\/br><\/br><\/br><\/br><\/br><\/br><\/br><\/br><\/br><\/br><\/br><\/br><\/br><\/br><\/br><\/br><\/br><\/br><\/br><\/br><\/br><\/br><\/br><\/br><\/br><\/br><\/br><\/br><br \/>Collection &#8211; Patek Philippe Aquanaut<\/p>\n<p>Paul -Herrenuhr<\/p>\n<p>Stil &#8211; Klassiker<\/p>\n<p><strong>MECHANISMUS<\/strong><\/p>\n<p>Mechanismus &#8211; Schweiz<\/p>\n<p>Typ des Mechanismus -Mechanik mit automatischem Aufzug<\/p>\n<p>Funktionen Stunden-und Minutenzeiger, Sekundenzeiger, Datum<\/p>\n<p>Gangreserve von Etwa 42 Stunden<\/p>\n<p><strong>ZIFFERBLATT<\/strong><\/p>\n<p>Glas &#8211; Saphirglas<\/p>\n<p>Zifferblatt -Guilloche &#8211;<\/p>\n<p>Zifferblatt Farbe -Gr\u00fcn<\/p>\n<p>Indexen -arabischen Ziffern<\/p>\n<p><strong>GEH\u00c4USE<\/strong><\/p>\n<p>&#8211; Material Geh\u00e4use -Edelstahl 316L<\/p>\n<p>Geh\u00e4use-Farbe -Stahl &#8211;<\/p>\n<p>Geh\u00e4useform &#8211; Rund<\/p>\n<p>Geh\u00e4usedurchmesser -42.2 mm<\/p>\n<p>L\u00fcnette -Feste<\/p>\n<p>Material L\u00fcnette -Stahl Geschliffen<\/p>\n<p>Wasserdicht Bis 10 ATM.<\/p>\n<p><strong>ARMBAND<\/strong><\/p>\n<p>&#8211; Armband &#8211; Gummiband<\/p>\n<p>&#8211; Verschluss &#8211; Branded ausziehbares Clip<\/p>\n<p><\/br><\/br><\/br><\/br><\/br><\/br><\/br><\/br><\/br><\/br><\/br><\/br><\/br><\/br><\/br><\/br><\/br><\/br><\/br><\/br><\/br><\/br><\/br><\/br><\/br><\/br><\/br><\/br><\/br><\/br><\/br><\/br><\/br><\/br><\/br><\/br><\/br><\/br><\/br><\/br><\/br><\/br><\/br><\/br><\/br><\/br><\/br><\/br><\/br><\/p>","protected":false},"excerpt":{"rendered":"<p>Sammlung &#8211; Patek Philippe Aquanaut Paul -Herrenuhr Stil &#8211; Klassiker MECHANISMUS Mechanismus &#8211; Schweiz Typ des Mechanismus -Mechanik mit automatischem Aufzug Funktionen Stunden-und Minutenzeiger, Sekundenzeiger, Datum Gangreserve von Etwa 42 Stunden ZIFFERBLATT Glas &#8211; Saphirglas Zifferblatt -Guilloche &#8211; Zifferblatt Farbe -Gr\u00fcn Indexen -arabischen Ziffern GEH\u00c4USE &#8211; Material Geh\u00e4use -Edelstahl 316L Geh\u00e4use-Farbe -Stahl &#8211; Geh\u00e4useform &#8211; [&hellip;]<\/p>","protected":false},"featured_media":7903,"template":"","meta":{"_acf_changed":false,"inline_featured_image":false},"product_brand":[],"product_cat":[1159,1158,1068],"product_tag":[],"class_list":{"0":"post-7902","1":"product","2":"type-product","3":"status-publish","4":"has-post-thumbnail","6":"product_cat-aquanaut","7":"product_cat-patek-philippe","8":"product_cat-uhr","9":"pa_armband-rubber","10":"pa_farbe-silber","11":"pa_farbe-des-zifferblatts-gruen","12":"pa_form-des-gehaeuses-round","13":"pa_funktionen-die-stunden-und-minutenzeiger-sekundenzeiger-datum","14":"pa_gangreserve-ungefaehr-42-stunden","15":"pa_gehaeusedurchmesser-42-2-mm","16":"pa_gehaeusefarbe-stahl","17":"pa_gehaeusematerial-polierter-stahl-316l","18":"pa_geschlecht-herrenuhr","19":"pa_material-luenette-aus-gebuerstetem-stahl","20":"pa_sammlung-patek-philippe-aquanaut","21":"pa_stil-klassiker","22":"pa_stundenmarker-arabische-ziffern","23":"pa_typ-kautschuk","24":"pa_typ-des-mechanismus-mechanik-mit-automatischem-aufzug","25":"pa_verschluss-branded-ausziehbares-clip","26":"pa_zifferblatt-guillochiert","28":"first","29":"instock","30":"purchasable","31":"product-type-simple"},"acf":[],"_links":{"self":[{"href":"https:\/\/luxhoron.com\/fr\/wp-json\/wp\/v2\/product\/7902","targetHints":{"allow":["GET"]}}],"collection":[{"href":"https:\/\/luxhoron.com\/fr\/wp-json\/wp\/v2\/product"}],"about":[{"href":"https:\/\/luxhoron.com\/fr\/wp-json\/wp\/v2\/types\/product"}],"wp:featuredmedia":[{"embeddable":true,"href":"https:\/\/luxhoron.com\/fr\/wp-json\/wp\/v2\/media\/7903"}],"wp:attachment":[{"href":"https:\/\/luxhoron.com\/fr\/wp-json\/wp\/v2\/media?parent=7902"}],"wp:term":[{"taxonomy":"product_brand","embeddable":true,"href":"https:\/\/luxhoron.com\/fr\/wp-json\/wp\/v2\/product_brand?post=7902"},{"taxonomy":"product_cat","embeddable":true,"href":"https:\/\/luxhoron.com\/fr\/wp-json\/wp\/v2\/product_cat?post=7902"},{"taxonomy":"product_tag","embeddable":true,"href":"https:\/\/luxhoron.com\/fr\/wp-json\/wp\/v2\/product_tag?post=7902"}],"curies":[{"name":"wp","href":"https:\/\/api.w.org\/{rel}","templated":true}]}}