{"id":7865,"date":"2025-10-13T07:23:09","date_gmt":"2025-10-13T04:23:09","guid":{"rendered":"https:\/\/luxhoron.com\/product\/patek-philippe-aquanaut-2\/"},"modified":"2025-12-16T20:14:16","modified_gmt":"2025-12-16T17:14:16","slug":"patek-philippe-aquanaut-2","status":"publish","type":"product","link":"https:\/\/luxhoron.com\/fr\/product\/patek-philippe-aquanaut-2\/","title":{"rendered":"Patek Philippe Aquanaut"},"content":{"rendered":"<p>Sammlung-Patek Philippe Aquanaut<\/p>\n<p> Paul -Herrenuhr <\/p>\n<p> Stil &#8211; Klassiker <\/p>\n<p> <strong><strong>MECHANISMUS<\/strong><\/strong> <\/p>\n<p> Mechanismus &#8211; Schweiz <\/p>\n<p> Typ des Mechanismus -Mechanik mit automatischem Aufzug <\/p>\n<p> Funktionen Stunden-und Minutenzeiger, Sekundenzeiger, <\/p>\n<p> Gangreserve von Etwa 42 Stunden <\/p>\n<p> <strong><strong>ZIFFERBLATT<\/strong><\/strong> <\/p>\n<p> Glas &#8211; Saphirglas <\/p>\n<p> Zifferblatt -Guilloche &#8211; <\/p>\n<p> Zifferblatt Farbe -Schwarz <\/p>\n<p> Indexe -Zeiger <\/p>\n<p> <strong><strong>GEH\u00c4USE<\/strong><\/strong> <\/p>\n<p> &#8211; Material Geh\u00e4use -Edelstahl 316L <\/p>\n<p> Geh\u00e4use-Farbe &#8211; Stahl &#8211; <\/p>\n<p> Geh\u00e4useform &#8211; Rund <\/p>\n<p> Geh\u00e4usedurchmesser -39 mm <\/p>\n<p> L\u00fcnette -Feste<\/p>\n<p> Material L\u00fcnette -Stahl Geschliffen <\/p>\n<p> Wasserdicht Bis 10 ATM. <\/p>\n<p> <strong><strong>ARMBAND<\/strong><\/strong> <\/p>\n<p> &#8211; Armband &#8211; Stahl &#8211; <\/p>\n<p> Verschluss &#8211; Branded ausziehbares Clip <\/p>\n<p><\/br><\/br><\/br><\/br><\/br><\/br><\/br><\/br><\/br><\/br><\/br><\/br><\/br><\/br><\/br><\/br><\/br><\/br><\/br><\/br><\/br><\/br><\/br><\/br><\/br><\/br><\/br><\/br><\/br><\/br><\/br><\/br><\/br><\/br><\/br><\/br><\/br><\/br><\/br><\/br><\/br><\/br><\/br><\/br><\/br><\/br><\/br><\/br><\/br><br \/>Collection-Patek Philippe Aquanaut<\/p>\n<p> Paul -Herrenuhr <\/p>\n<p> Stil &#8211; Klassiker <\/p>\n<p> <strong><strong>MECHANISMUS<\/strong><\/strong> <\/p>\n<p> Mechanismus &#8211; Schweiz <\/p>\n<p> Typ des Mechanismus -Mechanik mit automatischem Aufzug <\/p>\n<p> Funktionen Stunden-und Minutenzeiger, Sekundenzeiger, <\/p>\n<p> Gangreserve von Etwa 42 Stunden <\/p>\n<p> <strong><strong>ZIFFERBLATT<\/strong><\/strong> <\/p>\n<p> Glas &#8211; Saphirglas <\/p>\n<p> Zifferblatt -Guilloche &#8211; <\/p>\n<p> Zifferblatt Farbe -Schwarz <\/p>\n<p> Indexe -Zeiger <\/p>\n<p> <strong><strong>GEH\u00c4USE<\/strong><\/strong> <\/p>\n<p> &#8211; Material Geh\u00e4use -Edelstahl 316L <\/p>\n<p> Geh\u00e4use-Farbe &#8211; Stahl &#8211; <\/p>\n<p> Geh\u00e4useform &#8211; Rund <\/p>\n<p> Geh\u00e4usedurchmesser -39 mm <\/p>\n<p> L\u00fcnette -Feste<\/p>\n<p> Material L\u00fcnette -Stahl Geschliffen <\/p>\n<p> Wasserdicht Bis 10 ATM. <\/p>\n<p> <strong><strong>ARMBAND<\/strong><\/strong> <\/p>\n<p> &#8211; Armband &#8211; Stahl &#8211; <\/p>\n<p> Verschluss &#8211; Branded ausziehbares Clip <\/p>\n<p><\/br><\/br><\/br><\/br><\/br><\/br><\/br><\/br><\/br><\/br><\/br><\/br><\/br><\/br><\/br><\/br><\/br><\/br><\/br><\/br><\/br><\/br><\/br><\/br><\/br><\/br><\/br><\/br><\/br><\/br><\/br><\/br><\/br><\/br><\/br><\/br><\/br><\/br><\/br><\/br><\/br><\/br><\/br><\/br><\/br><\/br><\/br><\/br><\/br><\/p>","protected":false},"excerpt":{"rendered":"<p>Sammlung-Patek Philippe Aquanaut Paul -Herrenuhr Stil &#8211; Klassiker MECHANISMUS Mechanismus &#8211; Schweiz Typ des Mechanismus -Mechanik mit automatischem Aufzug Funktionen Stunden-und Minutenzeiger, Sekundenzeiger, Gangreserve von Etwa 42 Stunden ZIFFERBLATT Glas &#8211; Saphirglas Zifferblatt -Guilloche &#8211; Zifferblatt Farbe -Schwarz Indexe -Zeiger GEH\u00c4USE &#8211; Material Geh\u00e4use -Edelstahl 316L Geh\u00e4use-Farbe &#8211; Stahl &#8211; Geh\u00e4useform &#8211; Rund Geh\u00e4usedurchmesser -39 [&hellip;]<\/p>","protected":false},"featured_media":7866,"template":"","meta":{"_acf_changed":false,"inline_featured_image":false},"product_brand":[],"product_cat":[1159,1158,1068],"product_tag":[],"class_list":{"0":"post-7865","1":"product","2":"type-product","3":"status-publish","4":"has-post-thumbnail","6":"product_cat-aquanaut","7":"product_cat-patek-philippe","8":"product_cat-uhr","9":"pa_armband-stahl","10":"pa_farbe-silber","11":"pa_farbe-des-zifferblatts-schwarz","12":"pa_form-des-gehaeuses-round","13":"pa_funktionen-die-stunden-und-minutenzeiger-sekundenzeiger","14":"pa_gangreserve-ungefaehr-42-stunden","15":"pa_gehaeusedurchmesser-39-mm","16":"pa_gehaeusefarbe-stahl","17":"pa_gehaeusematerial-polierter-stahl-316l","18":"pa_geschlecht-herrenuhr","19":"pa_material-luenette-aus-gebuerstetem-stahl","20":"pa_sammlung-patek-philippe-aquanaut","21":"pa_stil-klassiker","22":"pa_stundenmarker-zeiger","23":"pa_typ-stahl","24":"pa_typ-des-mechanismus-mechanik-mit-automatischem-aufzug","25":"pa_verschluss-branded-ausziehbares-clip","26":"pa_zifferblatt-guillochiert","28":"first","29":"instock","30":"purchasable","31":"product-type-simple"},"acf":[],"_links":{"self":[{"href":"https:\/\/luxhoron.com\/fr\/wp-json\/wp\/v2\/product\/7865","targetHints":{"allow":["GET"]}}],"collection":[{"href":"https:\/\/luxhoron.com\/fr\/wp-json\/wp\/v2\/product"}],"about":[{"href":"https:\/\/luxhoron.com\/fr\/wp-json\/wp\/v2\/types\/product"}],"wp:featuredmedia":[{"embeddable":true,"href":"https:\/\/luxhoron.com\/fr\/wp-json\/wp\/v2\/media\/7866"}],"wp:attachment":[{"href":"https:\/\/luxhoron.com\/fr\/wp-json\/wp\/v2\/media?parent=7865"}],"wp:term":[{"taxonomy":"product_brand","embeddable":true,"href":"https:\/\/luxhoron.com\/fr\/wp-json\/wp\/v2\/product_brand?post=7865"},{"taxonomy":"product_cat","embeddable":true,"href":"https:\/\/luxhoron.com\/fr\/wp-json\/wp\/v2\/product_cat?post=7865"},{"taxonomy":"product_tag","embeddable":true,"href":"https:\/\/luxhoron.com\/fr\/wp-json\/wp\/v2\/product_tag?post=7865"}],"curies":[{"name":"wp","href":"https:\/\/api.w.org\/{rel}","templated":true}]}}