{"id":7731,"date":"2025-10-13T07:18:48","date_gmt":"2025-10-13T04:18:48","guid":{"rendered":"https:\/\/luxhoron.com\/product\/audemars-piguet-royal-oak-39-mm-4\/"},"modified":"2025-10-13T07:19:48","modified_gmt":"2025-10-13T04:19:48","slug":"audemars-piguet-royal-oak-39-mm-4","status":"publish","type":"product","link":"https:\/\/luxhoron.com\/fr\/product\/audemars-piguet-royal-oak-39-mm-4\/","title":{"rendered":"Audemars Piguet Royal Oak 39 mm"},"content":{"rendered":"<p>Collection-Royal Oak 39 mm<\/p>\n<p>Geschlecht -Herren-Uhr<\/p>\n<p>&#8211; Stil &#8211; ein Klassiker<\/p>\n<p><strong>&#8211; MECHANISMUS<\/strong><\/p>\n<p>&#8211; Mechanismus &#8211; Schweiz<\/p>\n<p>Typ des Mechanismus -Mechanik mit automatischem Aufzug<\/p>\n<p>Funktionen Stunden-und Minutenzeiger, Sekundenzeiger, Datum<\/p>\n<p>Gangreserve von Etwa 42 Stunden<\/p>\n<p><strong>ZIFFERBLATT<\/strong><\/p>\n<p>Glas &#8211; Saphirglas<\/p>\n<p>Zifferblatt -Guilloche &#8211;<\/p>\n<p>Zifferblatt Farbe -Gr\u00fcn<\/p>\n<p>Indexe -Zeiger<\/p>\n<p><strong>&#8211; GEH\u00c4USE<\/strong><\/p>\n<p>Geh\u00e4use aus Geb\u00fcrstetem Stahl<\/p>\n<p>Geh\u00e4usefarbe Stahl<\/p>\n<p>Geh\u00e4useform &#8211; Rund<\/p>\n<p>Geh\u00e4usedurchmesser -39 mm<\/p>\n<p>L\u00fcnette -Feste<\/p>\n<p>Material L\u00fcnette -Stahl Geschliffen<\/p>\n<p>Wasserdicht Bis 10 ATM.<\/p>\n<p><strong>ARMBAND<\/strong><\/p>\n<p>&#8211; Armband &#8211; Stahl &#8211;<\/p>\n<p>Verschluss &#8211; Branded ausziehbares Clip<\/br><\/br><\/br><\/br><\/br><\/br><\/br><\/br><\/br><\/br><\/br><\/br><\/br><\/br><\/br><\/br><\/br><\/br><\/br><\/br><\/br><\/br><\/br><\/br><\/br><\/br><\/br><\/br><\/br><\/br><\/br><\/br><\/br><\/br><\/br><\/br><\/br><\/br><\/br><\/br><\/br><\/br><\/br><\/br><\/br><\/br><\/br><\/br><\/br><\/br><\/br><\/br><\/br><\/br><br \/>Collection-Royal Oak 39 mm<\/p>\n<p>Geschlecht -Herren-Uhr<\/p>\n<p>&#8211; Stil &#8211; ein Klassiker<\/p>\n<p><strong>&#8211; MECHANISMUS<\/strong><\/p>\n<p>&#8211; Mechanismus &#8211; Schweiz<\/p>\n<p>Typ des Mechanismus -Mechanik mit automatischem Aufzug<\/p>\n<p>Funktionen Stunden-und Minutenzeiger, Sekundenzeiger, Datum<\/p>\n<p>Gangreserve von Etwa 42 Stunden<\/p>\n<p><strong>ZIFFERBLATT<\/strong><\/p>\n<p>Glas &#8211; Saphirglas<\/p>\n<p>Zifferblatt -Guilloche &#8211;<\/p>\n<p>Zifferblatt Farbe -Gr\u00fcn<\/p>\n<p>Indexe -Zeiger<\/p>\n<p><strong>&#8211; GEH\u00c4USE<\/strong><\/p>\n<p>Geh\u00e4use aus Geb\u00fcrstetem Stahl<\/p>\n<p>Geh\u00e4usefarbe Stahl<\/p>\n<p>Geh\u00e4useform &#8211; Rund<\/p>\n<p>Geh\u00e4usedurchmesser -39 mm<\/p>\n<p>L\u00fcnette -Feste<\/p>\n<p>Material L\u00fcnette -Stahl Geschliffen<\/p>\n<p>Wasserdicht Bis 10 ATM.<\/p>\n<p><strong>ARMBAND<\/strong><\/p>\n<p>&#8211; Armband &#8211; Stahl &#8211;<\/p>\n<p>Verschluss &#8211; Branded ausziehbares Clip<\/br><\/br><\/br><\/br><\/br><\/br><\/br><\/br><\/br><\/br><\/br><\/br><\/br><\/br><\/br><\/br><\/br><\/br><\/br><\/br><\/br><\/br><\/br><\/br><\/br><\/br><\/br><\/br><\/br><\/br><\/br><\/br><\/br><\/br><\/br><\/br><\/br><\/br><\/br><\/br><\/br><\/br><\/br><\/br><\/br><\/br><\/br><\/br><\/br><\/br><\/br><\/br><\/br><\/br><\/p>","protected":false},"excerpt":{"rendered":"<p>Collection-Royal Oak 39 mm Geschlecht -Herren-Uhr &#8211; Stil &#8211; ein Klassiker &#8211; MECHANISMUS &#8211; Mechanismus &#8211; Schweiz Typ des Mechanismus -Mechanik mit automatischem Aufzug Funktionen Stunden-und Minutenzeiger, Sekundenzeiger, Datum Gangreserve von Etwa 42 Stunden ZIFFERBLATT Glas &#8211; Saphirglas Zifferblatt -Guilloche &#8211; Zifferblatt Farbe -Gr\u00fcn Indexe -Zeiger &#8211; GEH\u00c4USE Geh\u00e4use aus Geb\u00fcrstetem Stahl Geh\u00e4usefarbe Stahl Geh\u00e4useform [&hellip;]<\/p>","protected":false},"featured_media":7732,"template":"","meta":{"_acf_changed":false,"inline_featured_image":false},"product_brand":[],"product_cat":[1104,1105,1068],"product_tag":[],"class_list":{"0":"post-7731","1":"product","2":"type-product","3":"status-publish","4":"has-post-thumbnail","6":"product_cat-audemars-piguet","7":"product_cat-royal-oak","8":"product_cat-uhr","9":"pa_armband-stahl","10":"pa_farbe-des-zifferblatts-gruen","11":"pa_form-des-gehaeuses-round","12":"pa_funktionen-die-stunden-und-minutenzeiger-sekundenzeiger-datum","13":"pa_gangreserve-ungefaehr-42-stunden","14":"pa_gehaeusedurchmesser-39-mm","15":"pa_gehaeusefarbe-stahl","16":"pa_gehaeusematerial-aus-gebuerstetem-stahl","17":"pa_geschlecht-herrenuhr","18":"pa_material-luenette-aus-gebuerstetem-stahl","19":"pa_sammlung-royal-oak-39-mm","20":"pa_stil-klassiker","21":"pa_stundenmarker-zeiger","22":"pa_typ-des-mechanismus-mechanik-mit-automatischem-aufzug","23":"pa_verschluss-branded-ausziehbares-clip","24":"pa_zifferblatt-guillochiert","26":"first","27":"instock","28":"purchasable","29":"product-type-simple"},"acf":[],"_links":{"self":[{"href":"https:\/\/luxhoron.com\/fr\/wp-json\/wp\/v2\/product\/7731","targetHints":{"allow":["GET"]}}],"collection":[{"href":"https:\/\/luxhoron.com\/fr\/wp-json\/wp\/v2\/product"}],"about":[{"href":"https:\/\/luxhoron.com\/fr\/wp-json\/wp\/v2\/types\/product"}],"wp:featuredmedia":[{"embeddable":true,"href":"https:\/\/luxhoron.com\/fr\/wp-json\/wp\/v2\/media\/7732"}],"wp:attachment":[{"href":"https:\/\/luxhoron.com\/fr\/wp-json\/wp\/v2\/media?parent=7731"}],"wp:term":[{"taxonomy":"product_brand","embeddable":true,"href":"https:\/\/luxhoron.com\/fr\/wp-json\/wp\/v2\/product_brand?post=7731"},{"taxonomy":"product_cat","embeddable":true,"href":"https:\/\/luxhoron.com\/fr\/wp-json\/wp\/v2\/product_cat?post=7731"},{"taxonomy":"product_tag","embeddable":true,"href":"https:\/\/luxhoron.com\/fr\/wp-json\/wp\/v2\/product_tag?post=7731"}],"curies":[{"name":"wp","href":"https:\/\/api.w.org\/{rel}","templated":true}]}}