{"id":17539,"date":"2025-10-20T19:37:34","date_gmt":"2025-10-20T16:37:34","guid":{"rendered":"https:\/\/luxhoron.com\/product\/vacheron-constantin-traditionnelle-2\/"},"modified":"2025-12-16T20:43:01","modified_gmt":"2025-12-16T17:43:01","slug":"vacheron-constantin-traditionnelle-2","status":"publish","type":"product","link":"https:\/\/luxhoron.com\/fr\/product\/vacheron-constantin-traditionnelle-2\/","title":{"rendered":"Vacheron Constantin Traditionnelle"},"content":{"rendered":"<h2>Produktbeschreibung<\/h2>\n<p>Sammlung &#8211; Traditionnelle<br \/>Geschlecht &#8211; Herren-Uhr<br \/>&#8211; Stil &#8211; klassische Musik\/Casual<\/p>\n<p>MECHANISMUS<br \/>Mechanismus &#8211; Schweiz<br \/>Ger\u00e4tetyp &#8211; <em>Uhrwerk mit Handaufzug<\/em><br \/>Kaliber &#8211; <em>Kaliber 1420<\/em><br \/>Funktionen &#8211; Stunden-und Minutenzeiger, Sekundenzeiger, Datum<br \/>Gangreserve von Etwa 42 Stunden<\/p>\n<p>ZIFFERBLATT<br \/>Glas &#8211; Saphirglas<br \/>Zifferblatt &#8211; ein Schlankes<br \/>Zifferblatt Farbe &#8211; Wei\u00df<br \/>Indexe &#8211; Zeiger<\/p>\n<p>GEH\u00c4USE<br \/>&#8211; Material Geh\u00e4use &#8211; Edelstahl<br \/>Geh\u00e4use-Farbe &#8211; Rose Gold &#8211;<br \/>Geh\u00e4useform &#8211; Rund<br \/>&#8211; Durchmesser Geh\u00e4use &#8211; 40 mm<br \/>Material L\u00fcnette &#8211; Polierter Stahl<br \/>Wasserdicht Bis 5 ATM.<\/p>\n<p>ARMBAND<br \/>&#8211; Armband &#8211; Leder<br \/>Verschluss &#8211; Branded ausziehbares Clip<\/p>","protected":false},"excerpt":{"rendered":"<p>Produktbeschreibung Sammlung &#8211; TraditionnelleGeschlecht &#8211; Herren-Uhr&#8211; Stil &#8211; klassische Musik\/Casual MECHANISMUSMechanismus &#8211; SchweizGer\u00e4tetyp &#8211; Uhrwerk mit HandaufzugKaliber &#8211; Kaliber 1420Funktionen &#8211; Stunden-und Minutenzeiger, Sekundenzeiger, DatumGangreserve von Etwa 42 Stunden ZIFFERBLATTGlas &#8211; SaphirglasZifferblatt &#8211; ein SchlankesZifferblatt Farbe &#8211; Wei\u00dfIndexe &#8211; Zeiger GEH\u00c4USE&#8211; Material Geh\u00e4use &#8211; EdelstahlGeh\u00e4use-Farbe &#8211; Rose Gold &#8211;Geh\u00e4useform &#8211; Rund&#8211; Durchmesser Geh\u00e4use &#8211; 40 [&hellip;]<\/p>","protected":false},"featured_media":17540,"template":"","meta":{"_acf_changed":false,"inline_featured_image":false},"product_brand":[],"product_cat":[1068,2125],"product_tag":[],"class_list":{"0":"post-17539","1":"product","2":"type-product","3":"status-publish","4":"has-post-thumbnail","6":"product_cat-uhr","7":"product_cat-vacheron-constantin","8":"pa_armband-leder","9":"pa_farbe-des-zifferblatts-weiss","10":"pa_form-des-gehaeuses-round","11":"pa_funktionen-die-stunden-und-minutenzeiger-sekundenzeiger-datum","12":"pa_gangreserve-ungefaehr-42-stunden","13":"pa_gehaeusedurchmesser-40-mm","14":"pa_gehaeusefarbe-rose-gold","15":"pa_gehaeusematerial-polierter-stahl","16":"pa_geschlecht-herren-uhr","17":"pa_kaliber-kaliber-1420","18":"pa_material-luenette-polierter-stahl","19":"pa_sammlung-traditionnelle","20":"pa_stil-klassische-musik-casual","21":"pa_stundenmarker-zeiger","22":"pa_typ-des-mechanismus-mit-handaufzug","23":"pa_verschluss-branded-ausziehbares-clip","24":"pa_zifferblatt-glatt","26":"first","27":"instock","28":"purchasable","29":"product-type-simple"},"acf":[],"_links":{"self":[{"href":"https:\/\/luxhoron.com\/fr\/wp-json\/wp\/v2\/product\/17539","targetHints":{"allow":["GET"]}}],"collection":[{"href":"https:\/\/luxhoron.com\/fr\/wp-json\/wp\/v2\/product"}],"about":[{"href":"https:\/\/luxhoron.com\/fr\/wp-json\/wp\/v2\/types\/product"}],"wp:featuredmedia":[{"embeddable":true,"href":"https:\/\/luxhoron.com\/fr\/wp-json\/wp\/v2\/media\/17540"}],"wp:attachment":[{"href":"https:\/\/luxhoron.com\/fr\/wp-json\/wp\/v2\/media?parent=17539"}],"wp:term":[{"taxonomy":"product_brand","embeddable":true,"href":"https:\/\/luxhoron.com\/fr\/wp-json\/wp\/v2\/product_brand?post=17539"},{"taxonomy":"product_cat","embeddable":true,"href":"https:\/\/luxhoron.com\/fr\/wp-json\/wp\/v2\/product_cat?post=17539"},{"taxonomy":"product_tag","embeddable":true,"href":"https:\/\/luxhoron.com\/fr\/wp-json\/wp\/v2\/product_tag?post=17539"}],"curies":[{"name":"wp","href":"https:\/\/api.w.org\/{rel}","templated":true}]}}