{"id":17506,"date":"2025-10-20T19:36:11","date_gmt":"2025-10-20T16:36:11","guid":{"rendered":"https:\/\/luxhoron.com\/product\/vacheron-constantin-malte-dual-time-regulator-42005\/"},"modified":"2025-12-16T20:43:03","modified_gmt":"2025-12-16T17:43:03","slug":"vacheron-constantin-malte-dual-time-regulator-42005","status":"publish","type":"product","link":"https:\/\/luxhoron.com\/fr\/product\/vacheron-constantin-malte-dual-time-regulator-42005\/","title":{"rendered":"Vacheron Constantin Malte Dual Time, R\u00e9gulateur De 42005"},"content":{"rendered":"<h2>Produktbeschreibung<\/h2>\n<p>Kollektion Patrimony<br \/>\nGeschlecht &#8211; Herren-Uhr<br \/>\n&#8211; Stil &#8211; klassische Musik\/Casual<\/p>\n<p>MECHANISMUS<br \/>\nMechanismus &#8211; Schweiz<br \/>\nArt der Gang &#8211; Automatik &#8211;<br \/>\nKaliber &#8211; <em>1206 RDT<\/em><br \/>\nFunktionen &#8211; Stunden-und Minutenzeiger, Sekundenzeiger, Datum<br \/>\nGangreserve von Etwa 42 Stunden<\/p>\n<p>ZIFFERBLATT<br \/>\nGlas &#8211; Saphirglas<br \/>\nZifferblatt &#8211; ein Schlankes<br \/>\nZifferblatt Farbe &#8211; Wei\u00df<br \/>\nIndexe &#8211; Zeiger<\/p>\n<p>&#8211; GEH\u00c4USE<br \/>\nGeh\u00e4use-Material &#8211; Polierter Stahl<br \/>\nGeh\u00e4usefarbe Stahl<br \/>\nGeh\u00e4useform &#8211; Rund<br \/>\nGeh\u00e4use-Durchmesser &#8211; 39 mm<br \/>\nMaterial L\u00fcnette &#8211; Polierter Stahl<br \/>\nWasserdicht Bis 5 ATM.<\/p>\n<p>ARMBAND<br \/>\n&#8211; Armband &#8211; Leder<br \/>\nVerschluss &#8211; Branded ausziehbares Clip<\/p>","protected":false},"excerpt":{"rendered":"<p>Produktbeschreibung Kollektion Patrimony Geschlecht &#8211; Herren-Uhr &#8211; Stil &#8211; klassische Musik\/Casual MECHANISMUS Mechanismus &#8211; Schweiz Art der Gang &#8211; Automatik &#8211; Kaliber &#8211; 1206 RDT Funktionen &#8211; Stunden-und Minutenzeiger, Sekundenzeiger, Datum Gangreserve von Etwa 42 Stunden ZIFFERBLATT Glas &#8211; Saphirglas Zifferblatt &#8211; ein Schlankes Zifferblatt Farbe &#8211; Wei\u00df Indexe &#8211; Zeiger &#8211; GEH\u00c4USE Geh\u00e4use-Material &#8211; [&hellip;]<\/p>","protected":false},"featured_media":17580,"template":"","meta":{"_acf_changed":false,"inline_featured_image":false},"product_brand":[],"product_cat":[1068,2125],"product_tag":[],"class_list":{"0":"post-17506","1":"product","2":"type-product","3":"status-publish","4":"has-post-thumbnail","6":"product_cat-uhr","7":"product_cat-vacheron-constantin","8":"pa_armband-leder","9":"pa_farbe-des-zifferblatts-weiss","10":"pa_form-des-gehaeuses-round","11":"pa_funktionen-die-stunden-und-minutenzeiger-sekundenzeiger-datum","12":"pa_gangreserve-ungefaehr-42-stunden","13":"pa_gehaeusedurchmesser-39-mm","14":"pa_gehaeusefarbe-stahl","15":"pa_gehaeusematerial-polierter-stahl","16":"pa_geschlecht-herren-uhr","17":"pa_kaliber-1206-rdt","18":"pa_material-luenette-polierter-stahl","19":"pa_sammlung-patrimony","20":"pa_stil-klassische-musik-casual","21":"pa_stundenmarker-zeiger","22":"pa_typ-des-mechanismus-automatische","23":"pa_verschluss-branded-ausziehbares-clip","24":"pa_zifferblatt-glatt","26":"first","27":"instock","28":"purchasable","29":"product-type-simple"},"acf":[],"_links":{"self":[{"href":"https:\/\/luxhoron.com\/fr\/wp-json\/wp\/v2\/product\/17506","targetHints":{"allow":["GET"]}}],"collection":[{"href":"https:\/\/luxhoron.com\/fr\/wp-json\/wp\/v2\/product"}],"about":[{"href":"https:\/\/luxhoron.com\/fr\/wp-json\/wp\/v2\/types\/product"}],"wp:featuredmedia":[{"embeddable":true,"href":"https:\/\/luxhoron.com\/fr\/wp-json\/wp\/v2\/media\/17580"}],"wp:attachment":[{"href":"https:\/\/luxhoron.com\/fr\/wp-json\/wp\/v2\/media?parent=17506"}],"wp:term":[{"taxonomy":"product_brand","embeddable":true,"href":"https:\/\/luxhoron.com\/fr\/wp-json\/wp\/v2\/product_brand?post=17506"},{"taxonomy":"product_cat","embeddable":true,"href":"https:\/\/luxhoron.com\/fr\/wp-json\/wp\/v2\/product_cat?post=17506"},{"taxonomy":"product_tag","embeddable":true,"href":"https:\/\/luxhoron.com\/fr\/wp-json\/wp\/v2\/product_tag?post=17506"}],"curies":[{"name":"wp","href":"https:\/\/api.w.org\/{rel}","templated":true}]}}