{"id":17488,"date":"2025-10-20T19:36:11","date_gmt":"2025-10-20T16:36:11","guid":{"rendered":"https:\/\/luxhoron.com\/product\/vacheron-constantin-fiftysix-3\/"},"modified":"2025-12-16T20:43:03","modified_gmt":"2025-12-16T17:43:03","slug":"vacheron-constantin-fiftysix-3","status":"publish","type":"product","link":"https:\/\/luxhoron.com\/fr\/product\/vacheron-constantin-fiftysix-3\/","title":{"rendered":"Vacheron Constantin Fiftysix"},"content":{"rendered":"<h2>Produktbeschreibung<\/h2>\n<p>Kollektion Fiftysix<br \/>\nGeschlecht &#8211; Herren-Uhr<br \/>\n&#8211; Stil &#8211; klassische Musik\/Casual<\/p>\n<p>MECHANISMUS<br \/>\nMechanismus &#8211; Schweiz<br \/>\nGer\u00e4tetyp &#8211; Uhrwerk mit Handaufzug<br \/>\nKaliber <em>2160<\/em><br \/>\nFunktionen &#8211; Stunden-und Minutenzeiger, Sekundenzeiger, Datum<br \/>\nGangreserve von Etwa 42 Stunden<\/p>\n<p>ZIFFERBLATT<br \/>\nGlas &#8211; Saphirglas<br \/>\nZifferblatt &#8211; ein Schlankes<br \/>\nZifferblatt Farbe &#8211; Blau<br \/>\nIndexe &#8211; Zeiger<\/p>\n<p>&#8211; GEH\u00c4USE<br \/>\nGeh\u00e4use-Material &#8211; Polierter Stahl<br \/>\nGeh\u00e4usefarbe Stahl<br \/>\nForm des Geh\u00e4uses &#8211; Kreis &#8211;<br \/>\nDurchmesser &#8211; 40 mm<br \/>\nMaterial L\u00fcnette &#8211; Polierter Stahl<br \/>\nWasserdicht Bis 5 ATM.<\/p>\n<p>ARMBAND<br \/>\n&#8211; Armband &#8211; Leder<br \/>\nVerschluss &#8211; Branded ausziehbares Clip<\/p>","protected":false},"excerpt":{"rendered":"<p>Produktbeschreibung Kollektion Fiftysix Geschlecht &#8211; Herren-Uhr &#8211; Stil &#8211; klassische Musik\/Casual MECHANISMUS Mechanismus &#8211; Schweiz Ger\u00e4tetyp &#8211; Uhrwerk mit Handaufzug Kaliber 2160 Funktionen &#8211; Stunden-und Minutenzeiger, Sekundenzeiger, Datum Gangreserve von Etwa 42 Stunden ZIFFERBLATT Glas &#8211; Saphirglas Zifferblatt &#8211; ein Schlankes Zifferblatt Farbe &#8211; Blau Indexe &#8211; Zeiger &#8211; GEH\u00c4USE Geh\u00e4use-Material &#8211; Polierter Stahl Geh\u00e4usefarbe [&hellip;]<\/p>","protected":false},"featured_media":17578,"template":"","meta":{"_acf_changed":false,"inline_featured_image":false},"product_brand":[],"product_cat":[1068,2125],"product_tag":[],"class_list":{"0":"post-17488","1":"product","2":"type-product","3":"status-publish","4":"has-post-thumbnail","6":"product_cat-uhr","7":"product_cat-vacheron-constantin","8":"pa_armband-leder","9":"pa_farbe-des-zifferblatts-blau","10":"pa_form-des-gehaeuses-kreis","11":"pa_funktionen-die-stunden-und-minutenzeiger-sekundenzeiger-datum","12":"pa_gangreserve-ungefaehr-42-stunden","13":"pa_gehaeusedurchmesser-40-mm","14":"pa_gehaeusefarbe-stahl","15":"pa_gehaeusematerial-polierter-stahl","16":"pa_geschlecht-herren-uhr","17":"pa_kaliber-2370","18":"pa_material-luenette-polierter-stahl","19":"pa_sammlung-fiftysix","20":"pa_stil-klassische-musik-casual","21":"pa_stundenmarker-zeiger","22":"pa_typ-des-mechanismus-mit-handaufzug","23":"pa_verschluss-branded-ausziehbares-clip","24":"pa_zifferblatt-glatt","26":"first","27":"instock","28":"purchasable","29":"product-type-simple"},"acf":[],"_links":{"self":[{"href":"https:\/\/luxhoron.com\/fr\/wp-json\/wp\/v2\/product\/17488","targetHints":{"allow":["GET"]}}],"collection":[{"href":"https:\/\/luxhoron.com\/fr\/wp-json\/wp\/v2\/product"}],"about":[{"href":"https:\/\/luxhoron.com\/fr\/wp-json\/wp\/v2\/types\/product"}],"wp:featuredmedia":[{"embeddable":true,"href":"https:\/\/luxhoron.com\/fr\/wp-json\/wp\/v2\/media\/17578"}],"wp:attachment":[{"href":"https:\/\/luxhoron.com\/fr\/wp-json\/wp\/v2\/media?parent=17488"}],"wp:term":[{"taxonomy":"product_brand","embeddable":true,"href":"https:\/\/luxhoron.com\/fr\/wp-json\/wp\/v2\/product_brand?post=17488"},{"taxonomy":"product_cat","embeddable":true,"href":"https:\/\/luxhoron.com\/fr\/wp-json\/wp\/v2\/product_cat?post=17488"},{"taxonomy":"product_tag","embeddable":true,"href":"https:\/\/luxhoron.com\/fr\/wp-json\/wp\/v2\/product_tag?post=17488"}],"curies":[{"name":"wp","href":"https:\/\/api.w.org\/{rel}","templated":true}]}}