{"id":17440,"date":"2025-10-20T19:34:38","date_gmt":"2025-10-20T16:34:38","guid":{"rendered":"https:\/\/luxhoron.com\/product\/vacheron-constantin-overseas-21\/"},"modified":"2025-12-16T20:43:03","modified_gmt":"2025-12-16T17:43:03","slug":"vacheron-constantin-overseas-21","status":"publish","type":"product","link":"https:\/\/luxhoron.com\/fr\/product\/vacheron-constantin-overseas-21\/","title":{"rendered":"Vacheron Constantin Overseas"},"content":{"rendered":"<h2>Produktbeschreibung<\/h2>\n<p>Sammlung &#8211; Overseas Tourbillon<br \/>Geschlecht &#8211; Herren-Uhr<br \/>&#8211; Stil &#8211; klassische Musik\/Casual<\/p>\n<p>MECHANISMUS<br \/>Mechanismus &#8211; Schweiz<br \/>Typ des Mechanismus &#8211; Mechanik mit automatischem Aufzug<br \/>Kaliber Tourbillon<br \/>Funktionen &#8211; Stunden-und Minutenzeiger<br \/>eine Gangreserve von Etwa 42 Stunden<\/p>\n<p>ZIFFERBLATT<br \/>Glas &#8211; Saphirglas<br \/>Zifferblatt &#8211; ein Schlankes<br \/>Zifferblatt Farbe &#8211; Blau<br \/>Indexe &#8211; Zeiger<\/p>\n<p>&#8211; GEH\u00c4USE<br \/>Geh\u00e4use-Material &#8211; Polierter Stahl<br \/>Geh\u00e4usefarbe Stahl<br \/>Geh\u00e4useform &#8211; Rund<br \/>Geh\u00e4usedurchmesser &#8211; 43 mm<br \/>Material L\u00fcnette &#8211; Polierter Stahl<br \/>Wasserdicht Bis 5 ATM.<\/p>\n<p>ARMBAND<br \/>&#8211; Armband &#8211; Kautschuk<br \/>Verschluss &#8211; Branded ausziehbares Clip<\/p>","protected":false},"excerpt":{"rendered":"<p>Produktbeschreibung Sammlung &#8211; Overseas TourbillonGeschlecht &#8211; Herren-Uhr&#8211; Stil &#8211; klassische Musik\/Casual MECHANISMUSMechanismus &#8211; SchweizTyp des Mechanismus &#8211; Mechanik mit automatischem AufzugKaliber TourbillonFunktionen &#8211; Stunden-und Minutenzeigereine Gangreserve von Etwa 42 Stunden ZIFFERBLATTGlas &#8211; SaphirglasZifferblatt &#8211; ein SchlankesZifferblatt Farbe &#8211; BlauIndexe &#8211; Zeiger &#8211; GEH\u00c4USEGeh\u00e4use-Material &#8211; Polierter StahlGeh\u00e4usefarbe StahlGeh\u00e4useform &#8211; RundGeh\u00e4usedurchmesser &#8211; 43 mmMaterial L\u00fcnette &#8211; Polierter [&hellip;]<\/p>","protected":false},"featured_media":17441,"template":"","meta":{"_acf_changed":false,"inline_featured_image":false},"product_brand":[],"product_cat":[1068,2125],"product_tag":[],"class_list":{"0":"post-17440","1":"product","2":"type-product","3":"status-publish","4":"has-post-thumbnail","6":"product_cat-uhr","7":"product_cat-vacheron-constantin","8":"pa_armband-kautschuk","9":"pa_farbe-des-zifferblatts-blau","10":"pa_form-des-gehaeuses-round","11":"pa_funktionen-die-stunden-und-minutenzeiger","12":"pa_gangreserve-ungefaehr-42-stunden","13":"pa_gehaeusedurchmesser-43-mm","14":"pa_gehaeusefarbe-stahl","15":"pa_gehaeusematerial-polierter-stahl","16":"pa_geschlecht-herren-uhr","17":"pa_kaliber-tourbillon","18":"pa_material-luenette-polierter-stahl","19":"pa_sammlung-overseas-tourbillon","20":"pa_stil-klassische-musik-casual","21":"pa_stundenmarker-zeiger","22":"pa_typ-des-mechanismus-mechanik-mit-automatischem-aufzug","23":"pa_verschluss-branded-ausziehbares-clip","24":"pa_zifferblatt-glatt","26":"first","27":"instock","28":"purchasable","29":"product-type-simple"},"acf":[],"_links":{"self":[{"href":"https:\/\/luxhoron.com\/fr\/wp-json\/wp\/v2\/product\/17440","targetHints":{"allow":["GET"]}}],"collection":[{"href":"https:\/\/luxhoron.com\/fr\/wp-json\/wp\/v2\/product"}],"about":[{"href":"https:\/\/luxhoron.com\/fr\/wp-json\/wp\/v2\/types\/product"}],"wp:featuredmedia":[{"embeddable":true,"href":"https:\/\/luxhoron.com\/fr\/wp-json\/wp\/v2\/media\/17441"}],"wp:attachment":[{"href":"https:\/\/luxhoron.com\/fr\/wp-json\/wp\/v2\/media?parent=17440"}],"wp:term":[{"taxonomy":"product_brand","embeddable":true,"href":"https:\/\/luxhoron.com\/fr\/wp-json\/wp\/v2\/product_brand?post=17440"},{"taxonomy":"product_cat","embeddable":true,"href":"https:\/\/luxhoron.com\/fr\/wp-json\/wp\/v2\/product_cat?post=17440"},{"taxonomy":"product_tag","embeddable":true,"href":"https:\/\/luxhoron.com\/fr\/wp-json\/wp\/v2\/product_tag?post=17440"}],"curies":[{"name":"wp","href":"https:\/\/api.w.org\/{rel}","templated":true}]}}