{"id":17217,"date":"2025-10-20T19:29:11","date_gmt":"2025-10-20T16:29:11","guid":{"rendered":"https:\/\/luxhoron.com\/product\/longines-3\/"},"modified":"2025-12-16T20:23:19","modified_gmt":"2025-12-16T17:23:19","slug":"longines-3","status":"publish","type":"product","link":"https:\/\/luxhoron.com\/fr\/product\/longines-3\/","title":{"rendered":"Longines"},"content":{"rendered":"<h2>Produktbeschreibung<\/h2>\n<p>Collection &#8211; Longines Master Collection<\/p>\n<p>Paul &#8211; Herren Uhr<\/p>\n<p>Stil &#8211; Klassiker<\/p>\n<p><strong><strong data- redactor- tag=\"strong\">MECHANISMUS<\/strong><\/strong><\/p>\n<p>Mechanismus &#8211; Schweiz<\/p>\n<p>Typ des Mechanismus &#8211; Mechanik mit automatischem Aufzug<\/p>\n<p>Funktionen Stunden-und Minutenzeiger, Sekundenzeiger, Datum<\/p>\n<p>Gangreserve von Etwa 42 Stunden<\/p>\n<p><strong><strong data- redactor- tag=\"strong\">ZIFFERBLATT<\/strong><\/strong><\/p>\n<p>Glas &#8211; Saphirglas<\/p>\n<p>Zifferblatt &#8211; ein Schlankes<\/p>\n<p>Zifferblatt Farbe &#8211; Wei\u00df<\/p>\n<p>Indexen &#8211; arabischen Ziffern<\/p>\n<p><strong><strong data- redactor- tag=\"strong\">GEH\u00c4USE<\/strong><\/strong><\/p>\n<p>&#8211; Material Geh\u00e4use &#8211; Edelstahl 316L<\/p>\n<p>Geh\u00e4use-Farbe &#8211; Stahl &#8211;<\/p>\n<p>Geh\u00e4useform &#8211; Rund<\/p>\n<p>Geh\u00e4usedurchmesser &#8211; 41 mm<\/p>\n<p>L\u00fcnette &#8211; \u0424\u0438\u043a\u0441\u0438\u0440\u043e\u0432\u0430\u043d\u044b\u0439<\/p>\n<p>Material L\u00fcnette &#8211; Polierter Edelstahl 316L<\/p>\n<p>Wasserdicht Bis 10 ATM.<\/p>\n<p><strong><strong data- redactor- tag=\"strong\">ARMBAND<\/strong><\/strong><\/p>\n<p>&#8211; Armband &#8211; Stahl &#8211;<\/p>\n<p>Verschluss &#8211; Branded ausziehbares Clip<\/p>","protected":false},"excerpt":{"rendered":"<p>Produktbeschreibung Collection &#8211; Longines Master Collection Paul &#8211; Herren Uhr Stil &#8211; Klassiker MECHANISMUS Mechanismus &#8211; Schweiz Typ des Mechanismus &#8211; Mechanik mit automatischem Aufzug Funktionen Stunden-und Minutenzeiger, Sekundenzeiger, Datum Gangreserve von Etwa 42 Stunden ZIFFERBLATT Glas &#8211; Saphirglas Zifferblatt &#8211; ein Schlankes Zifferblatt Farbe &#8211; Wei\u00df Indexen &#8211; arabischen Ziffern GEH\u00c4USE &#8211; Material Geh\u00e4use [&hellip;]<\/p>","protected":false},"featured_media":17218,"template":"","meta":{"_acf_changed":false,"inline_featured_image":false},"product_brand":[],"product_cat":[2116,1068],"product_tag":[],"class_list":{"0":"post-17217","1":"product","2":"type-product","3":"status-publish","4":"has-post-thumbnail","6":"product_cat-longines","7":"product_cat-uhr","8":"pa_armband-stahl","9":"pa_farbe-des-zifferblatts-weiss","10":"pa_form-des-gehaeuses-round","11":"pa_funktionen-die-stunden-und-minutenzeiger-sekundenzeiger-datum","12":"pa_gangreserve-ungefaehr-42-stunden","13":"pa_gehaeusedurchmesser-41-mm","14":"pa_gehaeusefarbe-stahl","15":"pa_gehaeusematerial-polierter-stahl-316l","16":"pa_geschlecht-herren-uhr","17":"pa_material-luenette-polierter-stahl-316l","18":"pa_sammlung-longines-master-collection","19":"pa_stil-klassiker","20":"pa_stundenmarker-arabische-ziffern","21":"pa_typ-des-mechanismus-mechanik-mit-automatischem-aufzug","22":"pa_verschluss-branded-ausziehbares-clip","23":"pa_zifferblatt-glatt","25":"first","26":"instock","27":"purchasable","28":"product-type-simple"},"acf":[],"_links":{"self":[{"href":"https:\/\/luxhoron.com\/fr\/wp-json\/wp\/v2\/product\/17217","targetHints":{"allow":["GET"]}}],"collection":[{"href":"https:\/\/luxhoron.com\/fr\/wp-json\/wp\/v2\/product"}],"about":[{"href":"https:\/\/luxhoron.com\/fr\/wp-json\/wp\/v2\/types\/product"}],"wp:featuredmedia":[{"embeddable":true,"href":"https:\/\/luxhoron.com\/fr\/wp-json\/wp\/v2\/media\/17218"}],"wp:attachment":[{"href":"https:\/\/luxhoron.com\/fr\/wp-json\/wp\/v2\/media?parent=17217"}],"wp:term":[{"taxonomy":"product_brand","embeddable":true,"href":"https:\/\/luxhoron.com\/fr\/wp-json\/wp\/v2\/product_brand?post=17217"},{"taxonomy":"product_cat","embeddable":true,"href":"https:\/\/luxhoron.com\/fr\/wp-json\/wp\/v2\/product_cat?post=17217"},{"taxonomy":"product_tag","embeddable":true,"href":"https:\/\/luxhoron.com\/fr\/wp-json\/wp\/v2\/product_tag?post=17217"}],"curies":[{"name":"wp","href":"https:\/\/api.w.org\/{rel}","templated":true}]}}