{"id":17206,"date":"2025-10-20T19:29:11","date_gmt":"2025-10-20T16:29:11","guid":{"rendered":"https:\/\/luxhoron.com\/product\/longines\/"},"modified":"2025-12-16T20:23:19","modified_gmt":"2025-12-16T17:23:19","slug":"longines","status":"publish","type":"product","link":"https:\/\/luxhoron.com\/fr\/product\/longines\/","title":{"rendered":"Longines"},"content":{"rendered":"<h2>Produktbeschreibung<\/h2>\n<p>Collection &#8211; Master Collection<\/p>\n<p>Paul &#8211; Damen Uhr<\/p>\n<p>Stil &#8211; Klassiker<\/p>\n<p><strong><strong data- redactor- tag=\"strong\">MECHANISMUS<\/strong><\/strong><\/p>\n<p>Mechanismus &#8211; Schweiz<\/p>\n<p>Typ des Mechanismus &#8211; Mechanik mit automatischem Aufzug<\/p>\n<p>Funktionen Stunden-und Minutenzeiger, Sekundenzeiger, Anzeige Tag\/Nacht<\/p>\n<p>Gangreserve von Etwa 42 Stunden<\/p>\n<p><strong><strong data- redactor- tag=\"strong\">ZIFFERBLATT<\/strong><\/strong><\/p>\n<p>Glas &#8211; Saphirglas<\/p>\n<p>Zifferblatt &#8211; ein Schlankes<\/p>\n<p>Zifferblatt Farbe &#8211; Wei\u00df<\/p>\n<p>Indexe &#8211; Zeiger<\/p>\n<p><strong><strong data- redactor- tag=\"strong\">GEH\u00c4USE<\/strong><\/strong><\/p>\n<p>&#8211; Material Geh\u00e4use &#8211; Edelstahl 316L<\/p>\n<p>Geh\u00e4use-Farbe &#8211; Stahl &#8211;<\/p>\n<p>Geh\u00e4useform &#8211; Rund<\/p>\n<p>Geh\u00e4use-Durchmesser &#8211; 32-mm &#8211;<\/p>\n<p>L\u00fcnette &#8211; \u0424\u0438\u043a\u0441\u0438\u0440\u043e\u0432\u0430\u043d\u044b\u0439<\/p>\n<p>Material L\u00fcnette &#8211; Polierter Edelstahl 316L<\/p>\n<p>Wasserdicht Bis 10 ATM.<\/p>\n<p><strong><strong data- redactor- tag=\"strong\">ARMBAND<\/strong><\/strong><\/p>\n<p>&#8211; Armband &#8211; Stahl &#8211;<\/p>\n<p>Verschluss &#8211; Branded ausziehbares Clip<\/p>","protected":false},"excerpt":{"rendered":"<p>Produktbeschreibung Collection &#8211; Master Collection Paul &#8211; Damen Uhr Stil &#8211; Klassiker MECHANISMUS Mechanismus &#8211; Schweiz Typ des Mechanismus &#8211; Mechanik mit automatischem Aufzug Funktionen Stunden-und Minutenzeiger, Sekundenzeiger, Anzeige Tag\/Nacht Gangreserve von Etwa 42 Stunden ZIFFERBLATT Glas &#8211; Saphirglas Zifferblatt &#8211; ein Schlankes Zifferblatt Farbe &#8211; Wei\u00df Indexe &#8211; Zeiger GEH\u00c4USE &#8211; Material Geh\u00e4use &#8211; [&hellip;]<\/p>","protected":false},"featured_media":17207,"template":"","meta":{"_acf_changed":false,"inline_featured_image":false},"product_brand":[],"product_cat":[2116,1068],"product_tag":[],"class_list":{"0":"post-17206","1":"product","2":"type-product","3":"status-publish","4":"has-post-thumbnail","6":"product_cat-longines","7":"product_cat-uhr","8":"pa_armband-stahl","9":"pa_farbe-des-zifferblatts-weiss","10":"pa_form-des-gehaeuses-round","11":"pa_funktionen-die-stunden-und-minutenzeiger-sekundenzeiger-anzeige-tag-nacht","12":"pa_gangreserve-ungefaehr-42-stunden","13":"pa_gehaeusedurchmesser-32-mm","14":"pa_gehaeusefarbe-stahl","15":"pa_gehaeusematerial-polierter-stahl-316l","16":"pa_geschlecht-damen-uhr","17":"pa_material-luenette-polierter-stahl-316l","18":"pa_sammlung-master-collection","19":"pa_stil-klassiker","20":"pa_stundenmarker-zeiger","21":"pa_typ-des-mechanismus-mechanik-mit-automatischem-aufzug","22":"pa_verschluss-branded-ausziehbares-clip","23":"pa_zifferblatt-glatt","25":"first","26":"instock","27":"purchasable","28":"product-type-simple"},"acf":[],"_links":{"self":[{"href":"https:\/\/luxhoron.com\/fr\/wp-json\/wp\/v2\/product\/17206","targetHints":{"allow":["GET"]}}],"collection":[{"href":"https:\/\/luxhoron.com\/fr\/wp-json\/wp\/v2\/product"}],"about":[{"href":"https:\/\/luxhoron.com\/fr\/wp-json\/wp\/v2\/types\/product"}],"wp:featuredmedia":[{"embeddable":true,"href":"https:\/\/luxhoron.com\/fr\/wp-json\/wp\/v2\/media\/17207"}],"wp:attachment":[{"href":"https:\/\/luxhoron.com\/fr\/wp-json\/wp\/v2\/media?parent=17206"}],"wp:term":[{"taxonomy":"product_brand","embeddable":true,"href":"https:\/\/luxhoron.com\/fr\/wp-json\/wp\/v2\/product_brand?post=17206"},{"taxonomy":"product_cat","embeddable":true,"href":"https:\/\/luxhoron.com\/fr\/wp-json\/wp\/v2\/product_cat?post=17206"},{"taxonomy":"product_tag","embeddable":true,"href":"https:\/\/luxhoron.com\/fr\/wp-json\/wp\/v2\/product_tag?post=17206"}],"curies":[{"name":"wp","href":"https:\/\/api.w.org\/{rel}","templated":true}]}}