{"id":17170,"date":"2025-10-20T19:24:46","date_gmt":"2025-10-20T16:24:46","guid":{"rendered":"https:\/\/luxhoron.com\/product\/roger-dubuis-tourbillon-2\/"},"modified":"2025-12-16T20:39:07","modified_gmt":"2025-12-16T17:39:07","slug":"roger-dubuis-tourbillon-2","status":"publish","type":"product","link":"https:\/\/luxhoron.com\/fr\/product\/roger-dubuis-tourbillon-2\/","title":{"rendered":"Roger Dubuis Tourbillon"},"content":{"rendered":"<h2>Produktbeschreibung<\/h2>\n<p>Sammlung &#8211; Tourbillon<\/p>\n<p>Geschlecht &#8211; Herren-Uhr<\/p>\n<p><strong>&#8211; MECHANISMUS<\/strong><\/p>\n<p>&#8211; Mechanismus &#8211; Schweiz<\/p>\n<p>Typ des Mechanismus &#8211; Mechanik mit automatischem Aufzug<\/p>\n<p>Funktionen Stunden-und Minutenzeiger, Fliegendes Tourbillon<\/p>\n<p>Gangreserve von Etwa 60 Stunden<\/p>\n<p><strong>&#8211; ZIFFERBLATT<\/strong><\/p>\n<p>Glas &#8211; Saphirglas<\/p>\n<p>Zifferblatt &#8211; Skelett<\/p>\n<p>Indexe &#8211; Zeiger<\/p>\n<p><strong>GEH\u00c4USE<\/strong><\/p>\n<p>&#8211; Material Geh\u00e4use &#8211; Edelstahl 316L mit IPG Beschichtung<\/p>\n<p>Farbe des Geh\u00e4uses Silber<\/p>\n<p>Form des Geh\u00e4uses &#8211; Runde<\/p>\n<p>L\u00fcnette &#8211; Feste<\/p>\n<p>Material L\u00fcnette Stahl 316L mit IPG Beschichtung<\/p>\n<p>Wasserdicht Bis 5 ATM.<\/p>\n<p><strong>ARMBAND<\/strong><\/p>\n<p>&#8211; Armband &#8211; Leder<\/p>\n<p>Verschluss &#8211; Branded ausziehbares Clip<\/p>","protected":false},"excerpt":{"rendered":"<p>Produktbeschreibung Sammlung &#8211; Tourbillon Geschlecht &#8211; Herren-Uhr &#8211; MECHANISMUS &#8211; Mechanismus &#8211; Schweiz Typ des Mechanismus &#8211; Mechanik mit automatischem Aufzug Funktionen Stunden-und Minutenzeiger, Fliegendes Tourbillon Gangreserve von Etwa 60 Stunden &#8211; ZIFFERBLATT Glas &#8211; Saphirglas Zifferblatt &#8211; Skelett Indexe &#8211; Zeiger GEH\u00c4USE &#8211; Material Geh\u00e4use &#8211; Edelstahl 316L mit IPG Beschichtung Farbe des Geh\u00e4uses [&hellip;]<\/p>","protected":false},"featured_media":17171,"template":"","meta":{"_acf_changed":false,"inline_featured_image":false},"product_brand":[],"product_cat":[2092,1068],"product_tag":[],"class_list":{"0":"post-17170","1":"product","2":"type-product","3":"status-publish","4":"has-post-thumbnail","6":"product_cat-roger-dubuis","7":"product_cat-uhr","8":"pa_armband-echtes-leder","9":"pa_form-des-gehaeuses-round","10":"pa_funktionen-die-stunden-und-minutenzeiger-fliegendes-tourbillon","11":"pa_gangreserve-ungefaehr-60-stunden","12":"pa_gehaeusefarbe-silber","13":"pa_gehaeusematerial-stahl-316l-mit-ipg-beschichtung","14":"pa_geschlecht-herren-uhr","15":"pa_material-luenette-stahl-316l-mit-ipg-beschichtung","16":"pa_sammlung-tourbillon","17":"pa_stundenmarker-zeiger","18":"pa_typ-des-mechanismus-mechanik-mit-automatischem-aufzug","19":"pa_verschluss-branded-ausziehbares-clip","20":"pa_zifferblatt-skelett","22":"first","23":"instock","24":"purchasable","25":"product-type-simple"},"acf":[],"_links":{"self":[{"href":"https:\/\/luxhoron.com\/fr\/wp-json\/wp\/v2\/product\/17170","targetHints":{"allow":["GET"]}}],"collection":[{"href":"https:\/\/luxhoron.com\/fr\/wp-json\/wp\/v2\/product"}],"about":[{"href":"https:\/\/luxhoron.com\/fr\/wp-json\/wp\/v2\/types\/product"}],"wp:featuredmedia":[{"embeddable":true,"href":"https:\/\/luxhoron.com\/fr\/wp-json\/wp\/v2\/media\/17171"}],"wp:attachment":[{"href":"https:\/\/luxhoron.com\/fr\/wp-json\/wp\/v2\/media?parent=17170"}],"wp:term":[{"taxonomy":"product_brand","embeddable":true,"href":"https:\/\/luxhoron.com\/fr\/wp-json\/wp\/v2\/product_brand?post=17170"},{"taxonomy":"product_cat","embeddable":true,"href":"https:\/\/luxhoron.com\/fr\/wp-json\/wp\/v2\/product_cat?post=17170"},{"taxonomy":"product_tag","embeddable":true,"href":"https:\/\/luxhoron.com\/fr\/wp-json\/wp\/v2\/product_tag?post=17170"}],"curies":[{"name":"wp","href":"https:\/\/api.w.org\/{rel}","templated":true}]}}