{"id":17085,"date":"2025-10-20T19:24:46","date_gmt":"2025-10-20T16:24:46","guid":{"rendered":"https:\/\/luxhoron.com\/product\/roger-dubuis-16\/"},"modified":"2025-12-16T20:39:07","modified_gmt":"2025-12-16T17:39:07","slug":"roger-dubuis-16","status":"publish","type":"product","link":"https:\/\/luxhoron.com\/fr\/product\/roger-dubuis-16\/","title":{"rendered":"Roger Dubuis"},"content":{"rendered":"<h2>Produktbeschreibung<\/h2>\n<p>Sammlung &#8211; Excalibur<\/p>\n<p>Geschlecht &#8211; Herren-Uhr<\/p>\n<p>&#8211; Stil &#8211; ein Klassiker<\/p>\n<p><strong>&#8211; MECHANISMUS<\/strong><\/p>\n<p>&#8211; Mechanismus &#8211; Schweiz<\/p>\n<p>Typ des Mechanismus &#8211; Mechanik mit automatischem Aufzug<\/p>\n<p>Funktionen Stunden-und Minutenzeiger, Sekundenzeiger, Datum<\/p>\n<p>Gangreserve von Etwa 42 Stunden<\/p>\n<p><strong>ZIFFERBLATT<\/strong><\/p>\n<p>Glas &#8211; Saphirglas<\/p>\n<p>Zifferblatt &#8211; Schlanke<\/p>\n<p>Indexe &#8211; Zeiger, R\u00f6mische Ziffern<\/p>\n<p><strong>GEH\u00c4USE<\/strong><\/p>\n<p>&#8211; Material Geh\u00e4use &#8211; Edelstahl 316L<\/p>\n<p>Geh\u00e4use-Farbe &#8211; Stahl &#8211;<\/p>\n<p>Geh\u00e4useform &#8211; Rund<\/p>\n<p>&#8211; Durchmesser des Geh\u00e4uses betr\u00e4gt 46mm<\/p>\n<p>L\u00fcnette &#8211; Feste<\/p>\n<p>Material L\u00fcnette &#8211; Polierter Edelstahl 316L,<\/p>\n<p>Wasserdicht Bis 10 ATM.<\/p>\n<p><strong>ARMBAND<\/strong><\/p>\n<p>&#8211; Armband &#8211; Leder<\/p>\n<p>Verschluss &#8211; Branded ausziehbares Clip<\/p>","protected":false},"excerpt":{"rendered":"<p>Produktbeschreibung Sammlung &#8211; Excalibur Geschlecht &#8211; Herren-Uhr &#8211; Stil &#8211; ein Klassiker &#8211; MECHANISMUS &#8211; Mechanismus &#8211; Schweiz Typ des Mechanismus &#8211; Mechanik mit automatischem Aufzug Funktionen Stunden-und Minutenzeiger, Sekundenzeiger, Datum Gangreserve von Etwa 42 Stunden ZIFFERBLATT Glas &#8211; Saphirglas Zifferblatt &#8211; Schlanke Indexe &#8211; Zeiger, R\u00f6mische Ziffern GEH\u00c4USE &#8211; Material Geh\u00e4use &#8211; Edelstahl 316L [&hellip;]<\/p>","protected":false},"featured_media":17086,"template":"","meta":{"_acf_changed":false,"inline_featured_image":false},"product_brand":[],"product_cat":[2092,1068],"product_tag":[],"class_list":{"0":"post-17085","1":"product","2":"type-product","3":"status-publish","4":"has-post-thumbnail","6":"product_cat-roger-dubuis","7":"product_cat-uhr","8":"pa_armband-leder","9":"pa_form-des-gehaeuses-round","10":"pa_funktionen-die-stunden-und-minutenzeiger-sekundenzeiger-datum","11":"pa_gangreserve-ungefaehr-42-stunden","12":"pa_gehaeusedurchmesser-46-mm","13":"pa_gehaeusefarbe-stahl","14":"pa_gehaeusematerial-polierter-stahl-316l","15":"pa_geschlecht-herren-uhr","16":"pa_material-luenette-polierter-stahl-316l","17":"pa_sammlung-excalibur","18":"pa_stil-klassiker","19":"pa_stundenmarker-indizes-roemische-ziffer","20":"pa_typ-des-mechanismus-mechanik-mit-automatischem-aufzug","21":"pa_verschluss-branded-ausziehbares-clip","22":"pa_zifferblatt-glatt","24":"first","25":"instock","26":"purchasable","27":"product-type-simple"},"acf":[],"_links":{"self":[{"href":"https:\/\/luxhoron.com\/fr\/wp-json\/wp\/v2\/product\/17085","targetHints":{"allow":["GET"]}}],"collection":[{"href":"https:\/\/luxhoron.com\/fr\/wp-json\/wp\/v2\/product"}],"about":[{"href":"https:\/\/luxhoron.com\/fr\/wp-json\/wp\/v2\/types\/product"}],"wp:featuredmedia":[{"embeddable":true,"href":"https:\/\/luxhoron.com\/fr\/wp-json\/wp\/v2\/media\/17086"}],"wp:attachment":[{"href":"https:\/\/luxhoron.com\/fr\/wp-json\/wp\/v2\/media?parent=17085"}],"wp:term":[{"taxonomy":"product_brand","embeddable":true,"href":"https:\/\/luxhoron.com\/fr\/wp-json\/wp\/v2\/product_brand?post=17085"},{"taxonomy":"product_cat","embeddable":true,"href":"https:\/\/luxhoron.com\/fr\/wp-json\/wp\/v2\/product_cat?post=17085"},{"taxonomy":"product_tag","embeddable":true,"href":"https:\/\/luxhoron.com\/fr\/wp-json\/wp\/v2\/product_tag?post=17085"}],"curies":[{"name":"wp","href":"https:\/\/api.w.org\/{rel}","templated":true}]}}