{"id":17043,"date":"2025-10-20T19:22:25","date_gmt":"2025-10-20T16:22:25","guid":{"rendered":"https:\/\/luxhoron.com\/product\/roger-dubuis-6\/"},"modified":"2025-12-16T20:39:08","modified_gmt":"2025-12-16T17:39:08","slug":"roger-dubuis-6","status":"publish","type":"product","link":"https:\/\/luxhoron.com\/fr\/product\/roger-dubuis-6\/","title":{"rendered":"Roger Dubuis"},"content":{"rendered":"<h2>Artikelbeschreibung<\/h2>\n<p>Original Preis &#8211; 159.000 $<br \/>Collection &#8211; Excalibur Spider Skeleton Flying Tourbillon<br \/>Geschlecht &#8211; Herren-Uhr<br \/>&#8211; Stil &#8211; ein Klassiker<\/p>\n<p><strong>&#8211; MECHANISMUS<\/strong><\/p>\n<p>&#8211; Mechanismus &#8211; Schweiz<br \/>Typ des Mechanismus &#8211; Mechanik mit automatischem Aufzug<br \/>Funktionen Stunden-und Minutenzeiger, Fliegendes Tourbillon<br \/>Gangreserve von Etwa 60 Stunden<\/p>\n<p><strong>&#8211; ZIFFERBLATT<\/strong><\/p>\n<p>Glas &#8211; Saphirglas<br \/>Zifferblatt &#8211; Skelett<br \/>Indexe &#8211; Zeiger<\/p>\n<p><strong>GEH\u00c4USE<\/strong><\/p>\n<p>&#8211; Material Geh\u00e4use &#8211; Titan<br \/>Farbe-Geh\u00e4use &#8211; Titan &#8211;<br \/>Geh\u00e4useform &#8211; Rund<br \/>&#8211; Durchmesser des Geh\u00e4uses betr\u00e4gt 45 mm<br \/>L\u00fcnette &#8211; Feste<br \/>Material der L\u00fcnette: Titan<br \/>Wasserdicht Bis 10 ATM.<\/p>\n<p><strong>ARMBAND<\/strong><\/p>\n<p>&#8211; Armband &#8211; Gummiband<br \/>&#8211; Verschluss &#8211; Branded ausziehbares Clip<\/p>","protected":false},"excerpt":{"rendered":"<p>Artikelbeschreibung Original Preis &#8211; 159.000 $Collection &#8211; Excalibur Spider Skeleton Flying TourbillonGeschlecht &#8211; Herren-Uhr&#8211; Stil &#8211; ein Klassiker &#8211; MECHANISMUS &#8211; Mechanismus &#8211; SchweizTyp des Mechanismus &#8211; Mechanik mit automatischem AufzugFunktionen Stunden-und Minutenzeiger, Fliegendes TourbillonGangreserve von Etwa 60 Stunden &#8211; ZIFFERBLATT Glas &#8211; SaphirglasZifferblatt &#8211; SkelettIndexe &#8211; Zeiger GEH\u00c4USE &#8211; Material Geh\u00e4use &#8211; TitanFarbe-Geh\u00e4use &#8211; [&hellip;]<\/p>","protected":false},"featured_media":17044,"template":"","meta":{"_acf_changed":false,"inline_featured_image":false},"product_brand":[],"product_cat":[2092,1068],"product_tag":[],"class_list":{"0":"post-17043","1":"product","2":"type-product","3":"status-publish","4":"has-post-thumbnail","6":"product_cat-roger-dubuis","7":"product_cat-uhr","8":"pa_armband-rubber","9":"pa_form-des-gehaeuses-round","10":"pa_funktionen-die-stunden-und-minutenzeiger-fliegendes-tourbillon","11":"pa_gangreserve-ungefaehr-60-stunden","12":"pa_gehaeusedurchmesser-45-mm","13":"pa_gehaeusefarbe-titan","14":"pa_gehaeusematerial-titan","15":"pa_geschlecht-herren-uhr","16":"pa_material-luenette-titan","17":"pa_original-preis-159-000","18":"pa_sammlung-excalibur-spider-skeleton-flying-tourbillon","19":"pa_stil-klassiker","20":"pa_stundenmarker-zeiger","21":"pa_typ-des-mechanismus-mechanik-mit-automatischem-aufzug","22":"pa_verschluss-branded-ausziehbares-clip","23":"pa_zifferblatt-skelett","25":"first","26":"instock","27":"purchasable","28":"product-type-simple"},"acf":[],"_links":{"self":[{"href":"https:\/\/luxhoron.com\/fr\/wp-json\/wp\/v2\/product\/17043","targetHints":{"allow":["GET"]}}],"collection":[{"href":"https:\/\/luxhoron.com\/fr\/wp-json\/wp\/v2\/product"}],"about":[{"href":"https:\/\/luxhoron.com\/fr\/wp-json\/wp\/v2\/types\/product"}],"wp:featuredmedia":[{"embeddable":true,"href":"https:\/\/luxhoron.com\/fr\/wp-json\/wp\/v2\/media\/17044"}],"wp:attachment":[{"href":"https:\/\/luxhoron.com\/fr\/wp-json\/wp\/v2\/media?parent=17043"}],"wp:term":[{"taxonomy":"product_brand","embeddable":true,"href":"https:\/\/luxhoron.com\/fr\/wp-json\/wp\/v2\/product_brand?post=17043"},{"taxonomy":"product_cat","embeddable":true,"href":"https:\/\/luxhoron.com\/fr\/wp-json\/wp\/v2\/product_cat?post=17043"},{"taxonomy":"product_tag","embeddable":true,"href":"https:\/\/luxhoron.com\/fr\/wp-json\/wp\/v2\/product_tag?post=17043"}],"curies":[{"name":"wp","href":"https:\/\/api.w.org\/{rel}","templated":true}]}}