{"id":16976,"date":"2025-10-20T19:22:25","date_gmt":"2025-10-20T16:22:25","guid":{"rendered":"https:\/\/luxhoron.com\/product\/iwc-tourbillon-4\/"},"modified":"2025-12-16T20:21:51","modified_gmt":"2025-12-16T17:21:51","slug":"iwc-tourbillon-4","status":"publish","type":"product","link":"https:\/\/luxhoron.com\/fr\/product\/iwc-tourbillon-4\/","title":{"rendered":"IWC Tourbillon"},"content":{"rendered":"<h2>Artikelbeschreibung<\/h2>\n<p>Geschlecht &#8211; Herren-Uhr<\/p>\n<p>&#8211; Stil &#8211; ein Klassiker<\/p>\n<p><strong>&#8211; MECHANISMUS<\/strong><\/p>\n<p>&#8211; Mechanismus &#8211; Schweiz<\/p>\n<p>Typ des Mechanismus &#8211; Mechanik mit automatischem Aufzug<\/p>\n<p>Funktionen Stunden-und Minutenzeiger, Sekundenzeiger, Gangreserve<\/p>\n<p>Gangreserve von Etwa 42 Stunden<\/p>\n<p><strong>ZIFFERBLATT<\/strong><\/p>\n<p>Glas &#8211; Saphirglas<\/p>\n<p>Zifferblatt &#8211; Glatte<\/p>\n<p>Farbe Zifferblatt Wei\u00df<\/p>\n<p><strong>GEH\u00c4USE<\/strong><\/p>\n<p>&#8211; Material Geh\u00e4use &#8211; Edelstahl 316L<\/p>\n<p>Geh\u00e4use-Farbe &#8211; Stahl &#8211;<\/p>\n<p>Geh\u00e4useform &#8211; Rund<\/p>\n<p>&#8211; Durchmesser des Geh\u00e4uses betr\u00e4gt 45 mm<\/p>\n<p>L\u00fcnette &#8211; Feste<\/p>\n<p>Material L\u00fcnette &#8211; Polierter Stahl<\/p>\n<p>Wasserdicht Bis 5 ATM.<\/p>\n<p><strong>ARMBAND<\/strong><\/p>\n<p>&#8211; Armband &#8211; Leder<\/p>\n<p>Verschluss &#8211; Branded ausziehbares Clip<\/p>","protected":false},"excerpt":{"rendered":"<p>Artikelbeschreibung Geschlecht &#8211; Herren-Uhr &#8211; Stil &#8211; ein Klassiker &#8211; MECHANISMUS &#8211; Mechanismus &#8211; Schweiz Typ des Mechanismus &#8211; Mechanik mit automatischem Aufzug Funktionen Stunden-und Minutenzeiger, Sekundenzeiger, Gangreserve Gangreserve von Etwa 42 Stunden ZIFFERBLATT Glas &#8211; Saphirglas Zifferblatt &#8211; Glatte Farbe Zifferblatt Wei\u00df GEH\u00c4USE &#8211; Material Geh\u00e4use &#8211; Edelstahl 316L Geh\u00e4use-Farbe &#8211; Stahl &#8211; Geh\u00e4useform [&hellip;]<\/p>","protected":false},"featured_media":17604,"template":"","meta":{"_acf_changed":false,"inline_featured_image":false},"product_brand":[],"product_cat":[2041,1068],"product_tag":[],"class_list":{"0":"post-16976","1":"product","2":"type-product","3":"status-publish","4":"has-post-thumbnail","6":"product_cat-iwc","7":"product_cat-uhr","8":"pa_armband-leder","9":"pa_farbe-des-zifferblatts-weiss","10":"pa_form-des-gehaeuses-round","11":"pa_funktionen-die-stunden-und-minutenzeiger-sekundenzeiger-gangreserve","12":"pa_gangreserve-ungefaehr-42-stunden","13":"pa_gehaeusedurchmesser-45-mm","14":"pa_gehaeusefarbe-stahl","15":"pa_gehaeusematerial-polierter-stahl-316l","16":"pa_geschlecht-herren-uhr","17":"pa_material-luenette-polierter-stahl","18":"pa_stil-klassiker","19":"pa_typ-des-mechanismus-mechanik-mit-automatischem-aufzug","20":"pa_verschluss-branded-ausziehbares-clip","21":"pa_zifferblatt-glatt","23":"first","24":"instock","25":"purchasable","26":"product-type-simple"},"acf":[],"_links":{"self":[{"href":"https:\/\/luxhoron.com\/fr\/wp-json\/wp\/v2\/product\/16976","targetHints":{"allow":["GET"]}}],"collection":[{"href":"https:\/\/luxhoron.com\/fr\/wp-json\/wp\/v2\/product"}],"about":[{"href":"https:\/\/luxhoron.com\/fr\/wp-json\/wp\/v2\/types\/product"}],"wp:featuredmedia":[{"embeddable":true,"href":"https:\/\/luxhoron.com\/fr\/wp-json\/wp\/v2\/media\/17604"}],"wp:attachment":[{"href":"https:\/\/luxhoron.com\/fr\/wp-json\/wp\/v2\/media?parent=16976"}],"wp:term":[{"taxonomy":"product_brand","embeddable":true,"href":"https:\/\/luxhoron.com\/fr\/wp-json\/wp\/v2\/product_brand?post=16976"},{"taxonomy":"product_cat","embeddable":true,"href":"https:\/\/luxhoron.com\/fr\/wp-json\/wp\/v2\/product_cat?post=16976"},{"taxonomy":"product_tag","embeddable":true,"href":"https:\/\/luxhoron.com\/fr\/wp-json\/wp\/v2\/product_tag?post=16976"}],"curies":[{"name":"wp","href":"https:\/\/api.w.org\/{rel}","templated":true}]}}