{"id":16843,"date":"2025-10-20T19:19:19","date_gmt":"2025-10-20T16:19:19","guid":{"rendered":"https:\/\/luxhoron.com\/product\/iwc-big-pilot-2\/"},"modified":"2025-12-16T20:21:53","modified_gmt":"2025-12-16T17:21:53","slug":"iwc-big-pilot-2","status":"publish","type":"product","link":"https:\/\/luxhoron.com\/fr\/product\/iwc-big-pilot-2\/","title":{"rendered":"IWC Big Pilot"},"content":{"rendered":"<h2>Produktbeschreibung<\/h2>\n<p>Collection &#8211; Big Pilot<br \/>Paul &#8211; Herren Uhr<br \/>Stil &#8211; Klassiker<\/p>\n<p><strong>MECHANISMUS<\/strong><\/p>\n<p>Mechanismus &#8211; Schweiz<br \/>Typ des Mechanismus &#8211; Mechanik mit automatischem Aufzug<br \/>Funktionen Stunden-und Minutenzeiger, Sekundenzeiger, Gangreserve<br \/>Gangreserve von Etwa 42 Stunden<\/p>\n<p><strong>ZIFFERBLATT<\/strong><\/p>\n<p>Glas &#8211; Saphirglas<br \/>Zifferblatt &#8211; Glatte<br \/>Farbe Ziffernblatt &#8211; Schwarz<br \/>Indexen &#8211; arabischen Ziffern<\/p>\n<p><strong>GEH\u00c4USE<\/strong><\/p>\n<p>Geh\u00e4usematerial: Titan<br \/>Geh\u00e4usefarbe Schwarz<br \/>Geh\u00e4useform &#8211; Rund<br \/>Geh\u00e4usedurchmesser &#8211; 46.2 mm<br \/>L\u00fcnette &#8211; Feste<br \/>Material der L\u00fcnette die Keramik<br \/>Wasserdicht Bis 10 ATM.<\/p>\n<p><strong>ARMBAND<\/strong><\/p>\n<p>&#8211; Armband &#8211; Textil &#8211;<br \/>Zip &#8211; Branded ausziehbares Clip<\/p>","protected":false},"excerpt":{"rendered":"<p>Produktbeschreibung Collection &#8211; Big PilotPaul &#8211; Herren UhrStil &#8211; Klassiker MECHANISMUS Mechanismus &#8211; SchweizTyp des Mechanismus &#8211; Mechanik mit automatischem AufzugFunktionen Stunden-und Minutenzeiger, Sekundenzeiger, GangreserveGangreserve von Etwa 42 Stunden ZIFFERBLATT Glas &#8211; SaphirglasZifferblatt &#8211; GlatteFarbe Ziffernblatt &#8211; SchwarzIndexen &#8211; arabischen Ziffern GEH\u00c4USE Geh\u00e4usematerial: TitanGeh\u00e4usefarbe SchwarzGeh\u00e4useform &#8211; RundGeh\u00e4usedurchmesser &#8211; 46.2 mmL\u00fcnette &#8211; FesteMaterial der L\u00fcnette die [&hellip;]<\/p>","protected":false},"featured_media":16844,"template":"","meta":{"_acf_changed":false,"inline_featured_image":false},"product_brand":[],"product_cat":[2041,1068],"product_tag":[],"class_list":{"0":"post-16843","1":"product","2":"type-product","3":"status-publish","4":"has-post-thumbnail","6":"product_cat-iwc","7":"product_cat-uhr","8":"pa_farbe-des-zifferblatts-schwarz","9":"pa_form-des-gehaeuses-round","10":"pa_funktionen-die-stunden-und-minutenzeiger-sekundenzeiger-gangreserveanzeige","11":"pa_gangreserve-ungefaehr-42-stunden","12":"pa_gehaeusedurchmesser-46-2-mm","13":"pa_gehaeusefarbe-schwarz","14":"pa_gehaeusematerial-titan","15":"pa_geschlecht-herren-uhr","16":"pa_sammlung-big-pilot","17":"pa_stil-klassiker","18":"pa_stundenmarker-arabische-ziffern","19":"pa_typ-des-mechanismus-mechanik-mit-automatischem-aufzug","20":"pa_zifferblatt-glatt","22":"first","23":"instock","24":"purchasable","25":"product-type-simple"},"acf":[],"_links":{"self":[{"href":"https:\/\/luxhoron.com\/fr\/wp-json\/wp\/v2\/product\/16843","targetHints":{"allow":["GET"]}}],"collection":[{"href":"https:\/\/luxhoron.com\/fr\/wp-json\/wp\/v2\/product"}],"about":[{"href":"https:\/\/luxhoron.com\/fr\/wp-json\/wp\/v2\/types\/product"}],"wp:featuredmedia":[{"embeddable":true,"href":"https:\/\/luxhoron.com\/fr\/wp-json\/wp\/v2\/media\/16844"}],"wp:attachment":[{"href":"https:\/\/luxhoron.com\/fr\/wp-json\/wp\/v2\/media?parent=16843"}],"wp:term":[{"taxonomy":"product_brand","embeddable":true,"href":"https:\/\/luxhoron.com\/fr\/wp-json\/wp\/v2\/product_brand?post=16843"},{"taxonomy":"product_cat","embeddable":true,"href":"https:\/\/luxhoron.com\/fr\/wp-json\/wp\/v2\/product_cat?post=16843"},{"taxonomy":"product_tag","embeddable":true,"href":"https:\/\/luxhoron.com\/fr\/wp-json\/wp\/v2\/product_tag?post=16843"}],"curies":[{"name":"wp","href":"https:\/\/api.w.org\/{rel}","templated":true}]}}