{"id":16540,"date":"2025-10-20T19:03:07","date_gmt":"2025-10-20T16:03:07","guid":{"rendered":"https:\/\/luxhoron.com\/product\/iwc-5\/"},"modified":"2025-10-20T19:08:20","modified_gmt":"2025-10-20T16:08:20","slug":"iwc-5","status":"publish","type":"product","link":"https:\/\/luxhoron.com\/fr\/product\/iwc-5\/","title":{"rendered":"IWC"},"content":{"rendered":"<h2>Artikelbeschreibung<\/h2>\n<p>Geschlecht &#8211; Herren-Uhr<\/p>\n<p>&#8211; Stil &#8211; ein Klassiker<\/p>\n<p><strong>&#8211; MECHANISMUS<\/strong><\/p>\n<p>&#8211; Mechanismus &#8211; Schweiz<\/p>\n<p>Ger\u00e4tetyp &#8211; 7750 mechanik mit \u0430\u0432\u0442\u043e\u043f\u043e\u0434\u0430\u0437\u0432\u043e\u0434\u043e\u043c<\/p>\n<p>Funktionen &#8211; Stunden-und Minutenzeiger, Sekundenzeiger, Datum, Woche, Chronograph<\/p>\n<p>Gangreserve von Etwa 42 Stunden<\/p>\n<p><strong>ZIFFERBLATT<\/strong><\/p>\n<p>Glas &#8211; Saphirglas<\/p>\n<p>Zifferblatt &#8211; Glatte<\/p>\n<p>Farbe Zifferblatt Blau<\/p>\n<p><strong>GEH\u00c4USE<\/strong><\/p>\n<p>Material Geh\u00e4use &#8211; Edelstahl 316L<\/p>\n<p>Geh\u00e4use-Farbe &#8211; Stahl &#8211;<\/p>\n<p>Geh\u00e4useform &#8211; Rund<\/p>\n<p>&#8211; L\u00fcnette &#8211; Feste<\/p>\n<p>Material L\u00fcnette &#8211; Polierter Stahl<\/p>\n<p>Wasserdicht Bis 5 ATM.<\/p>\n<p><strong>ARMBAND<\/strong><\/p>\n<p>&#8211; Armband &#8211; Kautschuk<\/p>\n<p>Verschluss &#8211; Branded ausziehbares Clip<\/p>","protected":false},"excerpt":{"rendered":"<p>Artikelbeschreibung Geschlecht &#8211; Herren-Uhr &#8211; Stil &#8211; ein Klassiker &#8211; MECHANISMUS &#8211; Mechanismus &#8211; Schweiz Ger\u00e4tetyp &#8211; 7750 mechanik mit \u0430\u0432\u0442\u043e\u043f\u043e\u0434\u0430\u0437\u0432\u043e\u0434\u043e\u043c Funktionen &#8211; Stunden-und Minutenzeiger, Sekundenzeiger, Datum, Woche, Chronograph Gangreserve von Etwa 42 Stunden ZIFFERBLATT Glas &#8211; Saphirglas Zifferblatt &#8211; Glatte Farbe Zifferblatt Blau GEH\u00c4USE Material Geh\u00e4use &#8211; Edelstahl 316L Geh\u00e4use-Farbe &#8211; Stahl &#8211; Geh\u00e4useform [&hellip;]<\/p>","protected":false},"featured_media":16541,"template":"","meta":{"_acf_changed":false,"inline_featured_image":false},"product_brand":[],"product_cat":[2041,1068],"product_tag":[],"class_list":{"0":"post-16540","1":"product","2":"type-product","3":"status-publish","4":"has-post-thumbnail","6":"product_cat-iwc","7":"product_cat-uhr","8":"pa_armband-kautschuk","9":"pa_farbe-des-zifferblatts-blau","10":"pa_form-des-gehaeuses-round","11":"pa_funktionen-die-stunden-und-minutenzeiger-sekundenzeiger-datum-woche-chronograph","12":"pa_gangreserve-ungefaehr-42-stunden","13":"pa_gehaeusefarbe-stahl","14":"pa_gehaeusematerial-polierter-stahl-316l","15":"pa_geschlecht-herren-uhr","16":"pa_material-luenette-polierter-stahl","17":"pa_stil-klassiker","18":"pa_typ-des-mechanismus-7750-mechanik-mit-avtopodazvodom","19":"pa_verschluss-branded-ausziehbares-clip","20":"pa_zifferblatt-glatt","22":"first","23":"instock","24":"purchasable","25":"product-type-simple"},"acf":[],"_links":{"self":[{"href":"https:\/\/luxhoron.com\/fr\/wp-json\/wp\/v2\/product\/16540","targetHints":{"allow":["GET"]}}],"collection":[{"href":"https:\/\/luxhoron.com\/fr\/wp-json\/wp\/v2\/product"}],"about":[{"href":"https:\/\/luxhoron.com\/fr\/wp-json\/wp\/v2\/types\/product"}],"wp:featuredmedia":[{"embeddable":true,"href":"https:\/\/luxhoron.com\/fr\/wp-json\/wp\/v2\/media\/16541"}],"wp:attachment":[{"href":"https:\/\/luxhoron.com\/fr\/wp-json\/wp\/v2\/media?parent=16540"}],"wp:term":[{"taxonomy":"product_brand","embeddable":true,"href":"https:\/\/luxhoron.com\/fr\/wp-json\/wp\/v2\/product_brand?post=16540"},{"taxonomy":"product_cat","embeddable":true,"href":"https:\/\/luxhoron.com\/fr\/wp-json\/wp\/v2\/product_cat?post=16540"},{"taxonomy":"product_tag","embeddable":true,"href":"https:\/\/luxhoron.com\/fr\/wp-json\/wp\/v2\/product_tag?post=16540"}],"curies":[{"name":"wp","href":"https:\/\/api.w.org\/{rel}","templated":true}]}}