{"id":16420,"date":"2025-10-20T18:59:18","date_gmt":"2025-10-20T15:59:18","guid":{"rendered":"https:\/\/luxhoron.com\/product\/richard-mille-53-02-tourbillon-sapphire\/"},"modified":"2025-12-16T20:16:18","modified_gmt":"2025-12-16T17:16:18","slug":"richard-mille-53-02-tourbillon-sapphire","status":"publish","type":"product","link":"https:\/\/luxhoron.com\/fr\/product\/richard-mille-53-02-tourbillon-sapphire\/","title":{"rendered":"Richard Mille 53-02 Tourbillon Sapphire"},"content":{"rendered":"<h2>Produktbeschreibung<\/h2>\n<p>Collection &#8211; RM 53 &#8211; 02<\/p>\n<p>Paul &#8211; Herren Uhr<\/p>\n<p><strong>&#8211; MECHANISMUS<\/strong><\/p>\n<p>&#8211; Mechanismus &#8211; Schweiz<\/p>\n<p>Typ des Mechanismus &#8211; Mechanik mit Handaufzug mit Tourbillon<\/p>\n<p>Funktionen &#8211; Stunden-und Minutenzeiger<\/p>\n<p>eine Gangreserve von Etwa 42 Stunden<\/p>\n<p><strong>ZIFFERBLATT<\/strong><\/p>\n<p>Glas &#8211; Saphirglas<\/p>\n<p>Zifferblatt &#8211; Skelett<\/p>\n<p>Indexe &#8211; Zeiger<\/p>\n<p><strong>GEH\u00c4USE<\/strong><\/p>\n<p>&#8211; Material Geh\u00e4use &#8211; Saphir<\/p>\n<p>Form des Geh\u00e4uses &#8211; \u0411\u043e\u0447\u043a\u043e\u043e\u0431\u0440\u0430\u0437\u043d\u044b\u0439<\/p>\n<p>Material L\u00fcnette &#8211; Saphir<\/p>\n<p>Wasserdicht Bis 5 ATM.<\/p>\n<p><strong>ARMBAND<\/strong><\/p>\n<p>&#8211; Armband &#8211; Gummi &#8211;<\/p>\n<p>Rei\u00dfverschluss &#8211; Klassische Verschluss<\/p>\n<p><\/p>","protected":false},"excerpt":{"rendered":"<p>Produktbeschreibung Collection &#8211; RM 53 &#8211; 02 Paul &#8211; Herren Uhr &#8211; MECHANISMUS &#8211; Mechanismus &#8211; Schweiz Typ des Mechanismus &#8211; Mechanik mit Handaufzug mit Tourbillon Funktionen &#8211; Stunden-und Minutenzeiger eine Gangreserve von Etwa 42 Stunden ZIFFERBLATT Glas &#8211; Saphirglas Zifferblatt &#8211; Skelett Indexe &#8211; Zeiger GEH\u00c4USE &#8211; Material Geh\u00e4use &#8211; Saphir Form des Geh\u00e4uses [&hellip;]<\/p>","protected":false},"featured_media":16421,"template":"","meta":{"_acf_changed":false,"inline_featured_image":false},"product_brand":[],"product_cat":[1967,1068],"product_tag":[],"class_list":{"0":"post-16420","1":"product","2":"type-product","3":"status-publish","4":"has-post-thumbnail","6":"product_cat-richard-mille","7":"product_cat-uhr","8":"pa_armband-rubber","9":"pa_form-des-gehaeuses-bochkoobraznyj","10":"pa_funktionen-die-stunden-und-minutenzeiger","11":"pa_gangreserve-ungefaehr-42-stunden","12":"pa_gehaeusematerial-saphir","13":"pa_geschlecht-herren-uhr","14":"pa_material-luenette-saphir","15":"pa_sammlung-rm-53-02","16":"pa_stundenmarker-zeiger","17":"pa_typ-des-mechanismus-mechanik-mit-handaufzug-mit-tourbillon","18":"pa_verschluss-der-klassische-verschluss","19":"pa_zifferblatt-skelett","21":"first","22":"instock","23":"purchasable","24":"product-type-simple"},"acf":[],"_links":{"self":[{"href":"https:\/\/luxhoron.com\/fr\/wp-json\/wp\/v2\/product\/16420","targetHints":{"allow":["GET"]}}],"collection":[{"href":"https:\/\/luxhoron.com\/fr\/wp-json\/wp\/v2\/product"}],"about":[{"href":"https:\/\/luxhoron.com\/fr\/wp-json\/wp\/v2\/types\/product"}],"wp:featuredmedia":[{"embeddable":true,"href":"https:\/\/luxhoron.com\/fr\/wp-json\/wp\/v2\/media\/16421"}],"wp:attachment":[{"href":"https:\/\/luxhoron.com\/fr\/wp-json\/wp\/v2\/media?parent=16420"}],"wp:term":[{"taxonomy":"product_brand","embeddable":true,"href":"https:\/\/luxhoron.com\/fr\/wp-json\/wp\/v2\/product_brand?post=16420"},{"taxonomy":"product_cat","embeddable":true,"href":"https:\/\/luxhoron.com\/fr\/wp-json\/wp\/v2\/product_cat?post=16420"},{"taxonomy":"product_tag","embeddable":true,"href":"https:\/\/luxhoron.com\/fr\/wp-json\/wp\/v2\/product_tag?post=16420"}],"curies":[{"name":"wp","href":"https:\/\/api.w.org\/{rel}","templated":true}]}}