{"id":16339,"date":"2025-10-20T18:59:18","date_gmt":"2025-10-20T15:59:18","guid":{"rendered":"https:\/\/luxhoron.com\/product\/richard-mille-055-4\/"},"modified":"2025-12-16T20:16:19","modified_gmt":"2025-12-16T17:16:19","slug":"richard-mille-055-4","status":"publish","type":"product","link":"https:\/\/luxhoron.com\/fr\/product\/richard-mille-055-4\/","title":{"rendered":"Richard Mille 055"},"content":{"rendered":"<h2>Produktbeschreibung<\/h2>\n<p>Collection &#8211; RM 055<\/p>\n<p>Geschlecht &#8211; Herren-Uhr<\/p>\n<p><strong>&#8211; MECHANISMUS<\/strong><\/p>\n<p>&#8211; Mechanismus &#8211; Schweiz<\/p>\n<p>Ger\u00e4tetyp &#8211; RMUL3 Mechanik mit Handaufzug<\/p>\n<p>Funktionen &#8211; Stunden-und Minutenzeiger, Sekundenzeiger,<\/p>\n<p>eine Gangreserve von Etwa 42 Stunden<\/p>\n<p><strong>ZIFFERBLATT<\/strong><\/p>\n<p>Glas &#8211; Saphirglas<\/p>\n<p>Zifferblatt &#8211; Skeleton<\/p>\n<p>Zifferblatt Farbe &#8211; Wei\u00df<\/p>\n<p>Indexe &#8211; Zeiger<\/p>\n<p><strong>GEH\u00c4USE<\/strong><\/p>\n<p>&#8211; Material Geh\u00e4use &#8211; Carbon<\/p>\n<p>Farbe des Geh\u00e4uses Schwarz<\/p>\n<p>Form des Geh\u00e4uses &#8211; \u0411\u043e\u0447\u043a\u043e\u043e\u0431\u0440\u0430\u0437\u043d\u044b\u0439<\/p>\n<p>L\u00fcnette &#8211; Feste<\/p>\n<p>Material L\u00fcnette &#8211; Carbon<\/p>\n<p>Wasserdicht Bis 5 ATM.<\/p>\n<p><strong>ARMBAND<\/strong><\/p>\n<p>&#8211; Armband &#8211; Gummi &#8211;<\/p>\n<p>Rei\u00dfverschluss &#8211; Klassische Verschluss<\/p>\n<p><\/p>","protected":false},"excerpt":{"rendered":"<p>Produktbeschreibung Collection &#8211; RM 055 Geschlecht &#8211; Herren-Uhr &#8211; MECHANISMUS &#8211; Mechanismus &#8211; Schweiz Ger\u00e4tetyp &#8211; RMUL3 Mechanik mit Handaufzug Funktionen &#8211; Stunden-und Minutenzeiger, Sekundenzeiger, eine Gangreserve von Etwa 42 Stunden ZIFFERBLATT Glas &#8211; Saphirglas Zifferblatt &#8211; Skeleton Zifferblatt Farbe &#8211; Wei\u00df Indexe &#8211; Zeiger GEH\u00c4USE &#8211; Material Geh\u00e4use &#8211; Carbon Farbe des Geh\u00e4uses Schwarz [&hellip;]<\/p>","protected":false},"featured_media":16340,"template":"","meta":{"_acf_changed":false,"inline_featured_image":false},"product_brand":[],"product_cat":[1967,1068],"product_tag":[],"class_list":{"0":"post-16339","1":"product","2":"type-product","3":"status-publish","4":"has-post-thumbnail","6":"product_cat-richard-mille","7":"product_cat-uhr","8":"pa_armband-rubber","9":"pa_farbe-des-zifferblatts-weiss","10":"pa_form-des-gehaeuses-bochkoobraznyj","11":"pa_funktionen-die-stunden-und-minutenzeiger-sekundenzeiger","12":"pa_gangreserve-ungefaehr-42-stunden","13":"pa_gehaeusefarbe-schwarz","14":"pa_gehaeusematerial-carbon","15":"pa_geschlecht-herren-uhr","16":"pa_material-luenette-carbon","17":"pa_sammlung-rm-055","18":"pa_stundenmarker-zeiger","19":"pa_typ-des-mechanismus-rmul3-mechanik-mit-handaufzug","20":"pa_verschluss-der-klassische-verschluss","21":"pa_zifferblatt-skelett","23":"first","24":"instock","25":"purchasable","26":"product-type-simple"},"acf":[],"_links":{"self":[{"href":"https:\/\/luxhoron.com\/fr\/wp-json\/wp\/v2\/product\/16339","targetHints":{"allow":["GET"]}}],"collection":[{"href":"https:\/\/luxhoron.com\/fr\/wp-json\/wp\/v2\/product"}],"about":[{"href":"https:\/\/luxhoron.com\/fr\/wp-json\/wp\/v2\/types\/product"}],"wp:featuredmedia":[{"embeddable":true,"href":"https:\/\/luxhoron.com\/fr\/wp-json\/wp\/v2\/media\/16340"}],"wp:attachment":[{"href":"https:\/\/luxhoron.com\/fr\/wp-json\/wp\/v2\/media?parent=16339"}],"wp:term":[{"taxonomy":"product_brand","embeddable":true,"href":"https:\/\/luxhoron.com\/fr\/wp-json\/wp\/v2\/product_brand?post=16339"},{"taxonomy":"product_cat","embeddable":true,"href":"https:\/\/luxhoron.com\/fr\/wp-json\/wp\/v2\/product_cat?post=16339"},{"taxonomy":"product_tag","embeddable":true,"href":"https:\/\/luxhoron.com\/fr\/wp-json\/wp\/v2\/product_tag?post=16339"}],"curies":[{"name":"wp","href":"https:\/\/api.w.org\/{rel}","templated":true}]}}