{"id":16120,"date":"2025-10-20T18:52:40","date_gmt":"2025-10-20T15:52:40","guid":{"rendered":"https:\/\/luxhoron.com\/product\/richard-mille-52-05-2\/"},"modified":"2025-12-16T20:16:24","modified_gmt":"2025-12-16T17:16:24","slug":"richard-mille-52-05-2","status":"publish","type":"product","link":"https:\/\/luxhoron.com\/fr\/product\/richard-mille-52-05-2\/","title":{"rendered":"Richard Mille 52-05"},"content":{"rendered":"<h2>Artikelbeschreibung<\/h2>\n<p>Geschlecht &#8211; Herren-Uhr<\/p>\n<p>&#8211; Stil &#8211; ein Klassiker<\/p>\n<p><strong>&#8211; MECHANISMUS<\/strong><\/p>\n<p>&#8211; Mechanismus &#8211; Schweiz<\/p>\n<p>Typ des Mechanismus &#8211; Mechanik mit Handaufzug<\/p>\n<p>Funktionen &#8211; Stunden-und Minutenzeiger<\/p>\n<p>eine Gangreserve von Etwa 42 Stunden<\/p>\n<p><strong>ZIFFERBLATT<\/strong><\/p>\n<p>Glas &#8211; Saphirglas<\/p>\n<p>Zifferblatt &#8211; Skeleton<\/p>\n<p>Zifferblatt Farbe &#8211; Gr\u00fcn<\/p>\n<p>Indexe &#8211; Zeiger<\/p>\n<p><strong>GEH\u00c4USE<\/strong><\/p>\n<p>die Farbe des Geh\u00e4uses Schwarz<\/p>\n<p>Form des Geh\u00e4uses &#8211; \u0411\u043e\u0447\u043a\u043e\u043e\u0431\u0440\u0430\u0437\u043d\u044b\u0439<\/p>\n<p>L\u00fcnette &#8211; Fest<\/p>\n<p>Wasserdicht Bis 5 ATM.<\/p>\n<p><strong>ARMBAND<\/strong><\/p>\n<p>&#8211; Armband &#8211; Gummi &#8211;<\/p>\n<p>Rei\u00dfverschluss &#8211; Klassische Verschluss<\/p>\n<p><\/p>","protected":false},"excerpt":{"rendered":"<p>Artikelbeschreibung Geschlecht &#8211; Herren-Uhr &#8211; Stil &#8211; ein Klassiker &#8211; MECHANISMUS &#8211; Mechanismus &#8211; Schweiz Typ des Mechanismus &#8211; Mechanik mit Handaufzug Funktionen &#8211; Stunden-und Minutenzeiger eine Gangreserve von Etwa 42 Stunden ZIFFERBLATT Glas &#8211; Saphirglas Zifferblatt &#8211; Skeleton Zifferblatt Farbe &#8211; Gr\u00fcn Indexe &#8211; Zeiger GEH\u00c4USE die Farbe des Geh\u00e4uses Schwarz Form des Geh\u00e4uses [&hellip;]<\/p>","protected":false},"featured_media":16121,"template":"","meta":{"_acf_changed":false,"inline_featured_image":false},"product_brand":[],"product_cat":[1967,1068],"product_tag":[],"class_list":{"0":"post-16120","1":"product","2":"type-product","3":"status-publish","4":"has-post-thumbnail","6":"product_cat-richard-mille","7":"product_cat-uhr","8":"pa_armband-rubber","9":"pa_farbe-des-zifferblatts-gruen","10":"pa_form-des-gehaeuses-bochkoobraznyj","11":"pa_funktionen-die-stunden-und-minutenzeiger","12":"pa_gangreserve-ungefaehr-42-stunden","13":"pa_gehaeusefarbe-schwarz","14":"pa_geschlecht-herren-uhr","15":"pa_stil-klassiker","16":"pa_stundenmarker-zeiger","17":"pa_typ-des-mechanismus-mechanik-mit-handaufzug","18":"pa_verschluss-der-klassische-verschluss","19":"pa_zifferblatt-skelett","21":"first","22":"instock","23":"purchasable","24":"product-type-simple"},"acf":[],"_links":{"self":[{"href":"https:\/\/luxhoron.com\/fr\/wp-json\/wp\/v2\/product\/16120","targetHints":{"allow":["GET"]}}],"collection":[{"href":"https:\/\/luxhoron.com\/fr\/wp-json\/wp\/v2\/product"}],"about":[{"href":"https:\/\/luxhoron.com\/fr\/wp-json\/wp\/v2\/types\/product"}],"wp:featuredmedia":[{"embeddable":true,"href":"https:\/\/luxhoron.com\/fr\/wp-json\/wp\/v2\/media\/16121"}],"wp:attachment":[{"href":"https:\/\/luxhoron.com\/fr\/wp-json\/wp\/v2\/media?parent=16120"}],"wp:term":[{"taxonomy":"product_brand","embeddable":true,"href":"https:\/\/luxhoron.com\/fr\/wp-json\/wp\/v2\/product_brand?post=16120"},{"taxonomy":"product_cat","embeddable":true,"href":"https:\/\/luxhoron.com\/fr\/wp-json\/wp\/v2\/product_cat?post=16120"},{"taxonomy":"product_tag","embeddable":true,"href":"https:\/\/luxhoron.com\/fr\/wp-json\/wp\/v2\/product_tag?post=16120"}],"curies":[{"name":"wp","href":"https:\/\/api.w.org\/{rel}","templated":true}]}}