{"id":16109,"date":"2025-10-20T18:52:40","date_gmt":"2025-10-20T15:52:40","guid":{"rendered":"https:\/\/luxhoron.com\/product\/cartier-santos-18\/"},"modified":"2025-12-16T20:20:30","modified_gmt":"2025-12-16T17:20:30","slug":"cartier-santos-18","status":"publish","type":"product","link":"https:\/\/luxhoron.com\/fr\/product\/cartier-santos-18\/","title":{"rendered":"Cartier Santos"},"content":{"rendered":"<h2>Produktbeschreibung<\/h2>\n<p>Boden &#8211; Frauen-Uhr<br \/>&#8211; Stil &#8211; klassische Musik\/Casual<\/p>\n<p><strong>MECHANISMUS<\/strong><\/p>\n<p>Mechanismus &#8211; Schweiz<br \/>Typ des Mechanismus &#8211; Mechanik mit automatischem Aufzug<br \/>Kaliber &#8211; Klon Cartier 1847 MC<br \/>Funktionen &#8211; Stunden -, Minutenzeiger, der Sekundenzeiger<br \/>eine Gangreserve von Etwa 42 Stunden<\/p>\n<p><strong>ZIFFERNBLATT<\/strong><\/p>\n<p>Farbe Wei\u00df<br \/>Glas gew\u00f6lbtes Saphirglas<\/p>\n<p><strong>GEH\u00c4USE<\/strong><\/p>\n<p>&#8211; Material Geh\u00e4use &#8211; Edelstahl 316L<br \/>Geh\u00e4use-Farbe &#8211; Stahl &#8211;<br \/>Form des Geh\u00e4uses &#8211; Quadratischer<br \/>Durchmesser Geh\u00e4use &#8211; 35 mm<br \/>Material L\u00fcnette &#8211; aus Geb\u00fcrstetem Stahl mit IPG Beschichtung<br \/>Wasserdicht Bis 5 ATM.<\/p>\n<p><strong>ARMBAND<\/strong><\/p>\n<p>&#8211; Armband &#8211; Stahl<br \/>&#8211; Verschluss &#8211; Branded ausziehbares Clip<\/p>","protected":false},"excerpt":{"rendered":"<p>Produktbeschreibung Boden &#8211; Frauen-Uhr&#8211; Stil &#8211; klassische Musik\/Casual MECHANISMUS Mechanismus &#8211; SchweizTyp des Mechanismus &#8211; Mechanik mit automatischem AufzugKaliber &#8211; Klon Cartier 1847 MCFunktionen &#8211; Stunden -, Minutenzeiger, der Sekundenzeigereine Gangreserve von Etwa 42 Stunden ZIFFERNBLATT Farbe Wei\u00dfGlas gew\u00f6lbtes Saphirglas GEH\u00c4USE &#8211; Material Geh\u00e4use &#8211; Edelstahl 316LGeh\u00e4use-Farbe &#8211; Stahl &#8211;Form des Geh\u00e4uses &#8211; QuadratischerDurchmesser Geh\u00e4use [&hellip;]<\/p>","protected":false},"featured_media":16110,"template":"","meta":{"_acf_changed":false,"inline_featured_image":false},"product_brand":[],"product_cat":[1872,1942,1068],"product_tag":[],"class_list":{"0":"post-16109","1":"product","2":"type-product","3":"status-publish","4":"has-post-thumbnail","6":"product_cat-cartier","7":"product_cat-cartier-santos","8":"product_cat-uhr","9":"pa_armband-stahl","10":"pa_farbe-weiss","11":"pa_form-des-gehaeuses-quadratische","12":"pa_funktionen-stundenzeiger-minutenzeiger-sekundenzeiger","13":"pa_gangreserve-ungefaehr-42-stunden","14":"pa_gehaeusedurchmesser-35-mm","15":"pa_gehaeusefarbe-stahl","16":"pa_gehaeusematerial-stahl-316l","17":"pa_geschlecht-damen-uhr","18":"pa_kaliber-klon-cartier-1847-mc","19":"pa_material-luenette-polierte-stahl-mit-ipg-beschichtung","20":"pa_stil-klassische-musik-casual","21":"pa_typ-des-mechanismus-mechanik-mit-automatischem-aufzug","22":"pa_verschluss-branded-ausziehbares-clip","24":"first","25":"instock","26":"purchasable","27":"product-type-simple"},"acf":[],"_links":{"self":[{"href":"https:\/\/luxhoron.com\/fr\/wp-json\/wp\/v2\/product\/16109","targetHints":{"allow":["GET"]}}],"collection":[{"href":"https:\/\/luxhoron.com\/fr\/wp-json\/wp\/v2\/product"}],"about":[{"href":"https:\/\/luxhoron.com\/fr\/wp-json\/wp\/v2\/types\/product"}],"wp:featuredmedia":[{"embeddable":true,"href":"https:\/\/luxhoron.com\/fr\/wp-json\/wp\/v2\/media\/16110"}],"wp:attachment":[{"href":"https:\/\/luxhoron.com\/fr\/wp-json\/wp\/v2\/media?parent=16109"}],"wp:term":[{"taxonomy":"product_brand","embeddable":true,"href":"https:\/\/luxhoron.com\/fr\/wp-json\/wp\/v2\/product_brand?post=16109"},{"taxonomy":"product_cat","embeddable":true,"href":"https:\/\/luxhoron.com\/fr\/wp-json\/wp\/v2\/product_cat?post=16109"},{"taxonomy":"product_tag","embeddable":true,"href":"https:\/\/luxhoron.com\/fr\/wp-json\/wp\/v2\/product_tag?post=16109"}],"curies":[{"name":"wp","href":"https:\/\/api.w.org\/{rel}","templated":true}]}}