{"id":16009,"date":"2025-10-20T18:49:52","date_gmt":"2025-10-20T15:49:52","guid":{"rendered":"https:\/\/luxhoron.com\/product\/cartier-pasha-5\/"},"modified":"2025-12-16T20:20:31","modified_gmt":"2025-12-16T17:20:31","slug":"cartier-pasha-5","status":"publish","type":"product","link":"https:\/\/luxhoron.com\/fr\/product\/cartier-pasha-5\/","title":{"rendered":"Cartier Pasha"},"content":{"rendered":"<h2>Produktbeschreibung<\/h2>\n<p>Boden &#8211; Frauen &#8211;<\/p>\n<p>Stil &#8211; klassische Musik\/Casual<\/p>\n<p><strong>MECHANISMUS<\/strong><\/p>\n<p>Mechanismus &#8211; Schweiz<\/p>\n<p>Ger\u00e4tetyp &#8211; 9039 Schweizer Uhrwerk.<\/p>\n<p>Funktionen &#8211; Stunden -, Minuten-und Sekundenzeiger<\/p>\n<p><strong>ZIFFERNBLATT<\/strong><\/p>\n<p>Farbe Wei\u00df<\/p>\n<p>Glas gew\u00f6lbtes Saphirglas<\/p>\n<p><strong>GEH\u00c4USE<\/strong><\/p>\n<p>&#8211; Material Geh\u00e4use &#8211; Edelstahl 316L mit IPG Beschichtung<\/p>\n<p>Farbe Geh\u00e4use &#8211; Edelstahl<\/p>\n<p>&#8211; Form des Geh\u00e4uses &#8211; Runde<\/p>\n<p>Wasserdicht Bis 5 ATM.<\/p>\n<p><strong>ARMBAND<\/strong><\/p>\n<p>&#8211; Armband &#8211; Leder<\/p>\n<p>Verschluss &#8211; Branded ausziehbares Clip<\/p>","protected":false},"excerpt":{"rendered":"<p>Produktbeschreibung Boden &#8211; Frauen &#8211; Stil &#8211; klassische Musik\/Casual MECHANISMUS Mechanismus &#8211; Schweiz Ger\u00e4tetyp &#8211; 9039 Schweizer Uhrwerk. Funktionen &#8211; Stunden -, Minuten-und Sekundenzeiger ZIFFERNBLATT Farbe Wei\u00df Glas gew\u00f6lbtes Saphirglas GEH\u00c4USE &#8211; Material Geh\u00e4use &#8211; Edelstahl 316L mit IPG Beschichtung Farbe Geh\u00e4use &#8211; Edelstahl &#8211; Form des Geh\u00e4uses &#8211; Runde Wasserdicht Bis 5 ATM. ARMBAND [&hellip;]<\/p>","protected":false},"featured_media":17601,"template":"","meta":{"_acf_changed":false,"inline_featured_image":false},"product_brand":[],"product_cat":[1872,1938,1068],"product_tag":[],"class_list":{"0":"post-16009","1":"product","2":"type-product","3":"status-publish","4":"has-post-thumbnail","6":"product_cat-cartier","7":"product_cat-cartier-pasha","8":"product_cat-uhr","9":"pa_armband-leder","10":"pa_farbe-weiss","11":"pa_form-des-gehaeuses-runde","12":"pa_funktionen-stunden-minuten-und-sekundenzeiger","13":"pa_gehaeusefarbe-stahl","14":"pa_gehaeusematerial-stahl-316l-mit-ipg-beschichtung","15":"pa_geschlecht-weiblich","16":"pa_stil-klassische-musik-casual","17":"pa_typ-des-mechanismus-9039-schweizer-uhrwerk","18":"pa_verschluss-branded-ausziehbares-clip","20":"first","21":"instock","22":"purchasable","23":"product-type-simple"},"acf":[],"_links":{"self":[{"href":"https:\/\/luxhoron.com\/fr\/wp-json\/wp\/v2\/product\/16009","targetHints":{"allow":["GET"]}}],"collection":[{"href":"https:\/\/luxhoron.com\/fr\/wp-json\/wp\/v2\/product"}],"about":[{"href":"https:\/\/luxhoron.com\/fr\/wp-json\/wp\/v2\/types\/product"}],"wp:featuredmedia":[{"embeddable":true,"href":"https:\/\/luxhoron.com\/fr\/wp-json\/wp\/v2\/media\/17601"}],"wp:attachment":[{"href":"https:\/\/luxhoron.com\/fr\/wp-json\/wp\/v2\/media?parent=16009"}],"wp:term":[{"taxonomy":"product_brand","embeddable":true,"href":"https:\/\/luxhoron.com\/fr\/wp-json\/wp\/v2\/product_brand?post=16009"},{"taxonomy":"product_cat","embeddable":true,"href":"https:\/\/luxhoron.com\/fr\/wp-json\/wp\/v2\/product_cat?post=16009"},{"taxonomy":"product_tag","embeddable":true,"href":"https:\/\/luxhoron.com\/fr\/wp-json\/wp\/v2\/product_tag?post=16009"}],"curies":[{"name":"wp","href":"https:\/\/api.w.org\/{rel}","templated":true}]}}