{"id":15902,"date":"2025-10-20T18:45:17","date_gmt":"2025-10-20T15:45:17","guid":{"rendered":"https:\/\/luxhoron.com\/product\/cartier-ronde-36-mm-29-5-mm-3\/"},"modified":"2025-12-16T20:20:34","modified_gmt":"2025-12-16T17:20:34","slug":"cartier-ronde-36-mm-29-5-mm-3","status":"publish","type":"product","link":"https:\/\/luxhoron.com\/fr\/product\/cartier-ronde-36-mm-29-5-mm-3\/","title":{"rendered":"Cartier Ronde \u2013 36 mm-29.5 mm."},"content":{"rendered":"<h2>Produktbeschreibung<\/h2>\n<p>Boden &#8211; Frauen-Uhr<\/p>\n<p>&#8211; Stil &#8211; klassische Musik\/Casual<\/p>\n<p><strong>MECHANISMUS<\/strong><\/p>\n<p>Mechanismus &#8211; Schweiz<\/p>\n<p>Ger\u00e4tetyp &#8211; ETA quartz<\/p>\n<p>Funktionen &#8211; Stunden -, Minutenzeiger<\/p>\n<p><strong>ZIFFERNBLATT<\/strong><\/p>\n<p>Farbe Wei\u00df<\/p>\n<p>Glas gew\u00f6lbtes Saphirglas<\/p>\n<p><strong>GEH\u00c4USE<\/strong><\/p>\n<p>&#8211; Material Geh\u00e4use &#8211; Edelstahl 316L mit IPG Beschichtung<\/p>\n<p>Farbe Geh\u00e4use &#8211; Stahl &#8211;<\/p>\n<p>Geh\u00e4useform &#8211; Rund<\/p>\n<p>&#8211; Durchmesser-Geh\u00e4use &#8211; 36 mm &#8211; 29.5 mm.<\/p>\n<p>Material L\u00fcnette Stahl 316L mit IPG Beschichtung<\/p>\n<p>Wasserdicht Bis 5 ATM.<\/p>\n<p><strong>ARMBAND<\/strong><\/p>\n<p>&#8211; Armband &#8211; Lederausstattung<\/p>\n<p>Zip &#8211; Branded ausziehbares Clip<\/p>","protected":false},"excerpt":{"rendered":"<p>Produktbeschreibung Boden &#8211; Frauen-Uhr &#8211; Stil &#8211; klassische Musik\/Casual MECHANISMUS Mechanismus &#8211; Schweiz Ger\u00e4tetyp &#8211; ETA quartz Funktionen &#8211; Stunden -, Minutenzeiger ZIFFERNBLATT Farbe Wei\u00df Glas gew\u00f6lbtes Saphirglas GEH\u00c4USE &#8211; Material Geh\u00e4use &#8211; Edelstahl 316L mit IPG Beschichtung Farbe Geh\u00e4use &#8211; Stahl &#8211; Geh\u00e4useform &#8211; Rund &#8211; Durchmesser-Geh\u00e4use &#8211; 36 mm &#8211; 29.5 mm. Material [&hellip;]<\/p>","protected":false},"featured_media":15903,"template":"","meta":{"_acf_changed":false,"inline_featured_image":false},"product_brand":[],"product_cat":[1872,1068],"product_tag":[],"class_list":{"0":"post-15902","1":"product","2":"type-product","3":"status-publish","4":"has-post-thumbnail","6":"product_cat-cartier","7":"product_cat-uhr","8":"pa_armband-lederausstattung","9":"pa_farbe-weiss","10":"pa_form-des-gehaeuses-runde","11":"pa_funktionen-stundenzeiger-minutenzeiger","12":"pa_gehaeusedurchmesser-36-mm-29-5-mm","13":"pa_gehaeusefarbe-stahl","14":"pa_gehaeusematerial-stahl-316l-mit-ipg-beschichtung","15":"pa_geschlecht-damen-uhr","16":"pa_material-luenette-stahl-316l-mit-ipg-beschichtung","17":"pa_stil-klassische-musik-casual","18":"pa_typ-des-mechanismus-eta-quartz","19":"pa_verschluss-branded-ausziehbares-clip","21":"first","22":"instock","23":"purchasable","24":"product-type-simple"},"acf":[],"_links":{"self":[{"href":"https:\/\/luxhoron.com\/fr\/wp-json\/wp\/v2\/product\/15902","targetHints":{"allow":["GET"]}}],"collection":[{"href":"https:\/\/luxhoron.com\/fr\/wp-json\/wp\/v2\/product"}],"about":[{"href":"https:\/\/luxhoron.com\/fr\/wp-json\/wp\/v2\/types\/product"}],"wp:featuredmedia":[{"embeddable":true,"href":"https:\/\/luxhoron.com\/fr\/wp-json\/wp\/v2\/media\/15903"}],"wp:attachment":[{"href":"https:\/\/luxhoron.com\/fr\/wp-json\/wp\/v2\/media?parent=15902"}],"wp:term":[{"taxonomy":"product_brand","embeddable":true,"href":"https:\/\/luxhoron.com\/fr\/wp-json\/wp\/v2\/product_brand?post=15902"},{"taxonomy":"product_cat","embeddable":true,"href":"https:\/\/luxhoron.com\/fr\/wp-json\/wp\/v2\/product_cat?post=15902"},{"taxonomy":"product_tag","embeddable":true,"href":"https:\/\/luxhoron.com\/fr\/wp-json\/wp\/v2\/product_tag?post=15902"}],"curies":[{"name":"wp","href":"https:\/\/api.w.org\/{rel}","templated":true}]}}