{"id":15875,"date":"2025-10-20T18:45:17","date_gmt":"2025-10-20T15:45:17","guid":{"rendered":"https:\/\/luxhoron.com\/product\/cartier-ballon-bleu-de-cartier-steel-36-mm\/"},"modified":"2025-12-16T20:20:34","modified_gmt":"2025-12-16T17:20:34","slug":"cartier-ballon-bleu-de-cartier-steel-36-mm","status":"publish","type":"product","link":"https:\/\/luxhoron.com\/fr\/product\/cartier-ballon-bleu-de-cartier-steel-36-mm\/","title":{"rendered":"Cartier Ballon Bleu de Cartier Steel 36 mm"},"content":{"rendered":"<h2>Artikelbeschreibung<\/h2>\n<p>Original Preis 5.500 $<\/p>\n<p>Geschlecht &#8211; Frauen-Uhr<\/p>\n<p>&#8211; Stil &#8211; klassische Musik\/Casual<\/p>\n<p><strong><strong data- redactor- tag=\"strong\">MECHANISMUS<\/strong><\/strong><\/p>\n<p>Mechanismus &#8211; Schweiz<\/p>\n<p>Typ des Mechanismus &#8211; Mechanik mit automatischem Aufzug<\/p>\n<p>Kaliber ETA &#8211; cal. 2836<\/p>\n<p>Funktionen &#8211; Stunden -, Minuten -, Sekundenzeiger<\/p>\n<p>Gangreserve von Etwa 42 Stunden<\/p>\n<p><strong><strong data- redactor- tag=\"strong\">ZIFFERNBLATT<\/strong><\/strong><\/p>\n<p>Farbe Wei\u00df<\/p>\n<p>Glas gew\u00f6lbtes Saphirglas<\/p>\n<p><strong><strong data- redactor- tag=\"strong\">GEH\u00c4USE<\/strong><\/strong><\/p>\n<p>&#8211; Material Geh\u00e4use &#8211; Edelstahl 316L mit IPG Beschichtung<\/p>\n<p>Geh\u00e4use-Farbe &#8211; Unter-Rose Gold &#8211;<\/p>\n<p>Geh\u00e4useform &#8211; Rund<\/p>\n<p>&#8211; Durchmesser-Geh\u00e4use &#8211; 36 mm<\/p>\n<p>Material L\u00fcnette &#8211; Zirkonia Steine<\/p>\n<p>Wasserdicht Bis 5 ATM.<\/p>\n<p><strong><strong data- redactor- tag=\"strong\">ARMBAND<\/strong><\/strong><\/p>\n<p>&#8211; Armband &#8211; Lederausstattung<\/p>\n<p>Zip &#8211; Branded ausziehbares Clip<\/p>\n<p><\/p>","protected":false},"excerpt":{"rendered":"<p>Artikelbeschreibung Original Preis 5.500 $ Geschlecht &#8211; Frauen-Uhr &#8211; Stil &#8211; klassische Musik\/Casual MECHANISMUS Mechanismus &#8211; Schweiz Typ des Mechanismus &#8211; Mechanik mit automatischem Aufzug Kaliber ETA &#8211; cal. 2836 Funktionen &#8211; Stunden -, Minuten -, Sekundenzeiger Gangreserve von Etwa 42 Stunden ZIFFERNBLATT Farbe Wei\u00df Glas gew\u00f6lbtes Saphirglas GEH\u00c4USE &#8211; Material Geh\u00e4use &#8211; Edelstahl 316L [&hellip;]<\/p>","protected":false},"featured_media":15876,"template":"","meta":{"_acf_changed":false,"inline_featured_image":false},"product_brand":[],"product_cat":[1872,1921,1068],"product_tag":[],"class_list":{"0":"post-15875","1":"product","2":"type-product","3":"status-publish","4":"has-post-thumbnail","6":"product_cat-cartier","7":"product_cat-cartier-ballon-blue","8":"product_cat-uhr","9":"pa_geschlecht-damen-uhr","10":"pa_kaliber-eta","11":"pa_original-preis-5-500","12":"pa_stil-klassische-musik-casual","13":"pa_typ-des-mechanismus-mechanik-mit-automatischem-aufzug","15":"first","16":"instock","17":"purchasable","18":"product-type-simple"},"acf":[],"_links":{"self":[{"href":"https:\/\/luxhoron.com\/fr\/wp-json\/wp\/v2\/product\/15875","targetHints":{"allow":["GET"]}}],"collection":[{"href":"https:\/\/luxhoron.com\/fr\/wp-json\/wp\/v2\/product"}],"about":[{"href":"https:\/\/luxhoron.com\/fr\/wp-json\/wp\/v2\/types\/product"}],"wp:featuredmedia":[{"embeddable":true,"href":"https:\/\/luxhoron.com\/fr\/wp-json\/wp\/v2\/media\/15876"}],"wp:attachment":[{"href":"https:\/\/luxhoron.com\/fr\/wp-json\/wp\/v2\/media?parent=15875"}],"wp:term":[{"taxonomy":"product_brand","embeddable":true,"href":"https:\/\/luxhoron.com\/fr\/wp-json\/wp\/v2\/product_brand?post=15875"},{"taxonomy":"product_cat","embeddable":true,"href":"https:\/\/luxhoron.com\/fr\/wp-json\/wp\/v2\/product_cat?post=15875"},{"taxonomy":"product_tag","embeddable":true,"href":"https:\/\/luxhoron.com\/fr\/wp-json\/wp\/v2\/product_tag?post=15875"}],"curies":[{"name":"wp","href":"https:\/\/api.w.org\/{rel}","templated":true}]}}