{"id":15860,"date":"2025-10-20T18:45:17","date_gmt":"2025-10-20T15:45:17","guid":{"rendered":"https:\/\/luxhoron.com\/product\/cartier-ballon-blanc-de-cartier-30-mm-4\/"},"modified":"2025-12-16T20:20:34","modified_gmt":"2025-12-16T17:20:34","slug":"cartier-ballon-blanc-de-cartier-30-mm-4","status":"publish","type":"product","link":"https:\/\/luxhoron.com\/fr\/product\/cartier-ballon-blanc-de-cartier-30-mm-4\/","title":{"rendered":"Cartier Ballon Blanc de Cartier, 30 mm"},"content":{"rendered":"<h2>Produktbeschreibung<\/h2>\n<p>Boden &#8211; Frauen-Uhr<br \/>&#8211; Stil &#8211; klassische Musik\/Casual<\/p>\n<p><strong>MECHANISMUS<\/strong><\/p>\n<p>Mechanismus &#8211; Schweiz<br \/>Art von Mechanismus &#8211; Quarzwerk<br \/>Kaliber &#8211; Cartier Cal. 157<br \/>Funktionen &#8211; Stunden -, Minuten -, Sekundenzeiger<br \/>Gangreserve von Etwa 42 Stunden<\/p>\n<p><strong>ZIFFERBLATT<\/strong><\/p>\n<p>Farbe &#8211; Wei\u00df, irisierende<br \/>Glas &#8211; Saphirglas<\/p>\n<p><strong>&#8211; GEH\u00c4USE<\/strong><\/p>\n<p>&#8211; Material Geh\u00e4use &#8211; Edelstahl 316L mit IPG Beschichtung<br \/>Geh\u00e4use-Farbe &#8211; Rose Gold &#8211;<br \/>Geh\u00e4useform &#8211; Rund<br \/>&#8211; Durchmesser Geh\u00e4use &#8211; 30 mm<br \/>Material L\u00fcnette Stahl<br \/>Wasserdicht Bis 5 ATM.<\/p>\n<p><strong>ARMBAND<\/strong><\/p>\n<p>&#8211; Armband &#8211; Leder<br \/>Verschluss &#8211; Branded ausziehbares Clip<\/p>","protected":false},"excerpt":{"rendered":"<p>Produktbeschreibung Boden &#8211; Frauen-Uhr&#8211; Stil &#8211; klassische Musik\/Casual MECHANISMUS Mechanismus &#8211; SchweizArt von Mechanismus &#8211; QuarzwerkKaliber &#8211; Cartier Cal. 157Funktionen &#8211; Stunden -, Minuten -, SekundenzeigerGangreserve von Etwa 42 Stunden ZIFFERBLATT Farbe &#8211; Wei\u00df, irisierendeGlas &#8211; Saphirglas &#8211; GEH\u00c4USE &#8211; Material Geh\u00e4use &#8211; Edelstahl 316L mit IPG BeschichtungGeh\u00e4use-Farbe &#8211; Rose Gold &#8211;Geh\u00e4useform &#8211; Rund&#8211; Durchmesser [&hellip;]<\/p>","protected":false},"featured_media":15861,"template":"","meta":{"_acf_changed":false,"inline_featured_image":false},"product_brand":[],"product_cat":[1872,1908,1068],"product_tag":[],"class_list":{"0":"post-15860","1":"product","2":"type-product","3":"status-publish","4":"has-post-thumbnail","6":"product_cat-cartier","7":"product_cat-cartier-ballon-blanc","8":"product_cat-uhr","9":"pa_armband-leder","10":"pa_farbe-weiss-funkelnde","11":"pa_form-des-gehaeuses-runde","12":"pa_funktionen-stunden-minuten-sekundenzeiger","13":"pa_gangreserve-ungefaehr-42-stunden","14":"pa_gehaeusedurchmesser-30-mm","15":"pa_gehaeusefarbe-rose-gold","16":"pa_gehaeusematerial-stahl-316l-mit-ipg-beschichtung","17":"pa_geschlecht-damen-uhr","18":"pa_kaliber-cartier-cal-157","19":"pa_material-luenette-stahl","20":"pa_stil-klassische-musik-casual","21":"pa_typ-des-mechanismus-quarz-mehanihm","22":"pa_verschluss-branded-ausziehbares-clip","24":"first","25":"instock","26":"purchasable","27":"product-type-simple"},"acf":[],"_links":{"self":[{"href":"https:\/\/luxhoron.com\/fr\/wp-json\/wp\/v2\/product\/15860","targetHints":{"allow":["GET"]}}],"collection":[{"href":"https:\/\/luxhoron.com\/fr\/wp-json\/wp\/v2\/product"}],"about":[{"href":"https:\/\/luxhoron.com\/fr\/wp-json\/wp\/v2\/types\/product"}],"wp:featuredmedia":[{"embeddable":true,"href":"https:\/\/luxhoron.com\/fr\/wp-json\/wp\/v2\/media\/15861"}],"wp:attachment":[{"href":"https:\/\/luxhoron.com\/fr\/wp-json\/wp\/v2\/media?parent=15860"}],"wp:term":[{"taxonomy":"product_brand","embeddable":true,"href":"https:\/\/luxhoron.com\/fr\/wp-json\/wp\/v2\/product_brand?post=15860"},{"taxonomy":"product_cat","embeddable":true,"href":"https:\/\/luxhoron.com\/fr\/wp-json\/wp\/v2\/product_cat?post=15860"},{"taxonomy":"product_tag","embeddable":true,"href":"https:\/\/luxhoron.com\/fr\/wp-json\/wp\/v2\/product_tag?post=15860"}],"curies":[{"name":"wp","href":"https:\/\/api.w.org\/{rel}","templated":true}]}}