{"id":15820,"date":"2025-10-20T18:45:17","date_gmt":"2025-10-20T15:45:17","guid":{"rendered":"https:\/\/luxhoron.com\/product\/cartier-panthere-27-mm-4\/"},"modified":"2025-12-16T20:20:35","modified_gmt":"2025-12-16T17:20:35","slug":"cartier-panthere-27-mm-4","status":"publish","type":"product","link":"https:\/\/luxhoron.com\/fr\/product\/cartier-panthere-27-mm-4\/","title":{"rendered":"Cartier Panthere 27 mm"},"content":{"rendered":"<h2>Produktbeschreibung<\/h2>\n<p>Boden &#8211; Frauen &#8211;<\/p>\n<p>Stil &#8211; klassische Musik\/Casual<\/p>\n<p><strong>MECHANISMUS<\/strong><\/p>\n<p>Mechanismus &#8211; Schweiz<\/p>\n<p>Ger\u00e4tetyp &#8211; ETA quartz<\/p>\n<p>Funktionen &#8211; Stunden -, Minutenzeiger<\/p>\n<p><strong>ZIFFERNBLATT<\/strong><\/p>\n<p>Farbe Wei\u00df<\/p>\n<p>Glas gew\u00f6lbtes Saphirglas<\/p>\n<p><strong>GEH\u00c4USE<\/strong><\/p>\n<p>&#8211; Material Geh\u00e4use &#8211; Edelstahl 316L mit IPG Beschichtung<\/p>\n<p>Farbe Geh\u00e4use &#8211; Stahl &#8211;<\/p>\n<p>Form des Geh\u00e4uses &#8211; Quadratische<\/p>\n<p>Geh\u00e4usedurchmesser &#8211; 27\u044537<\/p>\n<p>Wasserdicht Bis 5 ATM.<\/p>\n<p><strong>ARMBAND<\/strong><\/p>\n<p>&#8211; Armband &#8211; Stahl 316L mit Beschichtung IPG &#8211;<\/p>\n<p>Zip &#8211; Branded ausziehbares Clip<\/p>","protected":false},"excerpt":{"rendered":"<p>Produktbeschreibung Boden &#8211; Frauen &#8211; Stil &#8211; klassische Musik\/Casual MECHANISMUS Mechanismus &#8211; Schweiz Ger\u00e4tetyp &#8211; ETA quartz Funktionen &#8211; Stunden -, Minutenzeiger ZIFFERNBLATT Farbe Wei\u00df Glas gew\u00f6lbtes Saphirglas GEH\u00c4USE &#8211; Material Geh\u00e4use &#8211; Edelstahl 316L mit IPG Beschichtung Farbe Geh\u00e4use &#8211; Stahl &#8211; Form des Geh\u00e4uses &#8211; Quadratische Geh\u00e4usedurchmesser &#8211; 27\u044537 Wasserdicht Bis 5 ATM. [&hellip;]<\/p>","protected":false},"featured_media":15821,"template":"","meta":{"_acf_changed":false,"inline_featured_image":false},"product_brand":[],"product_cat":[1872,1873,1068],"product_tag":[],"class_list":{"0":"post-15820","1":"product","2":"type-product","3":"status-publish","4":"has-post-thumbnail","6":"product_cat-cartier","7":"product_cat-cartier-panthere","8":"product_cat-uhr","9":"pa_armband-stahl-316l-mit-ipg-beschichtung","10":"pa_farbe-weiss","11":"pa_form-des-gehaeuses-quadratische","12":"pa_funktionen-stundenzeiger-minutenzeiger","13":"pa_gehaeusedurchmesser-27h37","14":"pa_gehaeusefarbe-stahl","15":"pa_gehaeusematerial-stahl-316l-mit-ipg-beschichtung","16":"pa_geschlecht-weiblich","17":"pa_stil-klassische-musik-casual","18":"pa_typ-des-mechanismus-eta-quartz","19":"pa_verschluss-branded-ausziehbares-clip","21":"first","22":"instock","23":"purchasable","24":"product-type-simple"},"acf":[],"_links":{"self":[{"href":"https:\/\/luxhoron.com\/fr\/wp-json\/wp\/v2\/product\/15820","targetHints":{"allow":["GET"]}}],"collection":[{"href":"https:\/\/luxhoron.com\/fr\/wp-json\/wp\/v2\/product"}],"about":[{"href":"https:\/\/luxhoron.com\/fr\/wp-json\/wp\/v2\/types\/product"}],"wp:featuredmedia":[{"embeddable":true,"href":"https:\/\/luxhoron.com\/fr\/wp-json\/wp\/v2\/media\/15821"}],"wp:attachment":[{"href":"https:\/\/luxhoron.com\/fr\/wp-json\/wp\/v2\/media?parent=15820"}],"wp:term":[{"taxonomy":"product_brand","embeddable":true,"href":"https:\/\/luxhoron.com\/fr\/wp-json\/wp\/v2\/product_brand?post=15820"},{"taxonomy":"product_cat","embeddable":true,"href":"https:\/\/luxhoron.com\/fr\/wp-json\/wp\/v2\/product_cat?post=15820"},{"taxonomy":"product_tag","embeddable":true,"href":"https:\/\/luxhoron.com\/fr\/wp-json\/wp\/v2\/product_tag?post=15820"}],"curies":[{"name":"wp","href":"https:\/\/api.w.org\/{rel}","templated":true}]}}