{"id":15782,"date":"2025-10-20T18:43:33","date_gmt":"2025-10-20T15:43:33","guid":{"rendered":"https:\/\/luxhoron.com\/product\/cartier-tank-3\/"},"modified":"2025-12-16T20:20:36","modified_gmt":"2025-12-16T17:20:36","slug":"cartier-tank-3","status":"publish","type":"product","link":"https:\/\/luxhoron.com\/fr\/product\/cartier-tank-3\/","title":{"rendered":"Cartier Tank"},"content":{"rendered":"<h2>Produktbeschreibung<\/h2>\n<p>Boden &#8211; Unisex<br \/>Style &#8211; klassisch\/Freizeit<\/p>\n<p><strong>MECHANISMUS<\/strong><\/p>\n<p>Mechanismus &#8211; Schweiz<br \/>Typ des Mechanismus &#8211; Mechanik mit automatischem Aufzug,<br \/>Kaliber &#8211; Klon Cartier 1904 &#8211; PS MC<br \/>&#8211; Funktionen &#8211; Stunden -, Minuten-und Sekundenzeiger<br \/>eine Gangreserve von Etwa 42 Stunden<\/p>\n<p><strong>ZIFFERNBLATT<\/strong><\/p>\n<p>Farbe Wei\u00df<br \/>Glas gew\u00f6lbtes Saphirglas<\/p>\n<p><strong>GEH\u00c4USE<\/strong><\/p>\n<p>&#8211; Material Geh\u00e4use &#8211; Poliert AISI 316L-Stahl<br \/>Geh\u00e4usefarbe Stahl<br \/>Form des Geh\u00e4uses &#8211; Quadratische<br \/>Geh\u00e4usedurchmesser &#8211; 34,3 mm<br \/>Material L\u00fcnette &#8211; Stahl Geschliffen<br \/>Wasserdicht Bis 10 ATM.<\/p>\n<p><strong>ARMBAND<\/strong><\/p>\n<p>&#8211; Armband &#8211; Stahl<br \/>&#8211; Verschluss &#8211; Branded ausziehbares Clip<\/p>","protected":false},"excerpt":{"rendered":"<p>Produktbeschreibung Boden &#8211; UnisexStyle &#8211; klassisch\/Freizeit MECHANISMUS Mechanismus &#8211; SchweizTyp des Mechanismus &#8211; Mechanik mit automatischem Aufzug,Kaliber &#8211; Klon Cartier 1904 &#8211; PS MC&#8211; Funktionen &#8211; Stunden -, Minuten-und Sekundenzeigereine Gangreserve von Etwa 42 Stunden ZIFFERNBLATT Farbe Wei\u00dfGlas gew\u00f6lbtes Saphirglas GEH\u00c4USE &#8211; Material Geh\u00e4use &#8211; Poliert AISI 316L-StahlGeh\u00e4usefarbe StahlForm des Geh\u00e4uses &#8211; QuadratischeGeh\u00e4usedurchmesser &#8211; 34,3 [&hellip;]<\/p>","protected":false},"featured_media":15783,"template":"","meta":{"_acf_changed":false,"inline_featured_image":false},"product_brand":[],"product_cat":[1872,1885,1068],"product_tag":[],"class_list":{"0":"post-15782","1":"product","2":"type-product","3":"status-publish","4":"has-post-thumbnail","6":"product_cat-cartier","7":"product_cat-cartier-tank","8":"product_cat-uhr","9":"pa_farbe-weiss","10":"pa_funktionen-stunden-minuten-und-sekundenzeiger","11":"pa_gangreserve-ungefaehr-42-stunden","12":"pa_geschlecht-unisex","13":"pa_kaliber-klon-cartier-1904-ps-mc","14":"pa_stil-klassische-musik-casual","15":"pa_typ-des-mechanismus-mechanik-mit-automatischem-aufzug","17":"first","18":"instock","19":"purchasable","20":"product-type-simple"},"acf":[],"_links":{"self":[{"href":"https:\/\/luxhoron.com\/fr\/wp-json\/wp\/v2\/product\/15782","targetHints":{"allow":["GET"]}}],"collection":[{"href":"https:\/\/luxhoron.com\/fr\/wp-json\/wp\/v2\/product"}],"about":[{"href":"https:\/\/luxhoron.com\/fr\/wp-json\/wp\/v2\/types\/product"}],"wp:featuredmedia":[{"embeddable":true,"href":"https:\/\/luxhoron.com\/fr\/wp-json\/wp\/v2\/media\/15783"}],"wp:attachment":[{"href":"https:\/\/luxhoron.com\/fr\/wp-json\/wp\/v2\/media?parent=15782"}],"wp:term":[{"taxonomy":"product_brand","embeddable":true,"href":"https:\/\/luxhoron.com\/fr\/wp-json\/wp\/v2\/product_brand?post=15782"},{"taxonomy":"product_cat","embeddable":true,"href":"https:\/\/luxhoron.com\/fr\/wp-json\/wp\/v2\/product_cat?post=15782"},{"taxonomy":"product_tag","embeddable":true,"href":"https:\/\/luxhoron.com\/fr\/wp-json\/wp\/v2\/product_tag?post=15782"}],"curies":[{"name":"wp","href":"https:\/\/api.w.org\/{rel}","templated":true}]}}