{"id":15752,"date":"2025-10-20T18:43:33","date_gmt":"2025-10-20T15:43:33","guid":{"rendered":"https:\/\/luxhoron.com\/product\/cartier-panthere-22-mm\/"},"modified":"2025-12-16T20:20:36","modified_gmt":"2025-12-16T17:20:36","slug":"cartier-panthere-22-mm","status":"publish","type":"product","link":"https:\/\/luxhoron.com\/fr\/product\/cartier-panthere-22-mm\/","title":{"rendered":"Cartier Panthere 22 mm"},"content":{"rendered":"<h2>Produktbeschreibung<\/h2>\n<p>Boden &#8211; Frauen &#8211;<br \/>Stil &#8211; klassische Musik\/Casual<\/p>\n<p><strong>MECHANISMUS<\/strong><\/p>\n<p>Mechanismus &#8211; Schweiz<br \/>Ger\u00e4tetyp &#8211; ETA quartz<br \/>Funktionen &#8211; Stunden -, Minutenzeiger<\/p>\n<p><strong>ZIFFERNBLATT<\/strong><\/p>\n<p>Farbe Wei\u00df<br \/>Glas gew\u00f6lbtes Saphirglas<\/p>\n<p><strong>GEH\u00c4USE<\/strong><\/p>\n<p>&#8211; Material Geh\u00e4use &#8211; Stahl 316L<br \/>Geh\u00e4usefarbe &#8211; Gold &#8211;<br \/>Geh\u00e4useform &#8211; Quadratische<br \/>Geh\u00e4usedurchmesser &#8211; 22\u044530<br \/>Wasserdicht Bis 5 ATM.<\/p>\n<p><strong>ARMBAND<\/strong><\/p>\n<p>&#8211; Armband &#8211; Stahl 316L<br \/>Faltschlie\u00dfe &#8211; Branded ausziehbares Clip<\/p>","protected":false},"excerpt":{"rendered":"<p>Produktbeschreibung Boden &#8211; Frauen &#8211;Stil &#8211; klassische Musik\/Casual MECHANISMUS Mechanismus &#8211; SchweizGer\u00e4tetyp &#8211; ETA quartzFunktionen &#8211; Stunden -, Minutenzeiger ZIFFERNBLATT Farbe Wei\u00dfGlas gew\u00f6lbtes Saphirglas GEH\u00c4USE &#8211; Material Geh\u00e4use &#8211; Stahl 316LGeh\u00e4usefarbe &#8211; Gold &#8211;Geh\u00e4useform &#8211; QuadratischeGeh\u00e4usedurchmesser &#8211; 22\u044530Wasserdicht Bis 5 ATM. ARMBAND &#8211; Armband &#8211; Stahl 316LFaltschlie\u00dfe &#8211; Branded ausziehbares Clip<\/p>","protected":false},"featured_media":15753,"template":"","meta":{"_acf_changed":false,"inline_featured_image":false},"product_brand":[],"product_cat":[1872,1873,1068],"product_tag":[],"class_list":{"0":"post-15752","1":"product","2":"type-product","3":"status-publish","4":"has-post-thumbnail","6":"product_cat-cartier","7":"product_cat-cartier-panthere","8":"product_cat-uhr","9":"pa_farbe-weiss","10":"pa_funktionen-stundenzeiger-minutenzeiger","11":"pa_geschlecht-weiblich","12":"pa_stil-klassische-musik-casual","13":"pa_typ-des-mechanismus-eta-quartz","15":"first","16":"instock","17":"purchasable","18":"product-type-simple"},"acf":[],"_links":{"self":[{"href":"https:\/\/luxhoron.com\/fr\/wp-json\/wp\/v2\/product\/15752","targetHints":{"allow":["GET"]}}],"collection":[{"href":"https:\/\/luxhoron.com\/fr\/wp-json\/wp\/v2\/product"}],"about":[{"href":"https:\/\/luxhoron.com\/fr\/wp-json\/wp\/v2\/types\/product"}],"wp:featuredmedia":[{"embeddable":true,"href":"https:\/\/luxhoron.com\/fr\/wp-json\/wp\/v2\/media\/15753"}],"wp:attachment":[{"href":"https:\/\/luxhoron.com\/fr\/wp-json\/wp\/v2\/media?parent=15752"}],"wp:term":[{"taxonomy":"product_brand","embeddable":true,"href":"https:\/\/luxhoron.com\/fr\/wp-json\/wp\/v2\/product_brand?post=15752"},{"taxonomy":"product_cat","embeddable":true,"href":"https:\/\/luxhoron.com\/fr\/wp-json\/wp\/v2\/product_cat?post=15752"},{"taxonomy":"product_tag","embeddable":true,"href":"https:\/\/luxhoron.com\/fr\/wp-json\/wp\/v2\/product_tag?post=15752"}],"curies":[{"name":"wp","href":"https:\/\/api.w.org\/{rel}","templated":true}]}}