{"id":15608,"date":"2025-10-20T18:38:48","date_gmt":"2025-10-20T15:38:48","guid":{"rendered":"https:\/\/luxhoron.com\/product\/tag-heuer-carrera-calibre-1887-9\/"},"modified":"2025-12-16T20:41:41","modified_gmt":"2025-12-16T17:41:41","slug":"tag-heuer-carrera-calibre-1887-9","status":"publish","type":"product","link":"https:\/\/luxhoron.com\/fr\/product\/tag-heuer-carrera-calibre-1887-9\/","title":{"rendered":"TAG Heuer Carrera Calibre 1887"},"content":{"rendered":"<h2>Produktbeschreibung<\/h2>\n<p>Sammlung &#8211; Carrera Calibre<br \/>Geschlecht &#8211; Herren-Uhr<br \/>&#8211; Stil &#8211; ein Klassiker<\/p>\n<p><strong>&#8211; MECHANISMUS<\/strong><\/p>\n<p>&#8211; Mechanismus &#8211; Schweiz<br \/>Typ des Mechanismus &#8211; Mechanik mit automatischem Aufzug<br \/>Funktionen Stunden-und Minutenzeiger, Sekundenzeiger, Datum, Chronograph<br \/>Gangreserve von Etwa 42 Stunden<\/p>\n<p><strong>ZIFFERBLATT<\/strong><\/p>\n<p>Glas -, Saphir &#8211;<br \/>Indexe &#8211; Zeiger<\/p>\n<p><strong>GEH\u00c4USE<\/strong><\/p>\n<p>Geh\u00e4usematerial Stahl<br \/>Geh\u00e4usefarbe Stahl<br \/>Geh\u00e4useform &#8211; Rund<br \/>Geh\u00e4usedurchmesser &#8211; 43 mm<br \/>Material L\u00fcnette Stahl<br \/>Wasserdicht Bis 10 ATM.<\/p>\n<p><strong>ARMBAND<\/strong><\/p>\n<p>&#8211; Armband &#8211; Stahl &#8211;<br \/>Verschluss &#8211; Branded ausziehbares Clip<\/p>","protected":false},"excerpt":{"rendered":"<p>Produktbeschreibung Sammlung &#8211; Carrera CalibreGeschlecht &#8211; Herren-Uhr&#8211; Stil &#8211; ein Klassiker &#8211; MECHANISMUS &#8211; Mechanismus &#8211; SchweizTyp des Mechanismus &#8211; Mechanik mit automatischem AufzugFunktionen Stunden-und Minutenzeiger, Sekundenzeiger, Datum, ChronographGangreserve von Etwa 42 Stunden ZIFFERBLATT Glas -, Saphir &#8211;Indexe &#8211; Zeiger GEH\u00c4USE Geh\u00e4usematerial StahlGeh\u00e4usefarbe StahlGeh\u00e4useform &#8211; RundGeh\u00e4usedurchmesser &#8211; 43 mmMaterial L\u00fcnette StahlWasserdicht Bis 10 ATM. ARMBAND [&hellip;]<\/p>","protected":false},"featured_media":15609,"template":"","meta":{"_acf_changed":false,"inline_featured_image":false},"product_brand":[],"product_cat":[1806,1068],"product_tag":[],"class_list":{"0":"post-15608","1":"product","2":"type-product","3":"status-publish","4":"has-post-thumbnail","6":"product_cat-tag-heuer","7":"product_cat-uhr","8":"pa_armband-stahl","9":"pa_form-des-gehaeuses-round","10":"pa_funktionen-die-stunden-und-minutenzeiger-sekundenzeiger-datum-chronograph","11":"pa_gangreserve-ungefaehr-42-stunden","12":"pa_gehaeusedurchmesser-43-mm","13":"pa_gehaeusefarbe-stahl","14":"pa_gehaeusematerial-stahl","15":"pa_geschlecht-herren-uhr","16":"pa_material-luenette-stahl","17":"pa_sammlung-carrera-calibre","18":"pa_stil-klassiker","19":"pa_stundenmarker-zeiger","20":"pa_typ-des-mechanismus-mechanik-mit-automatischem-aufzug","21":"pa_verschluss-branded-ausziehbares-clip","23":"first","24":"instock","25":"purchasable","26":"product-type-simple"},"acf":[],"_links":{"self":[{"href":"https:\/\/luxhoron.com\/fr\/wp-json\/wp\/v2\/product\/15608","targetHints":{"allow":["GET"]}}],"collection":[{"href":"https:\/\/luxhoron.com\/fr\/wp-json\/wp\/v2\/product"}],"about":[{"href":"https:\/\/luxhoron.com\/fr\/wp-json\/wp\/v2\/types\/product"}],"wp:featuredmedia":[{"embeddable":true,"href":"https:\/\/luxhoron.com\/fr\/wp-json\/wp\/v2\/media\/15609"}],"wp:attachment":[{"href":"https:\/\/luxhoron.com\/fr\/wp-json\/wp\/v2\/media?parent=15608"}],"wp:term":[{"taxonomy":"product_brand","embeddable":true,"href":"https:\/\/luxhoron.com\/fr\/wp-json\/wp\/v2\/product_brand?post=15608"},{"taxonomy":"product_cat","embeddable":true,"href":"https:\/\/luxhoron.com\/fr\/wp-json\/wp\/v2\/product_cat?post=15608"},{"taxonomy":"product_tag","embeddable":true,"href":"https:\/\/luxhoron.com\/fr\/wp-json\/wp\/v2\/product_tag?post=15608"}],"curies":[{"name":"wp","href":"https:\/\/api.w.org\/{rel}","templated":true}]}}