{"id":15548,"date":"2025-10-20T18:37:21","date_gmt":"2025-10-20T15:37:21","guid":{"rendered":"https:\/\/luxhoron.com\/product\/tag-heuer-4\/"},"modified":"2025-12-16T20:41:43","modified_gmt":"2025-12-16T17:41:43","slug":"tag-heuer-4","status":"publish","type":"product","link":"https:\/\/luxhoron.com\/fr\/product\/tag-heuer-4\/","title":{"rendered":"TAG Heuer"},"content":{"rendered":"<h2>Produktbeschreibung<\/h2>\n<p>Sammlung &#8211; Carrera Calibre 01<br \/>Paul &#8211; Herren Uhr<br \/>Stil &#8211; Klassiker<\/p>\n<p><strong>MECHANISMUS<\/strong><\/p>\n<p>Mechanismus &#8211; Schweiz<br \/>Typ des Mechanismus &#8211; Mechanik mit automatischem Aufzug<br \/>Funktionen Stunden-und Minutenzeiger, Sekundenzeiger, Datum, Chronograph<br \/>Gangreserve von Etwa 42 Stunden<\/p>\n<p><strong>ZIFFERBLATT<\/strong><\/p>\n<p>Glas -, Saphir &#8211;<br \/>Indexe &#8211; Zeiger<\/p>\n<p><strong>GEH\u00c4USE<\/strong><\/p>\n<p>&#8211; Material Geh\u00e4use &#8211; Carbon<br \/>Farbe des Geh\u00e4uses Schwarz<br \/>Form des Geh\u00e4uses &#8211; Rund<br \/>Geh\u00e4usedurchmesser &#8211; 43 mm<br \/>Material L\u00fcnette &#8211; Carbon<br \/>Wasserdicht Bis 10 ATM.<\/p>\n<p><strong>ARMBAND<\/strong><\/p>\n<p>&#8211; Armband &#8211; Gummiband<br \/>&#8211; Verschluss &#8211; Branded ausziehbares Clip<\/p>","protected":false},"excerpt":{"rendered":"<p>Produktbeschreibung Sammlung &#8211; Carrera Calibre 01Paul &#8211; Herren UhrStil &#8211; Klassiker MECHANISMUS Mechanismus &#8211; SchweizTyp des Mechanismus &#8211; Mechanik mit automatischem AufzugFunktionen Stunden-und Minutenzeiger, Sekundenzeiger, Datum, ChronographGangreserve von Etwa 42 Stunden ZIFFERBLATT Glas -, Saphir &#8211;Indexe &#8211; Zeiger GEH\u00c4USE &#8211; Material Geh\u00e4use &#8211; CarbonFarbe des Geh\u00e4uses SchwarzForm des Geh\u00e4uses &#8211; RundGeh\u00e4usedurchmesser &#8211; 43 mmMaterial L\u00fcnette [&hellip;]<\/p>","protected":false},"featured_media":15549,"template":"","meta":{"_acf_changed":false,"inline_featured_image":false},"product_brand":[],"product_cat":[1806,1068],"product_tag":[],"class_list":{"0":"post-15548","1":"product","2":"type-product","3":"status-publish","4":"has-post-thumbnail","6":"product_cat-tag-heuer","7":"product_cat-uhr","8":"pa_armband-rubber","9":"pa_form-des-gehaeuses-round","10":"pa_funktionen-die-stunden-und-minutenzeiger-sekundenzeiger-datum-chronograph","11":"pa_gangreserve-ungefaehr-42-stunden","12":"pa_gehaeusedurchmesser-43-mm","13":"pa_gehaeusefarbe-schwarz","14":"pa_gehaeusematerial-carbon","15":"pa_geschlecht-herren-uhr","16":"pa_material-luenette-carbon","17":"pa_sammlung-carrera-calibre-01","18":"pa_stil-klassiker","19":"pa_stundenmarker-zeiger","20":"pa_typ-des-mechanismus-mechanik-mit-automatischem-aufzug","21":"pa_verschluss-branded-ausziehbares-clip","23":"first","24":"instock","25":"purchasable","26":"product-type-simple"},"acf":[],"_links":{"self":[{"href":"https:\/\/luxhoron.com\/fr\/wp-json\/wp\/v2\/product\/15548","targetHints":{"allow":["GET"]}}],"collection":[{"href":"https:\/\/luxhoron.com\/fr\/wp-json\/wp\/v2\/product"}],"about":[{"href":"https:\/\/luxhoron.com\/fr\/wp-json\/wp\/v2\/types\/product"}],"wp:featuredmedia":[{"embeddable":true,"href":"https:\/\/luxhoron.com\/fr\/wp-json\/wp\/v2\/media\/15549"}],"wp:attachment":[{"href":"https:\/\/luxhoron.com\/fr\/wp-json\/wp\/v2\/media?parent=15548"}],"wp:term":[{"taxonomy":"product_brand","embeddable":true,"href":"https:\/\/luxhoron.com\/fr\/wp-json\/wp\/v2\/product_brand?post=15548"},{"taxonomy":"product_cat","embeddable":true,"href":"https:\/\/luxhoron.com\/fr\/wp-json\/wp\/v2\/product_cat?post=15548"},{"taxonomy":"product_tag","embeddable":true,"href":"https:\/\/luxhoron.com\/fr\/wp-json\/wp\/v2\/product_tag?post=15548"}],"curies":[{"name":"wp","href":"https:\/\/api.w.org\/{rel}","templated":true}]}}