{"id":13371,"date":"2025-10-13T10:30:15","date_gmt":"2025-10-13T07:30:15","guid":{"rendered":"https:\/\/luxhoron.com\/product\/audemars-piguet-royal-oak-offshore-gran-prix-new-44-mm-3\/"},"modified":"2025-12-16T20:13:22","modified_gmt":"2025-12-16T17:13:22","slug":"audemars-piguet-royal-oak-offshore-gran-prix-new-44-mm-3","status":"publish","type":"product","link":"https:\/\/luxhoron.com\/fr\/product\/audemars-piguet-royal-oak-offshore-gran-prix-new-44-mm-3\/","title":{"rendered":"Audemars Piguet Royal Oak Offshore grand Prix de New-44 mm"},"content":{"rendered":"<p>Paul &#8211; Herrenuhr<\/p>\n<p>&#8211; Stil &#8211; klassische Musik\/Casual<\/p>\n<p><strong>MECHANISMUS<\/strong><\/p>\n<p>Mechanismus &#8211; Schweiz<\/p>\n<p>Typ des Mechanismus &#8211; Mechanik mit automatischem Aufzug<\/p>\n<p>Kaliber Klon &#8212; Audemars Piguet cal. 3126<\/p>\n<p>Funktionen &#8211; Stunden-und Minutenzeiger, Sekundenzeiger, Datum, Chronograph<\/p>\n<p>Gangreserve von Etwa 42 Stunden<\/p>\n<p><strong>ZIFFERBLATT<\/strong><\/p>\n<p>Glas &#8211; Saphirglas<\/p>\n<p>Zifferblatt Farbe Schwarz, rot<\/p>\n<p><strong>GEH\u00c4USE<\/strong><\/p>\n<p>Material Geh\u00e4use -Titan, Carbon<\/p>\n<p>Farbe des Geh\u00e4uses Schwarz<\/p>\n<p>Form des Geh\u00e4uses &#8211; Rundes<\/p>\n<p>Geh\u00e4use-Durchmesser &#8211; 44 mm<\/p>\n<p>L\u00fcnette &#8211; Feste<\/p>\n<p>Material L\u00fcnette -Carbon<\/p>\n<p>Wasserdicht Bis 10 ATM.<\/p>\n<p><strong>ARMBAND<\/strong><\/p>\n<p>&#8211; Armband &#8211; Leder<br \/>Verschluss &#8211; Branded ausziehbares Clip<\/p>\n<p> <\/br><\/br><\/br><\/br><\/br><\/br><\/br><\/br><\/br><\/br><\/br><\/br><\/br><\/br><\/br><\/br><\/br><\/br><\/br><\/br><\/br><\/br><\/br><\/br><\/br><\/br><\/br><\/br><\/br><\/br><\/br><\/br><\/br><\/br><\/br><\/br><\/br><\/br><\/br><\/br><\/br><\/br><\/br><\/br><\/br><\/br><\/br><\/br><\/br><\/br><\/br><br \/>Geschlecht &#8211; Herren-Uhr<\/p>\n<p>&#8211; Stil &#8211; klassische Musik\/Casual<\/p>\n<p><strong>MECHANISMUS<\/strong><\/p>\n<p>Mechanismus &#8211; Schweiz<\/p>\n<p>Typ des Mechanismus &#8211; Mechanik mit automatischem Aufzug<\/p>\n<p>Kaliber Klon &#8212; Audemars Piguet cal. 3126<\/p>\n<p>Funktionen &#8211; Stunden-und Minutenzeiger, Sekundenzeiger, Datum, Chronograph<\/p>\n<p>Gangreserve von Etwa 42 Stunden<\/p>\n<p><strong>ZIFFERBLATT<\/strong><\/p>\n<p>Glas &#8211; Saphirglas<\/p>\n<p>Zifferblatt Farbe Schwarz, rot<\/p>\n<p><strong>GEH\u00c4USE<\/strong><\/p>\n<p>Material Geh\u00e4use -Titan, Carbon<\/p>\n<p>Farbe des Geh\u00e4uses Schwarz<\/p>\n<p>Form des Geh\u00e4uses &#8211; Rundes<\/p>\n<p>Geh\u00e4use-Durchmesser &#8211; 44 mm<\/p>\n<p>L\u00fcnette &#8211; Feste<\/p>\n<p>Material L\u00fcnette -Carbon<\/p>\n<p>Wasserdicht Bis 10 ATM.<\/p>\n<p><strong>ARMBAND<\/strong><\/p>\n<p>&#8211; Armband &#8211; Leder<br \/>Verschluss &#8211; Branded ausziehbares Clip<\/p>\n<p> <\/br><\/br><\/br><\/br><\/br><\/br><\/br><\/br><\/br><\/br><\/br><\/br><\/br><\/br><\/br><\/br><\/br><\/br><\/br><\/br><\/br><\/br><\/br><\/br><\/br><\/br><\/br><\/br><\/br><\/br><\/br><\/br><\/br><\/br><\/br><\/br><\/br><\/br><\/br><\/br><\/br><\/br><\/br><\/br><\/br><\/br><\/br><\/br><\/br><\/br><\/br><\/p>","protected":false},"excerpt":{"rendered":"<p>Paul &#8211; Herrenuhr &#8211; Stil &#8211; klassische Musik\/Casual MECHANISMUS Mechanismus &#8211; Schweiz Typ des Mechanismus &#8211; Mechanik mit automatischem Aufzug Kaliber Klon &#8212; Audemars Piguet cal. 3126 Funktionen &#8211; Stunden-und Minutenzeiger, Sekundenzeiger, Datum, Chronograph Gangreserve von Etwa 42 Stunden ZIFFERBLATT Glas &#8211; Saphirglas Zifferblatt Farbe Schwarz, rot GEH\u00c4USE Material Geh\u00e4use -Titan, Carbon Farbe des Geh\u00e4uses [&hellip;]<\/p>","protected":false},"featured_media":13372,"template":"","meta":{"_acf_changed":false,"inline_featured_image":false},"product_brand":[],"product_cat":[1104,1576,1068],"product_tag":[],"class_list":{"0":"post-13371","1":"product","2":"type-product","3":"status-publish","4":"has-post-thumbnail","6":"product_cat-audemars-piguet","7":"product_cat-royal-oak-offshore","8":"product_cat-uhr","9":"pa_stil-klassika-kezhual","11":"first","12":"instock","13":"purchasable","14":"product-type-simple"},"acf":[],"_links":{"self":[{"href":"https:\/\/luxhoron.com\/fr\/wp-json\/wp\/v2\/product\/13371","targetHints":{"allow":["GET"]}}],"collection":[{"href":"https:\/\/luxhoron.com\/fr\/wp-json\/wp\/v2\/product"}],"about":[{"href":"https:\/\/luxhoron.com\/fr\/wp-json\/wp\/v2\/types\/product"}],"wp:featuredmedia":[{"embeddable":true,"href":"https:\/\/luxhoron.com\/fr\/wp-json\/wp\/v2\/media\/13372"}],"wp:attachment":[{"href":"https:\/\/luxhoron.com\/fr\/wp-json\/wp\/v2\/media?parent=13371"}],"wp:term":[{"taxonomy":"product_brand","embeddable":true,"href":"https:\/\/luxhoron.com\/fr\/wp-json\/wp\/v2\/product_brand?post=13371"},{"taxonomy":"product_cat","embeddable":true,"href":"https:\/\/luxhoron.com\/fr\/wp-json\/wp\/v2\/product_cat?post=13371"},{"taxonomy":"product_tag","embeddable":true,"href":"https:\/\/luxhoron.com\/fr\/wp-json\/wp\/v2\/product_tag?post=13371"}],"curies":[{"name":"wp","href":"https:\/\/api.w.org\/{rel}","templated":true}]}}