{"id":13205,"date":"2025-10-13T10:19:50","date_gmt":"2025-10-13T07:19:50","guid":{"rendered":"https:\/\/luxhoron.com\/product\/audemars-piguet-royal-oak-juan-pablo-montoya-45-mm\/"},"modified":"2025-12-16T20:13:24","modified_gmt":"2025-12-16T17:13:24","slug":"audemars-piguet-royal-oak-juan-pablo-montoya-45-mm","status":"publish","type":"product","link":"https:\/\/luxhoron.com\/fr\/product\/audemars-piguet-royal-oak-juan-pablo-montoya-45-mm\/","title":{"rendered":"Audemars Piguet Royal Oak Juan Pablo Montoya 45 mm"},"content":{"rendered":"<p>Paul &#8211; Herrenuhr <\/p>\n<p> &#8211; Stil &#8211; klassische Musik\/Casual <\/p>\n<p> <strong>MECHANISMUS<\/strong> <\/p>\n<p> Mechanismus &#8211; Schweiz <\/p>\n<p> Typ des Mechanismus &#8211; Mechanik mit automatischem Aufzug <\/p>\n<p> Kaliber ETA cal. 7750. <\/p>\n<p> Funktionen &#8211; Stunden-und Minutenzeiger, Sekundenzeiger, Datum, Chronograph <\/p>\n<p> Gangreserve von Etwa 42 Stunden <\/p>\n<p> <strong>ZIFFERBLATT<\/strong> <\/p>\n<p> Glas &#8211; Saphirglas <\/p>\n<p> Zifferblatt Farbe Wei\u00df <\/p>\n<p> <strong>GEH\u00c4USE<\/strong> <\/p>\n<p> &#8211; Material Geh\u00e4use -Titan <\/p>\n<p> Geh\u00e4usefarbe Stahl <\/p>\n<p> Geh\u00e4useform &#8211; Rund <\/p>\n<p> &#8211; Durchmesser des Geh\u00e4uses betr\u00e4gt 45 mm <\/p>\n<p> L\u00fcnette &#8211; Feste <\/p>\n<p> Material L\u00fcnette &#8211; Carbon <\/p>\n<p> Wasserdicht Bis 10 ATM. <\/p>\n<p> <strong>ARMBAND<\/strong> <\/p>\n<p> &#8211; Armband &#8211; Schwarz \u043f\u0440\u043e\u0441\u0442\u0440\u043e\u0447\u0435\u043d\u043d\u044b\u0439 Strap Juan Pablo Montoya <\/p>\n<p> Zip &#8211; Branded ausziehbares Clip <\/p>\n<p> <\/br><\/br><\/br><\/br><\/br><\/br><\/br><\/br><\/br><\/br><\/br><\/br><\/br><\/br><\/br><\/br><\/br><\/br><\/br><\/br><\/br><\/br><\/br><\/br><\/br><\/br><\/br><\/br><\/br><\/br><\/br><\/br><\/br><\/br><\/br><\/br><\/br><\/br><\/br><\/br><\/br><\/br><\/br><\/br><\/br><\/br><\/br><\/br><\/br><\/br><\/br><\/br><br \/>Geschlecht &#8211; Herren-Uhr <\/p>\n<p> &#8211; Stil &#8211; klassische Musik\/Casual <\/p>\n<p> <strong>MECHANISMUS<\/strong> <\/p>\n<p> Mechanismus &#8211; Schweiz <\/p>\n<p> Typ des Mechanismus &#8211; Mechanik mit automatischem Aufzug <\/p>\n<p> Kaliber ETA cal. 7750. <\/p>\n<p> Funktionen &#8211; Stunden-und Minutenzeiger, Sekundenzeiger, Datum, Chronograph <\/p>\n<p> Gangreserve von Etwa 42 Stunden <\/p>\n<p> <strong>ZIFFERBLATT<\/strong> <\/p>\n<p> Glas &#8211; Saphirglas <\/p>\n<p> Zifferblatt Farbe Wei\u00df <\/p>\n<p> <strong>GEH\u00c4USE<\/strong> <\/p>\n<p> &#8211; Material Geh\u00e4use -Titan <\/p>\n<p> Geh\u00e4usefarbe Stahl <\/p>\n<p> Geh\u00e4useform &#8211; Rund <\/p>\n<p> &#8211; Durchmesser des Geh\u00e4uses betr\u00e4gt 45 mm <\/p>\n<p> L\u00fcnette &#8211; Feste <\/p>\n<p> Material L\u00fcnette &#8211; Carbon <\/p>\n<p> Wasserdicht Bis 10 ATM. <\/p>\n<p> <strong>ARMBAND<\/strong> <\/p>\n<p> &#8211; Armband &#8211; Schwarz \u043f\u0440\u043e\u0441\u0442\u0440\u043e\u0447\u0435\u043d\u043d\u044b\u0439 Strap Juan Pablo Montoya <\/p>\n<p> Zip &#8211; Branded ausziehbares Clip <\/p>\n<p> <\/br><\/br><\/br><\/br><\/br><\/br><\/br><\/br><\/br><\/br><\/br><\/br><\/br><\/br><\/br><\/br><\/br><\/br><\/br><\/br><\/br><\/br><\/br><\/br><\/br><\/br><\/br><\/br><\/br><\/br><\/br><\/br><\/br><\/br><\/br><\/br><\/br><\/br><\/br><\/br><\/br><\/br><\/br><\/br><\/br><\/br><\/br><\/br><\/br><\/br><\/br><\/br><\/p>","protected":false},"excerpt":{"rendered":"<p>Paul &#8211; Herrenuhr &#8211; Stil &#8211; klassische Musik\/Casual MECHANISMUS Mechanismus &#8211; Schweiz Typ des Mechanismus &#8211; Mechanik mit automatischem Aufzug Kaliber ETA cal. 7750. Funktionen &#8211; Stunden-und Minutenzeiger, Sekundenzeiger, Datum, Chronograph Gangreserve von Etwa 42 Stunden ZIFFERBLATT Glas &#8211; Saphirglas Zifferblatt Farbe Wei\u00df GEH\u00c4USE &#8211; Material Geh\u00e4use -Titan Geh\u00e4usefarbe Stahl Geh\u00e4useform &#8211; Rund &#8211; Durchmesser [&hellip;]<\/p>","protected":false},"featured_media":13206,"template":"","meta":{"_acf_changed":false,"inline_featured_image":false},"product_brand":[],"product_cat":[1104,1576,1068],"product_tag":[],"class_list":{"0":"post-13205","1":"product","2":"type-product","3":"status-publish","4":"has-post-thumbnail","6":"product_cat-audemars-piguet","7":"product_cat-royal-oak-offshore","8":"product_cat-uhr","9":"pa_stil-klassika-kezhual","11":"first","12":"instock","13":"purchasable","14":"product-type-simple"},"acf":[],"_links":{"self":[{"href":"https:\/\/luxhoron.com\/fr\/wp-json\/wp\/v2\/product\/13205","targetHints":{"allow":["GET"]}}],"collection":[{"href":"https:\/\/luxhoron.com\/fr\/wp-json\/wp\/v2\/product"}],"about":[{"href":"https:\/\/luxhoron.com\/fr\/wp-json\/wp\/v2\/types\/product"}],"wp:featuredmedia":[{"embeddable":true,"href":"https:\/\/luxhoron.com\/fr\/wp-json\/wp\/v2\/media\/13206"}],"wp:attachment":[{"href":"https:\/\/luxhoron.com\/fr\/wp-json\/wp\/v2\/media?parent=13205"}],"wp:term":[{"taxonomy":"product_brand","embeddable":true,"href":"https:\/\/luxhoron.com\/fr\/wp-json\/wp\/v2\/product_brand?post=13205"},{"taxonomy":"product_cat","embeddable":true,"href":"https:\/\/luxhoron.com\/fr\/wp-json\/wp\/v2\/product_cat?post=13205"},{"taxonomy":"product_tag","embeddable":true,"href":"https:\/\/luxhoron.com\/fr\/wp-json\/wp\/v2\/product_tag?post=13205"}],"curies":[{"name":"wp","href":"https:\/\/api.w.org\/{rel}","templated":true}]}}