{"id":12984,"date":"2025-10-13T10:00:38","date_gmt":"2025-10-13T07:00:38","guid":{"rendered":"https:\/\/luxhoron.com\/product\/bvlgari-octo-9\/"},"modified":"2025-12-16T20:19:17","modified_gmt":"2025-12-16T17:19:17","slug":"bvlgari-octo-9","status":"publish","type":"product","link":"https:\/\/luxhoron.com\/fr\/product\/bvlgari-octo-9\/","title":{"rendered":"Bvlgari Octo"},"content":{"rendered":"<p>Sammlung-Octo <\/p>\n<p> Paul -Herrenuhr <\/p>\n<p> Stil &#8211; Klassiker <\/p>\n<p> <strong><strong><\/p>\n<p>MECHANISMUS<\/br><\/br><\/strong><\/strong> <\/p>\n<p> Mechanismus &#8211; Schweiz <\/p>\n<p> Typ des Mechanismus -Mechanik mit automatischem Aufzug <\/p>\n<p> Funktionen Stunden-und Minutenzeiger, Sekundenzeiger <\/p>\n<p> Gangreserve von Etwa 42 Stunden <\/p>\n<p> <strong><strong><\/p>\n<p>ZIFFERBLATT<\/br><\/br><\/strong><\/strong> <\/p>\n<p> Glas &#8211; Saphirglas <\/p>\n<p> Zifferblatt -Glatte <\/p>\n<p> Farbe Zifferblatt Schwarz <\/p>\n<p> Indexe Arabische Ziffern, Zeiger <\/p>\n<p> <strong><strong>GEH\u00c4USE<\/strong><\/strong> <\/p>\n<p> &#8211; Material Geh\u00e4use -Titan <\/p>\n<p> Farbe-Geh\u00e4use &#8211; Titan &#8211; <\/p>\n<p> Form des Geh\u00e4uses &#8211; Quadratische <\/p>\n<p> Geh\u00e4usedurchmesser -40 mm <\/p>\n<p> L\u00fcnette -Feste <\/p>\n<p> Material der L\u00fcnette: Titan <\/p>\n<p> Wasserdicht Bis 10 ATM. <\/p>\n<p> <strong><strong><\/p>\n<p>ARMBAND<\/br><\/br><\/strong><\/strong> <\/p>\n<p> &#8211; Armband &#8211; Titan-Legierung <\/p>\n<p> Verschluss &#8211; Branded ausziehbares Clip <\/p>\n<p> <\/br><\/br><\/br><\/br><\/br><\/br><\/br><\/br><\/br><\/br><\/br><\/br><\/br><\/br><\/br><\/br><\/br><\/br><\/br><\/br><\/br><\/br><\/br><\/br><\/br><\/br><\/br><\/br><\/br><\/br><\/br><\/br><\/br><\/br><\/br><\/br><\/br><\/br><\/br><\/br><\/br><\/br><\/br><\/br><\/br><\/br><\/br><\/br><\/br><\/br><\/br><br \/>Collection-Octo <\/p>\n<p> Paul -Herrenuhr <\/p>\n<p> Stil &#8211; Klassiker <\/p>\n<p> <strong><strong><\/p>\n<p>MECHANISMUS<\/br><\/br><\/strong><\/strong> <\/p>\n<p> Mechanismus &#8211; Schweiz <\/p>\n<p> Typ des Mechanismus -Mechanik mit automatischem Aufzug <\/p>\n<p> Funktionen Stunden-und Minutenzeiger, Sekundenzeiger <\/p>\n<p> Gangreserve von Etwa 42 Stunden <\/p>\n<p> <strong><strong><\/p>\n<p>ZIFFERBLATT<\/br><\/br><\/strong><\/strong> <\/p>\n<p> Glas &#8211; Saphirglas <\/p>\n<p> Zifferblatt -Glatte <\/p>\n<p> Farbe Zifferblatt Schwarz <\/p>\n<p> Indexe Arabische Ziffern, Zeiger <\/p>\n<p> <strong><strong>GEH\u00c4USE<\/strong><\/strong> <\/p>\n<p> &#8211; Material Geh\u00e4use -Titan <\/p>\n<p> Farbe-Geh\u00e4use &#8211; Titan &#8211; <\/p>\n<p> Form des Geh\u00e4uses &#8211; Quadratische <\/p>\n<p> Geh\u00e4usedurchmesser -40 mm <\/p>\n<p> L\u00fcnette -Feste <\/p>\n<p> Material der L\u00fcnette: Titan <\/p>\n<p> Wasserdicht Bis 10 ATM. <\/p>\n<p> <strong><strong><\/p>\n<p>ARMBAND<\/br><\/br><\/strong><\/strong> <\/p>\n<p> &#8211; Armband &#8211; Titan-Legierung <\/p>\n<p> Verschluss &#8211; Branded ausziehbares Clip <\/p>\n<p> <\/br><\/br><\/br><\/br><\/br><\/br><\/br><\/br><\/br><\/br><\/br><\/br><\/br><\/br><\/br><\/br><\/br><\/br><\/br><\/br><\/br><\/br><\/br><\/br><\/br><\/br><\/br><\/br><\/br><\/br><\/br><\/br><\/br><\/br><\/br><\/br><\/br><\/br><\/br><\/br><\/br><\/br><\/br><\/br><\/br><\/br><\/br><\/br><\/br><\/br><\/br><\/p>","protected":false},"excerpt":{"rendered":"<p>Sammlung-Octo Paul -Herrenuhr Stil &#8211; Klassiker MECHANISMUS Mechanismus &#8211; Schweiz Typ des Mechanismus -Mechanik mit automatischem Aufzug Funktionen Stunden-und Minutenzeiger, Sekundenzeiger Gangreserve von Etwa 42 Stunden ZIFFERBLATT Glas &#8211; Saphirglas Zifferblatt -Glatte Farbe Zifferblatt Schwarz Indexe Arabische Ziffern, Zeiger GEH\u00c4USE &#8211; Material Geh\u00e4use -Titan Farbe-Geh\u00e4use &#8211; Titan &#8211; Form des Geh\u00e4uses &#8211; Quadratische Geh\u00e4usedurchmesser -40 [&hellip;]<\/p>","protected":false},"featured_media":12985,"template":"","meta":{"_acf_changed":false,"inline_featured_image":false},"product_brand":[],"product_cat":[1648,1693,1068],"product_tag":[],"class_list":{"0":"post-12984","1":"product","2":"type-product","3":"status-publish","4":"has-post-thumbnail","6":"product_cat-bvlgari","7":"product_cat-octo","8":"product_cat-uhr","9":"pa_stil-klassika","11":"first","12":"instock","13":"purchasable","14":"product-type-simple"},"acf":[],"_links":{"self":[{"href":"https:\/\/luxhoron.com\/fr\/wp-json\/wp\/v2\/product\/12984","targetHints":{"allow":["GET"]}}],"collection":[{"href":"https:\/\/luxhoron.com\/fr\/wp-json\/wp\/v2\/product"}],"about":[{"href":"https:\/\/luxhoron.com\/fr\/wp-json\/wp\/v2\/types\/product"}],"wp:featuredmedia":[{"embeddable":true,"href":"https:\/\/luxhoron.com\/fr\/wp-json\/wp\/v2\/media\/12985"}],"wp:attachment":[{"href":"https:\/\/luxhoron.com\/fr\/wp-json\/wp\/v2\/media?parent=12984"}],"wp:term":[{"taxonomy":"product_brand","embeddable":true,"href":"https:\/\/luxhoron.com\/fr\/wp-json\/wp\/v2\/product_brand?post=12984"},{"taxonomy":"product_cat","embeddable":true,"href":"https:\/\/luxhoron.com\/fr\/wp-json\/wp\/v2\/product_cat?post=12984"},{"taxonomy":"product_tag","embeddable":true,"href":"https:\/\/luxhoron.com\/fr\/wp-json\/wp\/v2\/product_tag?post=12984"}],"curies":[{"name":"wp","href":"https:\/\/api.w.org\/{rel}","templated":true}]}}