{"id":12668,"date":"2025-10-13T09:52:06","date_gmt":"2025-10-13T06:52:06","guid":{"rendered":"https:\/\/luxhoron.com\/product\/rolex-daytona-40-mm-carbon-53-gramm-3\/"},"modified":"2025-12-16T20:15:00","modified_gmt":"2025-12-16T17:15:00","slug":"rolex-daytona-40-mm-carbon-53-gramm-3","status":"publish","type":"product","link":"https:\/\/luxhoron.com\/fr\/product\/rolex-daytona-40-mm-carbon-53-gramm-3\/","title":{"rendered":"Rolex Daytona 40 mm Carbon 53 \u0433\u0440\u0430\u043c\u043c"},"content":{"rendered":"<p><strong>Sammlung &#8211; Daytona<\/strong><br \/>Paul &#8211; Damenuhr\/Herrenuhr<br \/>&#8211; Stil &#8211; klassische Musik\/Casual<\/p>\n<p><strong>MECHANISMUS<\/strong><br \/>Mechanismus &#8211; Schweiz<br \/>Typ des Mechanismus &#8211; Mechanik mit automatischem Aufzug<br \/>Kaliber &#8211; Mechanismus Klon Rolex cal. 4130<br \/>Funktionen &#8211; Stunden-und Minutenzeiger, Sekundenzeiger, Chronograph<br \/>Gangreserve von Etwa 42 Stunden<\/p>\n<p><strong>ZIFFERBLATT<\/strong><br \/>Glas &#8211; Saphirglas<br \/>Zifferblatt &#8211; ein Schlankes<br \/>Zifferblatt Farbe &#8211; Gr\u00fcn<br \/>Indexe -Zeiger<\/p>\n<p><strong>GEH\u00c4USE<\/strong><br \/>&#8211; Material Geh\u00e4use &#8211; Carbon<br \/>Geh\u00e4use-Farbe &#8211; Carbon<br \/>Geh\u00e4useform &#8211; Rund<br \/>&#8211; Durchmesser Geh\u00e4use &#8211; 40 mm<br \/>St\u00e4rke &#8211; 12.3 mm<br \/>Material L\u00fcnette &#8211; Poliert wurde 904L<br \/>Wasserdicht Bis 10 ATM.<\/p>\n<p><strong>ARMBAND<\/strong><br \/>&#8211; Armband &#8211; Gewebe<br \/> &#8211; Rei\u00dfverschluss- Innenfach-Rei\u00dfverschluss<\/br><\/br><\/br><\/br><\/br><\/br><\/br><\/br><\/br><\/br><\/br><\/br><\/br><\/br><\/br><\/br><\/br><\/br><\/br><\/br><\/br><\/br><\/br><\/br><\/br><\/br><\/br><\/br><br \/><strong> &#8211; Sammlung- Daytona<\/strong><br \/>Paul &#8211; Damenuhr\/Herrenuhr<br \/>&#8211; Stil &#8211; klassische Musik\/Casual<\/p>\n<p><strong>MECHANISMUS<\/strong><br \/>Mechanismus &#8211; Schweiz<br \/>Typ des Mechanismus &#8211; Mechanik mit automatischem Aufzug<br \/>Kaliber &#8211; Mechanismus Klon Rolex cal. 4130<br \/>Funktionen &#8211; Stunden-und Minutenzeiger, Sekundenzeiger, Chronograph<br \/>Gangreserve von Etwa 42 Stunden<\/p>\n<p><strong>ZIFFERBLATT<\/strong><br \/>Glas &#8211; Saphirglas<br \/>Zifferblatt &#8211; ein Schlankes<br \/>Zifferblatt Farbe &#8211; Gr\u00fcn<br \/>Indexe -Zeiger<\/p>\n<p><strong>GEH\u00c4USE<\/strong><br \/>&#8211; Material Geh\u00e4use &#8211; Carbon<br \/>Geh\u00e4use-Farbe &#8211; Carbon<br \/>Geh\u00e4useform &#8211; Rund<br \/>&#8211; Durchmesser Geh\u00e4use &#8211; 40 mm<br \/>St\u00e4rke &#8211; 12.3 mm<br \/>Material L\u00fcnette &#8211; Poliert wurde 904L<br \/>Wasserdicht Bis 10 ATM.<\/p>\n<p><strong>ARMBAND<\/strong><br \/>&#8211; Armband &#8211; Gewebe<br \/> &#8211; Rei\u00dfverschluss- Innenfach-Rei\u00dfverschluss<\/br><\/br><\/br><\/br><\/br><\/br><\/br><\/br><\/br><\/br><\/br><\/br><\/br><\/br><\/br><\/br><\/br><\/br><\/br><\/br><\/br><\/br><\/br><\/br><\/br><\/br><\/br><\/br><\/p>","protected":false},"excerpt":{"rendered":"<p>Sammlung &#8211; DaytonaPaul &#8211; Damenuhr\/Herrenuhr&#8211; Stil &#8211; klassische Musik\/Casual MECHANISMUSMechanismus &#8211; SchweizTyp des Mechanismus &#8211; Mechanik mit automatischem AufzugKaliber &#8211; Mechanismus Klon Rolex cal. 4130Funktionen &#8211; Stunden-und Minutenzeiger, Sekundenzeiger, ChronographGangreserve von Etwa 42 Stunden ZIFFERBLATTGlas &#8211; SaphirglasZifferblatt &#8211; ein SchlankesZifferblatt Farbe &#8211; Gr\u00fcnIndexe -Zeiger GEH\u00c4USE&#8211; Material Geh\u00e4use &#8211; CarbonGeh\u00e4use-Farbe &#8211; CarbonGeh\u00e4useform &#8211; Rund&#8211; Durchmesser Geh\u00e4use [&hellip;]<\/p>","protected":false},"featured_media":12669,"template":"","meta":{"_acf_changed":false,"inline_featured_image":false},"product_brand":[],"product_cat":[1320,1080,1068],"product_tag":[],"class_list":{"0":"post-12668","1":"product","2":"type-product","3":"status-publish","4":"has-post-thumbnail","6":"product_cat-daytona","7":"product_cat-rolex","8":"product_cat-uhr","9":"pa_armband-stoff","10":"pa_farbe-des-zifferblatts-gruen","11":"pa_form-des-gehaeuses-round","12":"pa_funktionen-die-stunden-und-minutenzeiger-sekundenzeiger-chronograph","13":"pa_gangreserve-ungefaehr-42-stunden","14":"pa_gehaeusedurchmesser-40-mm","15":"pa_gehaeusefarbe-carbon","16":"pa_gehaeusematerial-carbon","17":"pa_geschlecht-damenuhr-herrenuhr","18":"pa_kaliber-mechanismus-klon-rolex-cal-4130","19":"pa_material-luenette-poliert-wurde-904l","20":"pa_sammlung-daytona","21":"pa_staerke-12-3-mm","22":"pa_stil-klassische-musik-casual","23":"pa_stundenmarker-zeiger","24":"pa_typ-kautschuk","25":"pa_typ-des-mechanismus-mechanik-mit-automatischem-aufzug","26":"pa_verschluss-branded-reissverschluss","27":"pa_zifferblatt-glatt","29":"first","30":"instock","31":"purchasable","32":"product-type-simple"},"acf":[],"_links":{"self":[{"href":"https:\/\/luxhoron.com\/fr\/wp-json\/wp\/v2\/product\/12668","targetHints":{"allow":["GET"]}}],"collection":[{"href":"https:\/\/luxhoron.com\/fr\/wp-json\/wp\/v2\/product"}],"about":[{"href":"https:\/\/luxhoron.com\/fr\/wp-json\/wp\/v2\/types\/product"}],"wp:featuredmedia":[{"embeddable":true,"href":"https:\/\/luxhoron.com\/fr\/wp-json\/wp\/v2\/media\/12669"}],"wp:attachment":[{"href":"https:\/\/luxhoron.com\/fr\/wp-json\/wp\/v2\/media?parent=12668"}],"wp:term":[{"taxonomy":"product_brand","embeddable":true,"href":"https:\/\/luxhoron.com\/fr\/wp-json\/wp\/v2\/product_brand?post=12668"},{"taxonomy":"product_cat","embeddable":true,"href":"https:\/\/luxhoron.com\/fr\/wp-json\/wp\/v2\/product_cat?post=12668"},{"taxonomy":"product_tag","embeddable":true,"href":"https:\/\/luxhoron.com\/fr\/wp-json\/wp\/v2\/product_tag?post=12668"}],"curies":[{"name":"wp","href":"https:\/\/api.w.org\/{rel}","templated":true}]}}