{"id":12624,"date":"2025-10-13T09:50:04","date_gmt":"2025-10-13T06:50:04","guid":{"rendered":"https:\/\/luxhoron.com\/product\/bvlgari-serpenti-15\/"},"modified":"2025-12-16T20:19:19","modified_gmt":"2025-12-16T17:19:19","slug":"bvlgari-serpenti-15","status":"publish","type":"product","link":"https:\/\/luxhoron.com\/fr\/product\/bvlgari-serpenti-15\/","title":{"rendered":"Bvlgari Serpenti"},"content":{"rendered":"<p>Kollektion Serpenti Spiga <\/p>\n<p> Paul Damenuhr <\/p>\n<p> Stil &#8211; Klassiker <\/p>\n<p> <strong><strong><\/p>\n<p>MECHANISMUS<\/br><\/br><\/strong><\/strong> <\/p>\n<p> Mechanismus &#8211; Schweiz <\/p>\n<p> Art des Mechanismus: Quarz <\/p>\n<p> Funktionen -Stunden-und Minutenzeiger <\/p>\n<p> eine Gangreserve von Etwa 42 Stunden <\/p>\n<p> <strong><strong><\/p>\n<p>ZIFFERBLATT<\/br><\/br><\/strong><\/strong> <\/p>\n<p> Glas &#8211; Saphirglas <\/p>\n<p> Zifferblatt -Glatte <\/p>\n<p> Farbe Ziffernblatt -Schwarz <\/p>\n<p> Indexen -R\u00f6mische Ziffern, Zeiger <\/p>\n<p> <strong><strong>GEH\u00c4USE<\/strong><\/strong> <\/p>\n<p> &#8211; Material Geh\u00e4use -Edelstahl 316L, Gl\u00e4nzend Keramik <\/p>\n<p> Geh\u00e4use-Farbe &#8211; Steel <\/p>\n<p> Body shape &#8211; Oval <\/p>\n<p> Geh\u00e4usedurchmesser -35 mm <\/p>\n<p> L\u00fcnette -Feste <\/p>\n<p> Material der L\u00fcnette: Kristalle von SWAROVSKI <\/p>\n<p> Wasserdicht Bis 10 ATM. <\/p>\n<p> <strong><strong><\/p>\n<p>ARMBAND<\/br><\/br><\/strong><\/strong> <\/p>\n<p> &#8211; Armband &#8211; Keramik &#8211;<\/p>\n<p> <\/br><\/br><\/br><\/br><\/br><\/br><\/br><\/br><\/br><\/br><\/br><\/br><\/br><\/br><\/br><\/br><\/br><\/br><\/br><\/br><\/br><\/br><\/br><\/br><\/br><\/br><\/br><\/br><\/br><\/br><\/br><\/br><\/br><\/br><\/br><\/br><\/br><\/br><\/br><\/br><\/br><\/br><\/br><\/br><\/br><\/br><\/br><\/br><br \/>Kollektion Serpenti Spiga <\/p>\n<p> Paul Damenuhr <\/p>\n<p> Stil &#8211; Klassiker <\/p>\n<p> <strong><strong><\/p>\n<p>MECHANISMUS<\/br><\/br><\/strong><\/strong> <\/p>\n<p> Mechanismus &#8211; Schweiz <\/p>\n<p> Art des Mechanismus: Quarz <\/p>\n<p> Funktionen -Stunden-und Minutenzeiger <\/p>\n<p> eine Gangreserve von Etwa 42 Stunden <\/p>\n<p> <strong><strong><\/p>\n<p>ZIFFERBLATT<\/br><\/br><\/strong><\/strong> <\/p>\n<p> Glas &#8211; Saphirglas <\/p>\n<p> Zifferblatt -Glatte <\/p>\n<p> Farbe Ziffernblatt -Schwarz <\/p>\n<p> Indexen -R\u00f6mische Ziffern, Zeiger <\/p>\n<p> <strong><strong>GEH\u00c4USE<\/strong><\/strong> <\/p>\n<p> &#8211; Material Geh\u00e4use -Edelstahl 316L, Gl\u00e4nzend Keramik <\/p>\n<p> Geh\u00e4use-Farbe &#8211; Steel <\/p>\n<p> Body shape &#8211; Oval <\/p>\n<p> Geh\u00e4usedurchmesser -35 mm <\/p>\n<p> L\u00fcnette -Feste <\/p>\n<p> Material der L\u00fcnette: Kristalle von SWAROVSKI <\/p>\n<p> Wasserdicht Bis 10 ATM. <\/p>\n<p> <strong><strong><\/p>\n<p>ARMBAND<\/br><\/br><\/strong><\/strong> <\/p>\n<p> &#8211; Armband &#8211; Keramisch<\/p>\n<p> <\/br><\/br><\/br><\/br><\/br><\/br><\/br><\/br><\/br><\/br><\/br><\/br><\/br><\/br><\/br><\/br><\/br><\/br><\/br><\/br><\/br><\/br><\/br><\/br><\/br><\/br><\/br><\/br><\/br><\/br><\/br><\/br><\/br><\/br><\/br><\/br><\/br><\/br><\/br><\/br><\/br><\/br><\/br><\/br><\/br><\/br><\/br><\/br><\/p>","protected":false},"excerpt":{"rendered":"<p>Kollektion Serpenti Spiga Paul Damenuhr Stil &#8211; Klassiker MECHANISMUS Mechanismus &#8211; Schweiz Art des Mechanismus: Quarz Funktionen -Stunden-und Minutenzeiger eine Gangreserve von Etwa 42 Stunden ZIFFERBLATT Glas &#8211; Saphirglas Zifferblatt -Glatte Farbe Ziffernblatt -Schwarz Indexen -R\u00f6mische Ziffern, Zeiger GEH\u00c4USE &#8211; Material Geh\u00e4use -Edelstahl 316L, Gl\u00e4nzend Keramik Geh\u00e4use-Farbe &#8211; Steel Body shape &#8211; Oval Geh\u00e4usedurchmesser -35 [&hellip;]<\/p>","protected":false},"featured_media":12625,"template":"","meta":{"_acf_changed":false,"inline_featured_image":false},"product_brand":[],"product_cat":[1648,1649,1068],"product_tag":[],"class_list":{"0":"post-12624","1":"product","2":"type-product","3":"status-publish","4":"has-post-thumbnail","6":"product_cat-bvlgari","7":"product_cat-serpenti","8":"product_cat-uhr","9":"pa_armband-keramik","10":"pa_farbe-silber","11":"pa_farbe-des-zifferblatts-schwarz","12":"pa_form-des-gehaeuses-oval","13":"pa_funktionen-die-stunden-und-minutenzeiger","14":"pa_gangreserve-ungefaehr-42-stunden","15":"pa_gehaeusedurchmesser-35-mm","16":"pa_gehaeusefarbe-stahl","17":"pa_gehaeusematerial-polierter-stahl-316l-glaenzende-keramik","18":"pa_geschlecht-damenuhr","19":"pa_material-luenette-swarovski-kristalle","20":"pa_sammlung-serpenti-spiga","21":"pa_stil-klassiker","22":"pa_stundenmarker-roemische-ziffern-zeiger","23":"pa_typ-keramik","24":"pa_typ-des-mechanismus-quarz","25":"pa_zifferblatt-glatt","27":"first","28":"instock","29":"purchasable","30":"product-type-simple"},"acf":[],"_links":{"self":[{"href":"https:\/\/luxhoron.com\/fr\/wp-json\/wp\/v2\/product\/12624","targetHints":{"allow":["GET"]}}],"collection":[{"href":"https:\/\/luxhoron.com\/fr\/wp-json\/wp\/v2\/product"}],"about":[{"href":"https:\/\/luxhoron.com\/fr\/wp-json\/wp\/v2\/types\/product"}],"wp:featuredmedia":[{"embeddable":true,"href":"https:\/\/luxhoron.com\/fr\/wp-json\/wp\/v2\/media\/12625"}],"wp:attachment":[{"href":"https:\/\/luxhoron.com\/fr\/wp-json\/wp\/v2\/media?parent=12624"}],"wp:term":[{"taxonomy":"product_brand","embeddable":true,"href":"https:\/\/luxhoron.com\/fr\/wp-json\/wp\/v2\/product_brand?post=12624"},{"taxonomy":"product_cat","embeddable":true,"href":"https:\/\/luxhoron.com\/fr\/wp-json\/wp\/v2\/product_cat?post=12624"},{"taxonomy":"product_tag","embeddable":true,"href":"https:\/\/luxhoron.com\/fr\/wp-json\/wp\/v2\/product_tag?post=12624"}],"curies":[{"name":"wp","href":"https:\/\/api.w.org\/{rel}","templated":true}]}}