{"id":12616,"date":"2025-10-13T09:50:04","date_gmt":"2025-10-13T06:50:04","guid":{"rendered":"https:\/\/luxhoron.com\/product\/audemars-piguet-royal-oak-offshore-44\/"},"modified":"2025-12-16T20:13:26","modified_gmt":"2025-12-16T17:13:26","slug":"audemars-piguet-royal-oak-offshore-44","status":"publish","type":"product","link":"https:\/\/luxhoron.com\/fr\/product\/audemars-piguet-royal-oak-offshore-44\/","title":{"rendered":"Audemars Piguet Royal Oak Offshore 44"},"content":{"rendered":"<p>Paul &#8211; Herrenuhr<br \/>&#8211; Stil &#8211; klassische Musik\/Casual<\/p>\n<p><strong>MECHANISMUS<\/strong><\/p>\n<p>Mechanismus &#8211; Schweiz<br \/>Typ des Mechanismus &#8211; Mechanik mit automatischem Aufzug<br \/>Kaliber -Klon Audemars Piguet cal. 3126<br \/>Funktionen &#8211; Stunden-und Minutenzeiger, Sekundenzeiger, Datum, Chronograph<br \/>Gangreserve von Etwa 42 Stunden<\/p>\n<p><strong>ZIFFERBLATT<\/strong><\/p>\n<p>Glas &#8211; Saphirglas<br \/>Zifferblatt Farbe &#8211; Gr\u00fcn<\/p>\n<p><strong>GEH\u00c4USE<\/strong><\/p>\n<p>Material Geh\u00e4use -Stahl mit IPG Beschichtung<br \/>Farbe Geh\u00e4use &#8211; Edelstahl<br \/>Geh\u00e4useform &#8211; Rund<br \/>Geh\u00e4usedurchmesser von 44 mm<br \/>L\u00fcnette &#8211; Feste<br \/>Material L\u00fcnette Stahl mit IPG Beschichtung<br \/>Wasserdicht Bis 10 ATM.<\/p>\n<p><strong>ARMBAND<\/strong><\/p>\n<p>&#8211; Armband &#8211; Kautschuk<br \/>Verschluss &#8211; Branded ausziehbares Clip<\/br><\/br><\/br><\/br><\/br><\/br><\/br><\/br><\/br><\/br><\/br><\/br><\/br><\/br><\/br><\/br><\/br><\/br><\/br><\/br><\/br><\/br><\/br><\/br><\/br><\/br><\/br><\/br><\/br><\/br><\/br><\/br><\/br><br \/>Geschlecht &#8211; Herren-Uhr<br \/>&#8211; Stil &#8211; klassische Musik\/Casual<\/p>\n<p><strong>MECHANISMUS<\/strong><\/p>\n<p>Mechanismus &#8211; Schweiz<br \/>Typ des Mechanismus &#8211; Mechanik mit automatischem Aufzug<br \/>Kaliber -Klon Audemars Piguet cal. 3126<br \/>Funktionen &#8211; Stunden-und Minutenzeiger, Sekundenzeiger, Datum, Chronograph<br \/>Gangreserve von Etwa 42 Stunden<\/p>\n<p><strong>ZIFFERBLATT<\/strong><\/p>\n<p>Glas &#8211; Saphirglas<br \/>Zifferblatt Farbe &#8211; Gr\u00fcn<\/p>\n<p><strong>GEH\u00c4USE<\/strong><\/p>\n<p>Material Geh\u00e4use -Stahl mit IPG Beschichtung<br \/>Farbe Geh\u00e4use &#8211; Edelstahl<br \/>Geh\u00e4useform &#8211; Rund<br \/>Geh\u00e4usedurchmesser von 44 mm<br \/>L\u00fcnette &#8211; Feste<br \/>Material L\u00fcnette Stahl mit IPG Beschichtung<br \/>Wasserdicht Bis 10 ATM.<\/p>\n<p><strong>ARMBAND<\/strong><\/p>\n<p>&#8211; Armband &#8211; Kautschuk<br \/>Verschluss &#8211; Branded ausziehbares Clip<\/br><\/br><\/br><\/br><\/br><\/br><\/br><\/br><\/br><\/br><\/br><\/br><\/br><\/br><\/br><\/br><\/br><\/br><\/br><\/br><\/br><\/br><\/br><\/br><\/br><\/br><\/br><\/br><\/br><\/br><\/br><\/br><\/br><\/p>","protected":false},"excerpt":{"rendered":"<p>Paul &#8211; Herrenuhr&#8211; Stil &#8211; klassische Musik\/Casual MECHANISMUS Mechanismus &#8211; SchweizTyp des Mechanismus &#8211; Mechanik mit automatischem AufzugKaliber -Klon Audemars Piguet cal. 3126Funktionen &#8211; Stunden-und Minutenzeiger, Sekundenzeiger, Datum, ChronographGangreserve von Etwa 42 Stunden ZIFFERBLATT Glas &#8211; SaphirglasZifferblatt Farbe &#8211; Gr\u00fcn GEH\u00c4USE Material Geh\u00e4use -Stahl mit IPG BeschichtungFarbe Geh\u00e4use &#8211; EdelstahlGeh\u00e4useform &#8211; RundGeh\u00e4usedurchmesser von 44 mmL\u00fcnette [&hellip;]<\/p>","protected":false},"featured_media":12617,"template":"","meta":{"_acf_changed":false,"inline_featured_image":false},"product_brand":[],"product_cat":[1104,1576,1068],"product_tag":[],"class_list":{"0":"post-12616","1":"product","2":"type-product","3":"status-publish","4":"has-post-thumbnail","6":"product_cat-audemars-piguet","7":"product_cat-royal-oak-offshore","8":"product_cat-uhr","9":"pa_armband-kautschuk","10":"pa_farbe-des-zifferblatts-gruen","11":"pa_form-des-gehaeuses-round","12":"pa_funktionen-die-stunden-und-minutenzeiger-sekundenzeiger-datum-chronograph","13":"pa_gangreserve-ungefaehr-42-stunden","14":"pa_gehaeusedurchmesser-44-mm","15":"pa_gehaeusefarbe-stahl","16":"pa_gehaeusematerial-stahl-mit-ipg-beschichtung","17":"pa_geschlecht-mens-watch-style","18":"pa_kaliber-klon-audemars-piguet-cal-3126","19":"pa_material-luenette-stahl-mit-ipg-beschichtung","20":"pa_stil-klassische-musik-casual","21":"pa_typ-des-mechanismus-mechanik-mit-automatischem-aufzug","22":"pa_verschluss-branded-ausziehbares-clip","24":"first","25":"instock","26":"purchasable","27":"product-type-simple"},"acf":[],"_links":{"self":[{"href":"https:\/\/luxhoron.com\/fr\/wp-json\/wp\/v2\/product\/12616","targetHints":{"allow":["GET"]}}],"collection":[{"href":"https:\/\/luxhoron.com\/fr\/wp-json\/wp\/v2\/product"}],"about":[{"href":"https:\/\/luxhoron.com\/fr\/wp-json\/wp\/v2\/types\/product"}],"wp:featuredmedia":[{"embeddable":true,"href":"https:\/\/luxhoron.com\/fr\/wp-json\/wp\/v2\/media\/12617"}],"wp:attachment":[{"href":"https:\/\/luxhoron.com\/fr\/wp-json\/wp\/v2\/media?parent=12616"}],"wp:term":[{"taxonomy":"product_brand","embeddable":true,"href":"https:\/\/luxhoron.com\/fr\/wp-json\/wp\/v2\/product_brand?post=12616"},{"taxonomy":"product_cat","embeddable":true,"href":"https:\/\/luxhoron.com\/fr\/wp-json\/wp\/v2\/product_cat?post=12616"},{"taxonomy":"product_tag","embeddable":true,"href":"https:\/\/luxhoron.com\/fr\/wp-json\/wp\/v2\/product_tag?post=12616"}],"curies":[{"name":"wp","href":"https:\/\/api.w.org\/{rel}","templated":true}]}}