{"id":12612,"date":"2025-10-13T09:50:04","date_gmt":"2025-10-13T06:50:04","guid":{"rendered":"https:\/\/luxhoron.com\/product\/bvlgari-serpenti-10\/"},"modified":"2025-12-16T20:19:18","modified_gmt":"2025-12-16T17:19:18","slug":"bvlgari-serpenti-10","status":"publish","type":"product","link":"https:\/\/luxhoron.com\/fr\/product\/bvlgari-serpenti-10\/","title":{"rendered":"Bvlgari Serpenti"},"content":{"rendered":"<p>Original Preis 20.000 $<\/p>\n<p>Geschlecht &#8211; Damen-Uhren &#8211;<\/p>\n<p>Style &#8211; klassisch\/Freizeit<\/p>\n<p><strong>MECHANISMUS<\/strong><\/p>\n<p>Mechanismus &#8211; Schweiz<\/p>\n<p>Art des Mechanismus: Quarz<\/p>\n<p>Kaliber ETA<\/p>\n<p>Funktionen &#8211; Stunden-und Minutenzeiger<\/p>\n<p>eine Gangreserve von Etwa 42 Stunden<\/p>\n<p><strong>ZIFFERBLATT<\/strong><\/p>\n<p>Glas Saphirglas<\/p>\n<p><strong>GEH\u00c4USE<\/strong><\/p>\n<p>&#8211; Material Geh\u00e4use &#8211; Stahl 316L + Keramik<\/p>\n<p>Farbe Geh\u00e4use &#8211; Stahl &#8211;<\/p>\n<p>Body shape &#8211; Oval<\/p>\n<p>Durchmesser Geh\u00e4use &#8211; 35 mm<\/p>\n<p>Material L\u00fcnette &#8211; Stahl Geschliffen<\/p>\n<p>Wasserdicht Bis 5 ATM.<\/p>\n<p><strong>ARMBAND<\/strong><\/p>\n<p>&#8211; Armband &#8211; Stahl, Keramik &#8211;<\/p>\n<p>Zip &#8211; Branded ausziehbares Clip<\/br><\/br><\/br><\/br><\/br><\/br><\/br><\/br><\/br><\/br><\/br><\/br><\/br><\/br><\/br><\/br><\/br><\/br><\/br><\/br><\/br><\/br><\/br><\/br><\/br><\/br><\/br><\/br><\/br><\/br><\/br><\/br><\/br><\/br><\/br><\/br><\/br><\/br><\/br><\/br><\/br><\/br><\/br><\/br><br \/>Original Preis 20.000 $<\/p>\n<p>Geschlecht &#8211; Damen-Uhren &#8211;<\/p>\n<p>Style &#8211; klassisch\/Freizeit<\/p>\n<p><strong>MECHANISMUS<\/strong><\/p>\n<p>Mechanismus &#8211; Schweiz<\/p>\n<p>Art des Mechanismus: Quarz<\/p>\n<p>Kaliber ETA<\/p>\n<p>Funktionen &#8211; Stunden-und Minutenzeiger<\/p>\n<p>eine Gangreserve von Etwa 42 Stunden<\/p>\n<p><strong>ZIFFERBLATT<\/strong><\/p>\n<p>Glas Saphirglas<\/p>\n<p><strong>GEH\u00c4USE<\/strong><\/p>\n<p>&#8211; Material Geh\u00e4use &#8211; Stahl 316L + Keramik<\/p>\n<p>Farbe Geh\u00e4use &#8211; Stahl &#8211;<\/p>\n<p>Body shape &#8211; Oval<\/p>\n<p>Durchmesser Geh\u00e4use &#8211; 35 mm<\/p>\n<p>Material L\u00fcnette &#8211; Stahl Geschliffen<\/p>\n<p>Wasserdicht Bis 5 ATM.<\/p>\n<p><strong>ARMBAND<\/strong><\/p>\n<p>&#8211; Armband &#8211; Stahl -, Keramik &#8211;<\/p>\n<p>Zip &#8211; Branded ausziehbares Clip<\/br><\/br><\/br><\/br><\/br><\/br><\/br><\/br><\/br><\/br><\/br><\/br><\/br><\/br><\/br><\/br><\/br><\/br><\/br><\/br><\/br><\/br><\/br><\/br><\/br><\/br><\/br><\/br><\/br><\/br><\/br><\/br><\/br><\/br><\/br><\/br><\/br><\/br><\/br><\/br><\/br><\/br><\/br><\/br><\/p>","protected":false},"excerpt":{"rendered":"<p>Original Preis 20.000 $ Geschlecht &#8211; Damen-Uhren &#8211; Style &#8211; klassisch\/Freizeit MECHANISMUS Mechanismus &#8211; Schweiz Art des Mechanismus: Quarz Kaliber ETA Funktionen &#8211; Stunden-und Minutenzeiger eine Gangreserve von Etwa 42 Stunden ZIFFERBLATT Glas Saphirglas GEH\u00c4USE &#8211; Material Geh\u00e4use &#8211; Stahl 316L + Keramik Farbe Geh\u00e4use &#8211; Stahl &#8211; Body shape &#8211; Oval Durchmesser Geh\u00e4use &#8211; [&hellip;]<\/p>","protected":false},"featured_media":12613,"template":"","meta":{"_acf_changed":false,"inline_featured_image":false},"product_brand":[],"product_cat":[1648,1649,1068],"product_tag":[],"class_list":{"0":"post-12612","1":"product","2":"type-product","3":"status-publish","4":"has-post-thumbnail","6":"product_cat-bvlgari","7":"product_cat-serpenti","8":"product_cat-uhr","9":"pa_armband-stahl-keramik","10":"pa_form-des-gehaeuses-oval","11":"pa_funktionen-die-stunden-und-minutenzeiger","12":"pa_gangreserve-ungefaehr-42-stunden","13":"pa_gehaeusedurchmesser-35-mm","14":"pa_gehaeusefarbe-stahl","15":"pa_gehaeusematerial-stahl-316l-keramik","16":"pa_geschlecht-damenuhr","17":"pa_kaliber-eta","18":"pa_material-luenette-aus-gebuerstetem-stahl","19":"pa_stil-klassische-musik-casual","20":"pa_typ-des-mechanismus-quarz","21":"pa_verschluss-branded-ausziehbares-clip","23":"first","24":"instock","25":"purchasable","26":"product-type-simple"},"acf":[],"_links":{"self":[{"href":"https:\/\/luxhoron.com\/fr\/wp-json\/wp\/v2\/product\/12612","targetHints":{"allow":["GET"]}}],"collection":[{"href":"https:\/\/luxhoron.com\/fr\/wp-json\/wp\/v2\/product"}],"about":[{"href":"https:\/\/luxhoron.com\/fr\/wp-json\/wp\/v2\/types\/product"}],"wp:featuredmedia":[{"embeddable":true,"href":"https:\/\/luxhoron.com\/fr\/wp-json\/wp\/v2\/media\/12613"}],"wp:attachment":[{"href":"https:\/\/luxhoron.com\/fr\/wp-json\/wp\/v2\/media?parent=12612"}],"wp:term":[{"taxonomy":"product_brand","embeddable":true,"href":"https:\/\/luxhoron.com\/fr\/wp-json\/wp\/v2\/product_brand?post=12612"},{"taxonomy":"product_cat","embeddable":true,"href":"https:\/\/luxhoron.com\/fr\/wp-json\/wp\/v2\/product_cat?post=12612"},{"taxonomy":"product_tag","embeddable":true,"href":"https:\/\/luxhoron.com\/fr\/wp-json\/wp\/v2\/product_tag?post=12612"}],"curies":[{"name":"wp","href":"https:\/\/api.w.org\/{rel}","templated":true}]}}