{"id":12579,"date":"2025-10-13T09:48:23","date_gmt":"2025-10-13T06:48:23","guid":{"rendered":"https:\/\/luxhoron.com\/product\/omega-constellation-41-mm-2\/"},"modified":"2025-12-16T20:26:17","modified_gmt":"2025-12-16T17:26:17","slug":"omega-constellation-41-mm-2","status":"publish","type":"product","link":"https:\/\/luxhoron.com\/fr\/product\/omega-constellation-41-mm-2\/","title":{"rendered":"Omega Constellation 41 mm"},"content":{"rendered":"<p>Sammlung &#8211; Constellation<br \/>Paul &#8211; Herrenuhr<br \/>Stil &#8211; Klassiker<\/p>\n<p><strong>MECHANISMUS<\/strong><\/p>\n<p>Mechanismus &#8211; Schweiz<br \/>Typ des Mechanismus &#8211; Mechanik mit automatischem Aufzug<br \/>Kaliber Mechanismus &#8211; Omega Master Chronometer 8900<br \/>Funktionen &#8211; Stunden-und Minutenzeiger<br \/>eine Gangreserve von Etwa 42 Stunden<\/p>\n<p><strong>ZIFFERBLATT<\/strong><\/p>\n<p>Glas &#8211; Saphirglas<br \/>Zifferblatt &#8211; ein Schlankes<br \/>Zifferblatt Farbe &#8211; Grau<br \/>Indexe -Zeiger<\/p>\n<p><strong>GEH\u00c4USE<\/strong><\/p>\n<p>&#8211; Material Geh\u00e4use &#8211; Edelstahl 316L, IPG<br \/>Farbe Geh\u00e4use &#8211; Edelstahl<br \/>Geh\u00e4useform &#8211; Rund<br \/>Geh\u00e4usedurchmesser &#8211; 41 mm<br \/>Material L\u00fcnette &#8211; Keramik<\/p>\n<p><strong>&#8211; ARMBAND<\/strong><\/p>\n<p>&#8211; Armband &#8211; Leder<br \/>Verschluss &#8211; Branded ausziehbares Clip<\/br><\/br><\/br><\/br><\/br><\/br><\/br><\/br><\/br><\/br><\/br><\/br><\/br><\/br><\/br><\/br><\/br><\/br><\/br><\/br><\/br><\/br><\/br><\/br><\/br><\/br><\/br><\/br><\/br><\/br><\/br><\/br><\/br><\/br><br \/> &#8211; Sammlung- Constellation<br \/>Paul &#8211; Herrenuhr<br \/>Stil &#8211; Klassiker<\/p>\n<p><strong>MECHANISMUS<\/strong><\/p>\n<p>Mechanismus &#8211; Schweiz<br \/>Typ des Mechanismus &#8211; Mechanik mit automatischem Aufzug<br \/>Kaliber Mechanismus &#8211; Omega Master Chronometer 8900<br \/>Funktionen &#8211; Stunden-und Minutenzeiger<br \/>eine Gangreserve von Etwa 42 Stunden<\/p>\n<p><strong>ZIFFERBLATT<\/strong><\/p>\n<p>Glas &#8211; Saphirglas<br \/>Zifferblatt &#8211; Glatte<br \/>Farbe des Zifferblattes &#8211; Graue<br \/>Indexe -Zeiger<\/p>\n<p><strong>GEH\u00c4USE<\/strong><\/p>\n<p>&#8211; Material Geh\u00e4use &#8211; Edelstahl 316L, IPG<br \/>Farbe Geh\u00e4use &#8211; Edelstahl<br \/>Geh\u00e4useform &#8211; Rund<br \/>Geh\u00e4usedurchmesser &#8211; 41 mm<br \/>Material L\u00fcnette &#8211; Keramik<\/p>\n<p><strong>&#8211; ARMBAND<\/strong><\/p>\n<p>&#8211; Armband &#8211; Leder<br \/>Verschluss &#8211; Branded ausziehbares Clip<\/br><\/br><\/br><\/br><\/br><\/br><\/br><\/br><\/br><\/br><\/br><\/br><\/br><\/br><\/br><\/br><\/br><\/br><\/br><\/br><\/br><\/br><\/br><\/br><\/br><\/br><\/br><\/br><\/br><\/br><\/br><\/br><\/br><\/br><\/p>","protected":false},"excerpt":{"rendered":"<p>Sammlung &#8211; ConstellationPaul &#8211; HerrenuhrStil &#8211; Klassiker MECHANISMUS Mechanismus &#8211; SchweizTyp des Mechanismus &#8211; Mechanik mit automatischem AufzugKaliber Mechanismus &#8211; Omega Master Chronometer 8900Funktionen &#8211; Stunden-und Minutenzeigereine Gangreserve von Etwa 42 Stunden ZIFFERBLATT Glas &#8211; SaphirglasZifferblatt &#8211; ein SchlankesZifferblatt Farbe &#8211; GrauIndexe -Zeiger GEH\u00c4USE &#8211; Material Geh\u00e4use &#8211; Edelstahl 316L, IPGFarbe Geh\u00e4use &#8211; EdelstahlGeh\u00e4useform &#8211; [&hellip;]<\/p>","protected":false},"featured_media":12580,"template":"","meta":{"_acf_changed":false,"inline_featured_image":false},"product_brand":[],"product_cat":[1070,1069,1068],"product_tag":[],"class_list":{"0":"post-12579","1":"product","2":"type-product","3":"status-publish","4":"has-post-thumbnail","6":"product_cat-constellation","7":"product_cat-omega","8":"product_cat-uhr","9":"pa_armband-leder","10":"pa_farbe-des-zifferblatts-grau","11":"pa_form-des-gehaeuses-round","12":"pa_funktionen-die-stunden-und-minutenzeiger","13":"pa_gangreserve-ungefaehr-42-stunden","14":"pa_gehaeusedurchmesser-41-mm","15":"pa_gehaeusefarbe-stahl","16":"pa_gehaeusematerial-polierter-stahl-316l-ipg","17":"pa_geschlecht-herrenuhr","18":"pa_kaliber-mechanismus-omega-master-chronometer-8900","19":"pa_material-luenette-keramik","20":"pa_sammlung-constellation-paul","21":"pa_stil-klassiker","22":"pa_stundenmarker-zeiger","23":"pa_typ-des-mechanismus-mechanik-mit-automatischem-aufzug","24":"pa_verschluss-branded-ausziehbares-clip","25":"pa_zifferblatt-glatt","27":"first","28":"instock","29":"purchasable","30":"product-type-simple"},"acf":[],"_links":{"self":[{"href":"https:\/\/luxhoron.com\/fr\/wp-json\/wp\/v2\/product\/12579","targetHints":{"allow":["GET"]}}],"collection":[{"href":"https:\/\/luxhoron.com\/fr\/wp-json\/wp\/v2\/product"}],"about":[{"href":"https:\/\/luxhoron.com\/fr\/wp-json\/wp\/v2\/types\/product"}],"wp:featuredmedia":[{"embeddable":true,"href":"https:\/\/luxhoron.com\/fr\/wp-json\/wp\/v2\/media\/12580"}],"wp:attachment":[{"href":"https:\/\/luxhoron.com\/fr\/wp-json\/wp\/v2\/media?parent=12579"}],"wp:term":[{"taxonomy":"product_brand","embeddable":true,"href":"https:\/\/luxhoron.com\/fr\/wp-json\/wp\/v2\/product_brand?post=12579"},{"taxonomy":"product_cat","embeddable":true,"href":"https:\/\/luxhoron.com\/fr\/wp-json\/wp\/v2\/product_cat?post=12579"},{"taxonomy":"product_tag","embeddable":true,"href":"https:\/\/luxhoron.com\/fr\/wp-json\/wp\/v2\/product_tag?post=12579"}],"curies":[{"name":"wp","href":"https:\/\/api.w.org\/{rel}","templated":true}]}}