{"id":12565,"date":"2025-10-13T09:48:23","date_gmt":"2025-10-13T06:48:23","guid":{"rendered":"https:\/\/luxhoron.com\/product\/patek-philippe-grand-complications-2\/"},"modified":"2025-12-16T20:14:08","modified_gmt":"2025-12-16T17:14:08","slug":"patek-philippe-grand-complications-2","status":"publish","type":"product","link":"https:\/\/luxhoron.com\/fr\/product\/patek-philippe-grand-complications-2\/","title":{"rendered":"Patek Philippe Grand Complications"},"content":{"rendered":"<p>Sammlung-Complicated Watches<br \/>Boden -Herrenuhr<br \/>Stil &#8211; Klassiker<\/p>\n<p><strong>MECHANISMUS<\/strong><\/p>\n<p>Mechanismus &#8211; Schweiz<br \/>Typ des Mechanismus -Mechanik mit automatischem Aufzug<br \/>Kaliber Mechanismus-Klon Patek Philippe 5270J-001<br \/>&#8211; Funktionen -Stunden-und Minutenzeiger, Der Sekundenzeiger<br \/>eine Gangreserve von Etwa 42 Stunden<\/p>\n<p><strong>ZIFFERBLATT<\/strong><\/p>\n<p>Glas &#8211; Saphirglas<br \/>Zifferblatt -ein Schlankes<br \/>Zifferblatt Farbe -Milchig<br \/>Indexen -Arabische <\/p>\n<p><strong>GEH\u00c4USE<\/strong><\/p>\n<p>&#8211; Material Geh\u00e4use -Edelstahl 316L<br \/>Geh\u00e4use-Farbe -Stahl<br \/>Geh\u00e4useform &#8211; Rund<br \/>Geh\u00e4usedurchmesser -40 mm<br \/>L\u00fcnette -Feste<br \/>Material L\u00fcnette -Stahl Geschliffen<br \/>Wasserdicht Bis 10 ATM.<\/p>\n<p><strong>ARMBAND<\/strong><\/p>\n<p>&#8211; Armband &#8211; Leder<br \/>Verschluss &#8211; der Klassische Verschluss<\/br><\/br><\/br><\/br><\/br><\/br><\/br><\/br><\/br><\/br><\/br><\/br><\/br><\/br><\/br><\/br><\/br><\/br><\/br><\/br><\/br><\/br><\/br><\/br><\/br><\/br><\/br><\/br><\/br><\/br><\/br><\/br><br \/> -Sammlung-Complicated Watches<br \/>Boden -Herrenuhr<br \/>Stil &#8211; Klassiker<\/p>\n<p><strong>MECHANISMUS<\/strong><\/p>\n<p>Mechanismus &#8211; Schweiz<br \/>Typ des Mechanismus -Mechanik mit automatischem Aufzug<br \/>Kaliber Mechanismus-Klon Patek Philippe 5270J-001<br \/>&#8211; Funktionen -Stunden-und Minutenzeiger, Der Sekundenzeiger<br \/>eine Gangreserve von Etwa 42 Stunden<\/p>\n<p><strong>ZIFFERBLATT<\/strong><\/p>\n<p>Glas &#8211; Saphirglas<br \/>Zifferblatt -ein Schlankes<br \/>Zifferblatt Farbe -Milchig<br \/>Indexen -Arabische <\/p>\n<p><strong>GEH\u00c4USE<\/strong><\/p>\n<p>&#8211; Material Geh\u00e4use -Edelstahl 316L<br \/>Geh\u00e4use-Farbe -Stahl<br \/>Geh\u00e4useform &#8211; Rund<br \/>Geh\u00e4usedurchmesser -40 mm<br \/>L\u00fcnette -Feste<br \/>Material L\u00fcnette -Stahl Geschliffen<br \/>Wasserdicht Bis 10 ATM.<\/p>\n<p><strong>ARMBAND<\/strong><\/p>\n<p>&#8211; Armband &#8211; Leder<br \/>Verschluss &#8211; der Klassische Verschluss<\/br><\/br><\/br><\/br><\/br><\/br><\/br><\/br><\/br><\/br><\/br><\/br><\/br><\/br><\/br><\/br><\/br><\/br><\/br><\/br><\/br><\/br><\/br><\/br><\/br><\/br><\/br><\/br><\/br><\/br><\/br><\/br><\/p>","protected":false},"excerpt":{"rendered":"<p>Sammlung-Complicated WatchesBoden -HerrenuhrStil &#8211; Klassiker MECHANISMUS Mechanismus &#8211; SchweizTyp des Mechanismus -Mechanik mit automatischem AufzugKaliber Mechanismus-Klon Patek Philippe 5270J-001&#8211; Funktionen -Stunden-und Minutenzeiger, Der Sekundenzeigereine Gangreserve von Etwa 42 Stunden ZIFFERBLATT Glas &#8211; SaphirglasZifferblatt -ein SchlankesZifferblatt Farbe -MilchigIndexen -Arabische GEH\u00c4USE &#8211; Material Geh\u00e4use -Edelstahl 316LGeh\u00e4use-Farbe -StahlGeh\u00e4useform &#8211; RundGeh\u00e4usedurchmesser -40 mmL\u00fcnette -FesteMaterial L\u00fcnette -Stahl GeschliffenWasserdicht Bis 10 [&hellip;]<\/p>","protected":false},"featured_media":12566,"template":"","meta":{"_acf_changed":false,"inline_featured_image":false},"product_brand":[],"product_cat":[1633,1158,1068],"product_tag":[],"class_list":{"0":"post-12565","1":"product","2":"type-product","3":"status-publish","4":"has-post-thumbnail","6":"product_cat-grand-complications","7":"product_cat-patek-philippe","8":"product_cat-uhr","9":"pa_armband-leder","10":"pa_farbe-des-zifferblatts-milch","11":"pa_form-des-gehaeuses-round","12":"pa_funktionen-die-stunden-und-minutenzeiger-sekundenzeiger","13":"pa_gangreserve-ungefaehr-42-stunden","14":"pa_gehaeusedurchmesser-40-mm","15":"pa_gehaeusefarbe-stahl","16":"pa_gehaeusematerial-polierter-stahl-316l","17":"pa_geschlecht-herrenuhr","18":"pa_kaliber-mechanismus-klon-patek-philippe-5270j-001","19":"pa_material-luenette-aus-gebuerstetem-stahl","20":"pa_sammlung-complicated-watches","21":"pa_stil-klassiker","22":"pa_stundenmarker-arabische","23":"pa_typ-des-mechanismus-mechanik-mit-automatischem-aufzug","24":"pa_verschluss-der-klassische-verschluss","25":"pa_zifferblatt-glatt","27":"first","28":"instock","29":"purchasable","30":"product-type-simple"},"acf":[],"_links":{"self":[{"href":"https:\/\/luxhoron.com\/fr\/wp-json\/wp\/v2\/product\/12565","targetHints":{"allow":["GET"]}}],"collection":[{"href":"https:\/\/luxhoron.com\/fr\/wp-json\/wp\/v2\/product"}],"about":[{"href":"https:\/\/luxhoron.com\/fr\/wp-json\/wp\/v2\/types\/product"}],"wp:featuredmedia":[{"embeddable":true,"href":"https:\/\/luxhoron.com\/fr\/wp-json\/wp\/v2\/media\/12566"}],"wp:attachment":[{"href":"https:\/\/luxhoron.com\/fr\/wp-json\/wp\/v2\/media?parent=12565"}],"wp:term":[{"taxonomy":"product_brand","embeddable":true,"href":"https:\/\/luxhoron.com\/fr\/wp-json\/wp\/v2\/product_brand?post=12565"},{"taxonomy":"product_cat","embeddable":true,"href":"https:\/\/luxhoron.com\/fr\/wp-json\/wp\/v2\/product_cat?post=12565"},{"taxonomy":"product_tag","embeddable":true,"href":"https:\/\/luxhoron.com\/fr\/wp-json\/wp\/v2\/product_tag?post=12565"}],"curies":[{"name":"wp","href":"https:\/\/api.w.org\/{rel}","templated":true}]}}